{"id":10257,"date":"2018-09-10T13:00:21","date_gmt":"2018-09-10T11:00:21","guid":{"rendered":"https:\/\/alternativer-wohngipfel.de\/2018\/?page_id=10257"},"modified":"2020-01-06T12:51:27","modified_gmt":"2020-01-06T11:51:27","slug":"presseservice","status":"publish","type":"page","link":"http:\/\/alternativer-wohngipfel.de\/2018\/presseservice\/","title":{"rendered":"Presseservice"},"content":{"rendered":"<h2>Kontakt zum Presseteam<\/h2>\n<p><strong>Sie erreichen das Presseteam \u00fcber die E-Mail-Adresse: <a href=\"mailto:&#112;&#114;&#101;&#115;&#115;e&#64;&#97;lt&#101;&#114;&#110;&#97;&#116;iver&#45;wohngi&#112;&#102;&#101;l&#46;de\">press&#101;&#64;&#97;lter&#110;a&#116;i&#118;&#101;&#114;&#45;&#119;ohng&#105;pfel.de<\/a><\/strong><\/p>\n<p>Die Pressearbeit f\u00fcr das B\u00fcndnisprojekt wird von einer tempor\u00e4r gebildeten Arbeitsgemeinschaft von den <a href=\"http:\/\/alternativer-wohngipfel.de\/2018\/aufruf\/liste-der-einladenden\/\">einladenden Gruppen<\/a> gebildet. (Sollten andere \u2013 insbesondere Einzelaktivist*innen \u2013 f\u00fcr das B\u00fcndnis sprechen, haben diese kein Mandat des Zusammenschlusses.)<\/p>\n<h2>Pressemitteilungen<\/h2>\n<ul>\n<li><a href=\"http:\/\/alternativer-wohngipfel.de\/2018\/2018\/09\/19\/pm3-bezahlbarer-wohnraum-fuer-alle-statt-rendite-fuer-wenige-alternativer-wohngipfel-am-20-und-21-september-in-berlin\/\">PM#3: (19.9.) Bezahlbarer Wohnraum f\u00fcr alle \u2013 statt Rendite f\u00fcr wenige, Alternativer Wohngipfel am 20. und 21. September in Berlin\u00a0<\/a><\/li>\n<li><a href=\"http:\/\/alternativer-wohngipfel.de\/2018\/2018\/09\/14\/pm-2-ausrichter-des-alternativen-wohngipfels-bei-bundesjustizministerin-barley\/\">PM #2: (14.9.) Ausrichter des Alternativen Wohngipfels bei Bundesjustizministerin Barley<\/a><\/li>\n<li><a href=\"http:\/\/alternativer-wohngipfel.de\/2018\/2018\/09\/06\/pm-1-zusammen-gegen-mietenwahnsinn-alternativer-wohngipfel-und-kundgebung-vor-dem-kanzleramt-als-pdf-laden\/\">PM #1 (6.9.): Zusammen gegen #Mietenwahnsinn:\u00a0Alternativer #Wohngipfel und Kundgebung vor dem Kanzleramt<\/a> (<a href=\"http:\/\/alternativer-wohngipfel.de\/2018\/wp-content\/uploads\/sites\/3\/2018\/09\/pm-1831-aufruf-alternativer-wohngipfel-kundgebung.pdf\">als PDF laden<\/a>)<\/li>\n<\/ul>\n<span class=\"button inline\"><a href=\"http:\/\/alternativer-wohngipfel.de\/2018\/medienecho\/\">Pressespiegel aufrufen<\/a><\/span>\n<p>&nbsp;<\/p>\n<div class=\"shariff shariff-align-left shariff-widget-align-left\"><ul class=\"shariff-buttons theme-white orientation-horizontal buttonsize-medium\"><li class=\"shariff-button facebook shariff-nocustomcolor\" style=\"background-color:#4273c8\"><a href=\"https:\/\/www.facebook.com\/sharer\/sharer.php?u=http%3A%2F%2Falternativer-wohngipfel.de%2F2018%2Fpresseservice%2F\" title=\"Bei Facebook teilen\" aria-label=\"Bei Facebook teilen\" role=\"button\" rel=\"nofollow\" class=\"shariff-link\" style=\"; background-color:#3b5998; color:#3b5998\" target=\"_blank\"><span class=\"shariff-icon\" style=\"fill:#3b5998\"><svg width=\"32px\" height=\"20px\" xmlns=\"http:\/\/www.w3.org\/2000\/svg\" viewBox=\"0 0 18 32\"><path fill=\"#3b5998\" d=\"M17.1 0.2v4.7h-2.8q-1.5 0-2.1 0.6t-0.5 1.9v3.4h5.2l-0.7 5.3h-4.5v13.6h-5.5v-13.6h-4.5v-5.3h4.5v-3.9q0-3.3 1.9-5.2t5-1.8q2.6 0 4.1 0.2z\"\/><\/svg><\/span><span class=\"shariff-text\" style=\"color:#3b5998\">teilen<\/span>&nbsp;<\/a><\/li><li class=\"shariff-button twitter shariff-nocustomcolor\" style=\"background-color:#595959\"><a href=\"https:\/\/twitter.com\/share?url=http%3A%2F%2Falternativer-wohngipfel.de%2F2018%2Fpresseservice%2F&text=Presseservice\" title=\"Bei X teilen\" aria-label=\"Bei X teilen\" role=\"button\" rel=\"noopener nofollow\" class=\"shariff-link\" style=\"; background-color:#000; color:#000\" target=\"_blank\"><span class=\"shariff-icon\" style=\"fill:#000\"><svg width=\"32px\" height=\"20px\" xmlns=\"http:\/\/www.w3.org\/2000\/svg\" viewBox=\"0 0 24 24\"><path fill=\"#000\" d=\"M14.258 10.152L23.176 0h-2.113l-7.747 8.813L7.133 0H0l9.352 13.328L0 23.973h2.113l8.176-9.309 6.531 9.309h7.133zm-2.895 3.293l-.949-1.328L2.875 1.56h3.246l6.086 8.523.945 1.328 7.91 11.078h-3.246zm0 0\"\/><\/svg><\/span><span class=\"shariff-text\" style=\"color:#000\">teilen<\/span>&nbsp;<\/a><\/li><li class=\"shariff-button info shariff-nocustomcolor\" style=\"background-color:#a8a8a8\"><a href=\"http:\/\/ct.de\/-2467514\" title=\"Weitere Informationen\" aria-label=\"Weitere Informationen\" role=\"button\" rel=\"noopener \" class=\"shariff-link\" style=\"; background-color:#999; color:#999\" target=\"_blank\"><span class=\"shariff-icon\" style=\"fill:#999\"><svg width=\"32px\" height=\"20px\" xmlns=\"http:\/\/www.w3.org\/2000\/svg\" viewBox=\"0 0 11 32\"><path fill=\"#999\" d=\"M11.4 24v2.3q0 0.5-0.3 0.8t-0.8 0.4h-9.1q-0.5 0-0.8-0.4t-0.4-0.8v-2.3q0-0.5 0.4-0.8t0.8-0.4h1.1v-6.8h-1.1q-0.5 0-0.8-0.4t-0.4-0.8v-2.3q0-0.5 0.4-0.8t0.8-0.4h6.8q0.5 0 0.8 0.4t0.4 0.8v10.3h1.1q0.5 0 0.8 0.4t0.3 0.8zM9.2 3.4v3.4q0 0.5-0.4 0.8t-0.8 0.4h-4.6q-0.4 0-0.8-0.4t-0.4-0.8v-3.4q0-0.4 0.4-0.8t0.8-0.4h4.6q0.5 0 0.8 0.4t0.4 0.8z\"\/><\/svg><\/span><\/a><\/li><\/ul><\/div>","protected":false},"excerpt":{"rendered":"<p>Kontakt zum Presseteam Sie erreichen das Presseteam \u00fcber die E-Mail-Adresse: Die Pressearbeit f\u00fcr das B\u00fcndnisprojekt wird von einer tempor\u00e4r gebildeten Arbeitsgemeinschaft von den einladenden Gruppen gebildet. (Sollten andere \u2013 insbesondere [&hellip;]<\/p>\n","protected":false},"author":2,"featured_media":0,"parent":0,"menu_order":0,"comment_status":"closed","ping_status":"closed","template":"page-templates\/full-width.php","meta":{"_acf_changed":false,"footnotes":""},"class_list":["post-10257","page","type-page","status-publish","hentry"],"acf":[],"yoast_head":"<!-- This site is optimized with the Yoast SEO plugin v27.4 - https:\/\/yoast.com\/product\/yoast-seo-wordpress\/ -->\n<title>Presseservice - Zusammen gegen #Mietenwahnsinn<\/title>\n<meta name=\"robots\" content=\"index, follow, max-snippet:-1, max-image-preview:large, max-video-preview:-1\" \/>\n<link rel=\"canonical\" href=\"http:\/\/alternativer-wohngipfel.de\/2018\/presseservice\/\" \/>\n<meta property=\"og:locale\" content=\"de_DE\" \/>\n<meta property=\"og:type\" content=\"article\" \/>\n<meta property=\"og:title\" content=\"Presseservice - Zusammen gegen #Mietenwahnsinn\" \/>\n<meta property=\"og:description\" content=\"Kontakt zum Presseteam Sie erreichen das Presseteam \u00fcber die E-Mail-Adresse: Die Pressearbeit f\u00fcr das B\u00fcndnisprojekt wird von einer tempor\u00e4r gebildeten Arbeitsgemeinschaft von den einladenden Gruppen gebildet. (Sollten andere \u2013 insbesondere [&hellip;]\" \/>\n<meta property=\"og:url\" content=\"http:\/\/alternativer-wohngipfel.de\/2018\/presseservice\/\" \/>\n<meta property=\"og:site_name\" content=\"Zusammen gegen #Mietenwahnsinn\" \/>\n<meta property=\"article:modified_time\" content=\"2020-01-06T11:51:27+00:00\" \/>\n<meta name=\"twitter:card\" content=\"summary_large_image\" \/>\n<script type=\"application\/ld+json\" class=\"yoast-schema-graph\">{\"@context\":\"https:\\\/\\\/schema.org\",\"@graph\":[{\"@type\":\"WebPage\",\"@id\":\"http:\\\/\\\/alternativer-wohngipfel.de\\\/2018\\\/presseservice\\\/\",\"url\":\"http:\\\/\\\/alternativer-wohngipfel.de\\\/2018\\\/presseservice\\\/\",\"name\":\"Presseservice - Zusammen gegen #Mietenwahnsinn\",\"isPartOf\":{\"@id\":\"http:\\\/\\\/alternativer-wohngipfel.de\\\/2018\\\/#website\"},\"datePublished\":\"2018-09-10T11:00:21+00:00\",\"dateModified\":\"2020-01-06T11:51:27+00:00\",\"breadcrumb\":{\"@id\":\"http:\\\/\\\/alternativer-wohngipfel.de\\\/2018\\\/presseservice\\\/#breadcrumb\"},\"inLanguage\":\"de\",\"potentialAction\":[{\"@type\":\"ReadAction\",\"target\":[\"http:\\\/\\\/alternativer-wohngipfel.de\\\/2018\\\/presseservice\\\/\"]}]},{\"@type\":\"BreadcrumbList\",\"@id\":\"http:\\\/\\\/alternativer-wohngipfel.de\\\/2018\\\/presseservice\\\/#breadcrumb\",\"itemListElement\":[{\"@type\":\"ListItem\",\"position\":1,\"name\":\"Startseite\",\"item\":\"http:\\\/\\\/alternativer-wohngipfel.de\\\/2018\\\/\"},{\"@type\":\"ListItem\",\"position\":2,\"name\":\"Presseservice\"}]},{\"@type\":\"WebSite\",\"@id\":\"http:\\\/\\\/alternativer-wohngipfel.de\\\/2018\\\/#website\",\"url\":\"http:\\\/\\\/alternativer-wohngipfel.de\\\/2018\\\/\",\"name\":\"Zusammen gegen #Mietenwahnsinn\",\"description\":\"F\u00fcr eine Politik, die Wohnraum f\u00fcr ALLE schafft.\",\"potentialAction\":[{\"@type\":\"SearchAction\",\"target\":{\"@type\":\"EntryPoint\",\"urlTemplate\":\"http:\\\/\\\/alternativer-wohngipfel.de\\\/2018\\\/?s={search_term_string}\"},\"query-input\":{\"@type\":\"PropertyValueSpecification\",\"valueRequired\":true,\"valueName\":\"search_term_string\"}}],\"inLanguage\":\"de\"}]}<\/script>\n<!-- \/ Yoast SEO plugin. -->","yoast_head_json":{"title":"Presseservice - Zusammen gegen #Mietenwahnsinn","robots":{"index":"index","follow":"follow","max-snippet":"max-snippet:-1","max-image-preview":"max-image-preview:large","max-video-preview":"max-video-preview:-1"},"canonical":"http:\/\/alternativer-wohngipfel.de\/2018\/presseservice\/","og_locale":"de_DE","og_type":"article","og_title":"Presseservice - Zusammen gegen #Mietenwahnsinn","og_description":"Kontakt zum Presseteam Sie erreichen das Presseteam \u00fcber die E-Mail-Adresse: Die Pressearbeit f\u00fcr das B\u00fcndnisprojekt wird von einer tempor\u00e4r gebildeten Arbeitsgemeinschaft von den einladenden Gruppen gebildet. (Sollten andere \u2013 insbesondere [&hellip;]","og_url":"http:\/\/alternativer-wohngipfel.de\/2018\/presseservice\/","og_site_name":"Zusammen gegen #Mietenwahnsinn","article_modified_time":"2020-01-06T11:51:27+00:00","twitter_card":"summary_large_image","schema":{"@context":"https:\/\/schema.org","@graph":[{"@type":"WebPage","@id":"http:\/\/alternativer-wohngipfel.de\/2018\/presseservice\/","url":"http:\/\/alternativer-wohngipfel.de\/2018\/presseservice\/","name":"Presseservice - Zusammen gegen #Mietenwahnsinn","isPartOf":{"@id":"http:\/\/alternativer-wohngipfel.de\/2018\/#website"},"datePublished":"2018-09-10T11:00:21+00:00","dateModified":"2020-01-06T11:51:27+00:00","breadcrumb":{"@id":"http:\/\/alternativer-wohngipfel.de\/2018\/presseservice\/#breadcrumb"},"inLanguage":"de","potentialAction":[{"@type":"ReadAction","target":["http:\/\/alternativer-wohngipfel.de\/2018\/presseservice\/"]}]},{"@type":"BreadcrumbList","@id":"http:\/\/alternativer-wohngipfel.de\/2018\/presseservice\/#breadcrumb","itemListElement":[{"@type":"ListItem","position":1,"name":"Startseite","item":"http:\/\/alternativer-wohngipfel.de\/2018\/"},{"@type":"ListItem","position":2,"name":"Presseservice"}]},{"@type":"WebSite","@id":"http:\/\/alternativer-wohngipfel.de\/2018\/#website","url":"http:\/\/alternativer-wohngipfel.de\/2018\/","name":"Zusammen gegen #Mietenwahnsinn","description":"F\u00fcr eine Politik, die Wohnraum f\u00fcr ALLE schafft.","potentialAction":[{"@type":"SearchAction","target":{"@type":"EntryPoint","urlTemplate":"http:\/\/alternativer-wohngipfel.de\/2018\/?s={search_term_string}"},"query-input":{"@type":"PropertyValueSpecification","valueRequired":true,"valueName":"search_term_string"}}],"inLanguage":"de"}]}},"_links":{"self":[{"href":"http:\/\/alternativer-wohngipfel.de\/2018\/wp-json\/wp\/v2\/pages\/10257","targetHints":{"allow":["GET"]}}],"collection":[{"href":"http:\/\/alternativer-wohngipfel.de\/2018\/wp-json\/wp\/v2\/pages"}],"about":[{"href":"http:\/\/alternativer-wohngipfel.de\/2018\/wp-json\/wp\/v2\/types\/page"}],"author":[{"embeddable":true,"href":"http:\/\/alternativer-wohngipfel.de\/2018\/wp-json\/wp\/v2\/users\/2"}],"replies":[{"embeddable":true,"href":"http:\/\/alternativer-wohngipfel.de\/2018\/wp-json\/wp\/v2\/comments?post=10257"}],"version-history":[{"count":5,"href":"http:\/\/alternativer-wohngipfel.de\/2018\/wp-json\/wp\/v2\/pages\/10257\/revisions"}],"predecessor-version":[{"id":11106,"href":"http:\/\/alternativer-wohngipfel.de\/2018\/wp-json\/wp\/v2\/pages\/10257\/revisions\/11106"}],"wp:attachment":[{"href":"http:\/\/alternativer-wohngipfel.de\/2018\/wp-json\/wp\/v2\/media?parent=10257"}],"curies":[{"name":"wp","href":"https:\/\/api.w.org\/{rel}","templated":true}]}}