{"id":10289,"date":"2018-09-11T11:34:28","date_gmt":"2018-09-11T09:34:28","guid":{"rendered":"https:\/\/alternativer-wohngipfel.de\/2018\/?page_id=10289"},"modified":"2018-09-27T12:13:14","modified_gmt":"2018-09-27T10:13:14","slug":"unterstuetzer-ihre-aktionen-gegen-den-mietenwahnsinn-in-ganz-deutschland-uebersichtskarte","status":"publish","type":"page","link":"http:\/\/alternativer-wohngipfel.de\/2018\/unterstuetzer-ihre-aktionen-gegen-den-mietenwahnsinn-in-ganz-deutschland-uebersichtskarte\/","title":{"rendered":"Unterst\u00fctzer gegen den #Mietenwahnsinn in ganz Deutschland &#8211; die \u00dcbersichtskarte"},"content":{"rendered":"<p>Die Wohnungskrise herrscht im ganzen Land. In den St\u00e4dten fehlt leistbarer Wohnraum und die ungebremste Spekulation zerst\u00f6rt die Nachbarschaften. In abgelegenen D\u00f6rfern mangelt es an Perspektive und die Infrastruktur wird vernachl\u00e4ssigt. \u00dcberall regt sich Widerstand gegen die Politik der Bundesregierung, die es den Kommunen in allen Regionen schwer macht.<\/p>\n<p>Wir bitten Organisationen und Initiativen bundesweit sich selbst als Unterst\u00fctzer und ihre Aktionen auf der Webseite <a href=\"http:\/\/alternativer-wohngipfel.de\/2018\/aufruf\/aufruf-unterstuetzen\/\" target=\"_blank\" rel=\"noopener\">einzutragen<\/a>. Die Aufmerksamkeit des <a href=\"http:\/\/alternativer-wohngipfel.de\/2018\/aktion-hinzufuegen\/\" target=\"_blank\" rel=\"noopener\">bundesweiten Aktionsaufrufes<\/a> kann genauso von lokalen Veranstaltern genutzt werden, um ihre Anliegen und Probleme in Eigenregie in den regionalen Mittelpunkt zu stellen.<\/p>\n<p>Aus dem gesamten Bundesgebiet haben sich viele Initiativen, Vereine, Verb\u00e4nde usw.<br \/>\nals Unterst\u00fctzer des Protestes gezeichnet.\n<\/p>\n<h3>\u00dcbersichtskarte<\/h3>\n<hr data-epi-spacing>\n<div class=\"embed-privacy-container is-disabled embed-openstreetmap\" data-embed-id=\"oembed_c0647f5380cbaf8f3114577383127b18\" data-embed-provider=\"openstreetmap\" style=\"aspect-ratio: 625\/500;\">\t\t\t\t\t\t<button type=\"button\" class=\"embed-privacy-enable screen-reader-text\">Inhalt von OpenStreetMap anzeigen<\/button>\t\t\t\t\t\t<\/p>\n<div class=\"embed-privacy-overlay\">\n<div class=\"embed-privacy-inner\">\n<p>\t\tHier klicken, um den Inhalt von OpenStreetMap anzuzeigen.\t\t\t\t\t<br \/>\t\t\t\t\tErfahre mehr in der <a href=\"https:\/\/wiki.osmfoundation.org\/wiki\/Privacy_Policy\" target=\"_blank\">Datenschutzerkl\u00e4rung von OpenStreetMap<\/a>.\t\t<\/p>\n<p class=\"embed-privacy-input-wrapper\">\t\t\t<input id=\"embed-privacy-store-openstreetmap-c0647f5380cbaf8f3114577383127b18\" type=\"checkbox\" value=\"1\" class=\"embed-privacy-input\" data-embed-provider=\"openstreetmap\">\t\t\t<label for=\"embed-privacy-store-openstreetmap-c0647f5380cbaf8f3114577383127b18\" class=\"embed-privacy-label\" data-embed-provider=\"openstreetmap\">\t\t\t\tInhalt von OpenStreetMap immer anzeigen\t\t\t<\/label>\t\t<\/p>\n<\/p><\/div>\n<div class=\"embed-privacy-footer\"><span class=\"embed-privacy-url\"><a href=\"https:\/\/umap.openstreetmap.fr\/de\/map\/zusammen-gegen-mietenwahnsinn_246043#6\/50.806\/11.008?scaleControl=false&amp;miniMap=false&amp;scrollWheelZoom=false&amp;zoomControl=true&amp;allowEdit=false&amp;moreControl=true&amp;searchControl=null&amp;tilelayersControl=null&amp;embedControl=null&amp;datalayersControl=true&amp;onLoadPanel=undefined&amp;captionBar=false\">Karte direkt \u00f6ffnen<\/a><\/span><\/div>\n<\/p><\/div>\n<div class=\"embed-privacy-content\">\t\t\t\t<script>var _oembed_c0647f5380cbaf8f3114577383127b18 = '{\\\"embed\\\":\\\"&lt;iframe id=&quot;map&quot; src=&quot;https:\\\\\/\\\\\/umap.openstreetmap.fr\\\\\/de\\\\\/map\\\\\/zusammen-gegen-mietenwahnsinn_246043#6\\\\\/50.806\\\\\/11.008?scaleControl=false&amp;amp;miniMap=false&amp;amp;scrollWheelZoom=false&amp;amp;zoomControl=true&amp;amp;allowEdit=false&amp;amp;moreControl=true&amp;amp;searchControl=null&amp;amp;tilelayersControl=null&amp;amp;embedControl=null&amp;amp;datalayersControl=true&amp;amp;onLoadPanel=undefined&amp;amp;captionBar=false&quot; width=&quot;100%&quot; height=&quot;500px&quot; frameborder=&quot;0&quot;&gt;&lt;\\\\\/iframe&gt;\\\"}';<\/script>\t\t\t<\/div>\n<\/p><\/div>\n<p style=\"text-align: right;\"><a href=\"https:\/\/umap.openstreetmap.fr\/de\/map\/zusammen-gegen-mietenwahnsinn_246043#6\/50.799\/11.008\">Karte auf ganzem Monitor zeigen<\/a><\/p>\n<div class=\"shariff shariff-align-left shariff-widget-align-left\"><ul class=\"shariff-buttons theme-white orientation-horizontal buttonsize-medium\"><li class=\"shariff-button facebook shariff-nocustomcolor\" style=\"background-color:#4273c8\"><a href=\"https:\/\/www.facebook.com\/sharer\/sharer.php?u=http%3A%2F%2Falternativer-wohngipfel.de%2F2018%2Funterstuetzer-ihre-aktionen-gegen-den-mietenwahnsinn-in-ganz-deutschland-uebersichtskarte%2F\" title=\"Bei Facebook teilen\" aria-label=\"Bei Facebook teilen\" role=\"button\" rel=\"nofollow\" class=\"shariff-link\" style=\"; background-color:#3b5998; color:#3b5998\" target=\"_blank\"><span class=\"shariff-icon\" style=\"fill:#3b5998\"><svg width=\"32px\" height=\"20px\" xmlns=\"http:\/\/www.w3.org\/2000\/svg\" viewBox=\"0 0 18 32\"><path fill=\"#3b5998\" d=\"M17.1 0.2v4.7h-2.8q-1.5 0-2.1 0.6t-0.5 1.9v3.4h5.2l-0.7 5.3h-4.5v13.6h-5.5v-13.6h-4.5v-5.3h4.5v-3.9q0-3.3 1.9-5.2t5-1.8q2.6 0 4.1 0.2z\"\/><\/svg><\/span><span class=\"shariff-text\" style=\"color:#3b5998\">teilen<\/span>&nbsp;<\/a><\/li><li class=\"shariff-button twitter shariff-nocustomcolor\" style=\"background-color:#595959\"><a href=\"https:\/\/twitter.com\/share?url=http%3A%2F%2Falternativer-wohngipfel.de%2F2018%2Funterstuetzer-ihre-aktionen-gegen-den-mietenwahnsinn-in-ganz-deutschland-uebersichtskarte%2F&text=Unterst%C3%BCtzer%20gegen%20den%20%23Mietenwahnsinn%20in%20ganz%20Deutschland%20%E2%80%93%20die%20%C3%9Cbersichtskarte\" title=\"Bei X teilen\" aria-label=\"Bei X teilen\" role=\"button\" rel=\"noopener nofollow\" class=\"shariff-link\" style=\"; background-color:#000; color:#000\" target=\"_blank\"><span class=\"shariff-icon\" style=\"fill:#000\"><svg width=\"32px\" height=\"20px\" xmlns=\"http:\/\/www.w3.org\/2000\/svg\" viewBox=\"0 0 24 24\"><path fill=\"#000\" d=\"M14.258 10.152L23.176 0h-2.113l-7.747 8.813L7.133 0H0l9.352 13.328L0 23.973h2.113l8.176-9.309 6.531 9.309h7.133zm-2.895 3.293l-.949-1.328L2.875 1.56h3.246l6.086 8.523.945 1.328 7.91 11.078h-3.246zm0 0\"\/><\/svg><\/span><span class=\"shariff-text\" style=\"color:#000\">teilen<\/span>&nbsp;<\/a><\/li><li class=\"shariff-button info shariff-nocustomcolor\" style=\"background-color:#a8a8a8\"><a href=\"http:\/\/ct.de\/-2467514\" title=\"Weitere Informationen\" aria-label=\"Weitere Informationen\" role=\"button\" rel=\"noopener \" class=\"shariff-link\" style=\"; background-color:#999; color:#999\" target=\"_blank\"><span class=\"shariff-icon\" style=\"fill:#999\"><svg width=\"32px\" height=\"20px\" xmlns=\"http:\/\/www.w3.org\/2000\/svg\" viewBox=\"0 0 11 32\"><path fill=\"#999\" d=\"M11.4 24v2.3q0 0.5-0.3 0.8t-0.8 0.4h-9.1q-0.5 0-0.8-0.4t-0.4-0.8v-2.3q0-0.5 0.4-0.8t0.8-0.4h1.1v-6.8h-1.1q-0.5 0-0.8-0.4t-0.4-0.8v-2.3q0-0.5 0.4-0.8t0.8-0.4h6.8q0.5 0 0.8 0.4t0.4 0.8v10.3h1.1q0.5 0 0.8 0.4t0.3 0.8zM9.2 3.4v3.4q0 0.5-0.4 0.8t-0.8 0.4h-4.6q-0.4 0-0.8-0.4t-0.4-0.8v-3.4q0-0.4 0.4-0.8t0.8-0.4h4.6q0.5 0 0.8 0.4t0.4 0.8z\"\/><\/svg><\/span><\/a><\/li><\/ul><\/div>","protected":false},"excerpt":{"rendered":"<p>Die Wohnungskrise herrscht im ganzen Land. In den St\u00e4dten fehlt leistbarer Wohnraum und die ungebremste Spekulation zerst\u00f6rt die Nachbarschaften. In abgelegenen D\u00f6rfern mangelt es an Perspektive und die Infrastruktur wird [&hellip;]<\/p>\n","protected":false},"author":4,"featured_media":10665,"parent":0,"menu_order":0,"comment_status":"closed","ping_status":"closed","template":"page-templates\/full-width.php","meta":{"_acf_changed":false,"footnotes":""},"class_list":["post-10289","page","type-page","status-publish","has-post-thumbnail","hentry","has-thumbnail"],"acf":[],"yoast_head":"<!-- This site is optimized with the Yoast SEO plugin v27.5 - https:\/\/yoast.com\/product\/yoast-seo-wordpress\/ -->\n<title>Unterst\u00fctzer gegen den #Mietenwahnsinn in ganz Deutschland - die \u00dcbersichtskarte - Zusammen gegen #Mietenwahnsinn<\/title>\n<meta name=\"robots\" content=\"index, follow, max-snippet:-1, max-image-preview:large, max-video-preview:-1\" \/>\n<link rel=\"canonical\" href=\"http:\/\/alternativer-wohngipfel.de\/2018\/unterstuetzer-ihre-aktionen-gegen-den-mietenwahnsinn-in-ganz-deutschland-uebersichtskarte\/\" \/>\n<meta property=\"og:locale\" content=\"de_DE\" \/>\n<meta property=\"og:type\" content=\"article\" \/>\n<meta property=\"og:title\" content=\"Unterst\u00fctzer gegen den #Mietenwahnsinn in ganz Deutschland - die \u00dcbersichtskarte - Zusammen gegen #Mietenwahnsinn\" \/>\n<meta property=\"og:description\" content=\"Die Wohnungskrise herrscht im ganzen Land. In den St\u00e4dten fehlt leistbarer Wohnraum und die ungebremste Spekulation zerst\u00f6rt die Nachbarschaften. In abgelegenen D\u00f6rfern mangelt es an Perspektive und die Infrastruktur wird [&hellip;]\" \/>\n<meta property=\"og:url\" content=\"http:\/\/alternativer-wohngipfel.de\/2018\/unterstuetzer-ihre-aktionen-gegen-den-mietenwahnsinn-in-ganz-deutschland-uebersichtskarte\/\" \/>\n<meta property=\"og:site_name\" content=\"Zusammen gegen #Mietenwahnsinn\" \/>\n<meta property=\"article:modified_time\" content=\"2018-09-27T10:13:14+00:00\" \/>\n<meta property=\"og:image\" content=\"http:\/\/alternativer-wohngipfel.de\/2018\/wp-content\/uploads\/sites\/3\/2018\/09\/map-18-09.jpg\" \/>\n\t<meta property=\"og:image:width\" content=\"1916\" \/>\n\t<meta property=\"og:image:height\" content=\"1030\" \/>\n\t<meta property=\"og:image:type\" content=\"image\/jpeg\" \/>\n<meta name=\"twitter:card\" content=\"summary_large_image\" \/>\n<meta name=\"twitter:label1\" content=\"Gesch\u00e4tzte Lesezeit\" \/>\n\t<meta name=\"twitter:data1\" content=\"1\u00a0Minute\" \/>\n<script type=\"application\/ld+json\" class=\"yoast-schema-graph\">{\"@context\":\"https:\\\/\\\/schema.org\",\"@graph\":[{\"@type\":\"WebPage\",\"@id\":\"http:\\\/\\\/alternativer-wohngipfel.de\\\/2018\\\/unterstuetzer-ihre-aktionen-gegen-den-mietenwahnsinn-in-ganz-deutschland-uebersichtskarte\\\/\",\"url\":\"http:\\\/\\\/alternativer-wohngipfel.de\\\/2018\\\/unterstuetzer-ihre-aktionen-gegen-den-mietenwahnsinn-in-ganz-deutschland-uebersichtskarte\\\/\",\"name\":\"Unterst\u00fctzer gegen den #Mietenwahnsinn in ganz Deutschland - die \u00dcbersichtskarte - Zusammen gegen #Mietenwahnsinn\",\"isPartOf\":{\"@id\":\"http:\\\/\\\/alternativer-wohngipfel.de\\\/2018\\\/#website\"},\"primaryImageOfPage\":{\"@id\":\"http:\\\/\\\/alternativer-wohngipfel.de\\\/2018\\\/unterstuetzer-ihre-aktionen-gegen-den-mietenwahnsinn-in-ganz-deutschland-uebersichtskarte\\\/#primaryimage\"},\"image\":{\"@id\":\"http:\\\/\\\/alternativer-wohngipfel.de\\\/2018\\\/unterstuetzer-ihre-aktionen-gegen-den-mietenwahnsinn-in-ganz-deutschland-uebersichtskarte\\\/#primaryimage\"},\"thumbnailUrl\":\"http:\\\/\\\/alternativer-wohngipfel.de\\\/2018\\\/wp-content\\\/uploads\\\/sites\\\/3\\\/2018\\\/09\\\/map-18-09.jpg\",\"datePublished\":\"2018-09-11T09:34:28+00:00\",\"dateModified\":\"2018-09-27T10:13:14+00:00\",\"breadcrumb\":{\"@id\":\"http:\\\/\\\/alternativer-wohngipfel.de\\\/2018\\\/unterstuetzer-ihre-aktionen-gegen-den-mietenwahnsinn-in-ganz-deutschland-uebersichtskarte\\\/#breadcrumb\"},\"inLanguage\":\"de\",\"potentialAction\":[{\"@type\":\"ReadAction\",\"target\":[\"http:\\\/\\\/alternativer-wohngipfel.de\\\/2018\\\/unterstuetzer-ihre-aktionen-gegen-den-mietenwahnsinn-in-ganz-deutschland-uebersichtskarte\\\/\"]}]},{\"@type\":\"ImageObject\",\"inLanguage\":\"de\",\"@id\":\"http:\\\/\\\/alternativer-wohngipfel.de\\\/2018\\\/unterstuetzer-ihre-aktionen-gegen-den-mietenwahnsinn-in-ganz-deutschland-uebersichtskarte\\\/#primaryimage\",\"url\":\"http:\\\/\\\/alternativer-wohngipfel.de\\\/2018\\\/wp-content\\\/uploads\\\/sites\\\/3\\\/2018\\\/09\\\/map-18-09.jpg\",\"contentUrl\":\"http:\\\/\\\/alternativer-wohngipfel.de\\\/2018\\\/wp-content\\\/uploads\\\/sites\\\/3\\\/2018\\\/09\\\/map-18-09.jpg\",\"width\":1916,\"height\":1030},{\"@type\":\"BreadcrumbList\",\"@id\":\"http:\\\/\\\/alternativer-wohngipfel.de\\\/2018\\\/unterstuetzer-ihre-aktionen-gegen-den-mietenwahnsinn-in-ganz-deutschland-uebersichtskarte\\\/#breadcrumb\",\"itemListElement\":[{\"@type\":\"ListItem\",\"position\":1,\"name\":\"Startseite\",\"item\":\"http:\\\/\\\/alternativer-wohngipfel.de\\\/2018\\\/\"},{\"@type\":\"ListItem\",\"position\":2,\"name\":\"Unterst\u00fctzer gegen den #Mietenwahnsinn in ganz Deutschland &#8211; die \u00dcbersichtskarte\"}]},{\"@type\":\"WebSite\",\"@id\":\"http:\\\/\\\/alternativer-wohngipfel.de\\\/2018\\\/#website\",\"url\":\"http:\\\/\\\/alternativer-wohngipfel.de\\\/2018\\\/\",\"name\":\"Zusammen gegen #Mietenwahnsinn\",\"description\":\"F\u00fcr eine Politik, die Wohnraum f\u00fcr ALLE schafft.\",\"potentialAction\":[{\"@type\":\"SearchAction\",\"target\":{\"@type\":\"EntryPoint\",\"urlTemplate\":\"http:\\\/\\\/alternativer-wohngipfel.de\\\/2018\\\/?s={search_term_string}\"},\"query-input\":{\"@type\":\"PropertyValueSpecification\",\"valueRequired\":true,\"valueName\":\"search_term_string\"}}],\"inLanguage\":\"de\"}]}<\/script>\n<!-- \/ Yoast SEO plugin. -->","yoast_head_json":{"title":"Unterst\u00fctzer gegen den #Mietenwahnsinn in ganz Deutschland - die \u00dcbersichtskarte - Zusammen gegen #Mietenwahnsinn","robots":{"index":"index","follow":"follow","max-snippet":"max-snippet:-1","max-image-preview":"max-image-preview:large","max-video-preview":"max-video-preview:-1"},"canonical":"http:\/\/alternativer-wohngipfel.de\/2018\/unterstuetzer-ihre-aktionen-gegen-den-mietenwahnsinn-in-ganz-deutschland-uebersichtskarte\/","og_locale":"de_DE","og_type":"article","og_title":"Unterst\u00fctzer gegen den #Mietenwahnsinn in ganz Deutschland - die \u00dcbersichtskarte - Zusammen gegen #Mietenwahnsinn","og_description":"Die Wohnungskrise herrscht im ganzen Land. In den St\u00e4dten fehlt leistbarer Wohnraum und die ungebremste Spekulation zerst\u00f6rt die Nachbarschaften. In abgelegenen D\u00f6rfern mangelt es an Perspektive und die Infrastruktur wird [&hellip;]","og_url":"http:\/\/alternativer-wohngipfel.de\/2018\/unterstuetzer-ihre-aktionen-gegen-den-mietenwahnsinn-in-ganz-deutschland-uebersichtskarte\/","og_site_name":"Zusammen gegen #Mietenwahnsinn","article_modified_time":"2018-09-27T10:13:14+00:00","og_image":[{"width":1916,"height":1030,"url":"http:\/\/alternativer-wohngipfel.de\/2018\/wp-content\/uploads\/sites\/3\/2018\/09\/map-18-09.jpg","type":"image\/jpeg"}],"twitter_card":"summary_large_image","twitter_misc":{"Gesch\u00e4tzte Lesezeit":"1\u00a0Minute"},"schema":{"@context":"https:\/\/schema.org","@graph":[{"@type":"WebPage","@id":"http:\/\/alternativer-wohngipfel.de\/2018\/unterstuetzer-ihre-aktionen-gegen-den-mietenwahnsinn-in-ganz-deutschland-uebersichtskarte\/","url":"http:\/\/alternativer-wohngipfel.de\/2018\/unterstuetzer-ihre-aktionen-gegen-den-mietenwahnsinn-in-ganz-deutschland-uebersichtskarte\/","name":"Unterst\u00fctzer gegen den #Mietenwahnsinn in ganz Deutschland - die \u00dcbersichtskarte - Zusammen gegen #Mietenwahnsinn","isPartOf":{"@id":"http:\/\/alternativer-wohngipfel.de\/2018\/#website"},"primaryImageOfPage":{"@id":"http:\/\/alternativer-wohngipfel.de\/2018\/unterstuetzer-ihre-aktionen-gegen-den-mietenwahnsinn-in-ganz-deutschland-uebersichtskarte\/#primaryimage"},"image":{"@id":"http:\/\/alternativer-wohngipfel.de\/2018\/unterstuetzer-ihre-aktionen-gegen-den-mietenwahnsinn-in-ganz-deutschland-uebersichtskarte\/#primaryimage"},"thumbnailUrl":"http:\/\/alternativer-wohngipfel.de\/2018\/wp-content\/uploads\/sites\/3\/2018\/09\/map-18-09.jpg","datePublished":"2018-09-11T09:34:28+00:00","dateModified":"2018-09-27T10:13:14+00:00","breadcrumb":{"@id":"http:\/\/alternativer-wohngipfel.de\/2018\/unterstuetzer-ihre-aktionen-gegen-den-mietenwahnsinn-in-ganz-deutschland-uebersichtskarte\/#breadcrumb"},"inLanguage":"de","potentialAction":[{"@type":"ReadAction","target":["http:\/\/alternativer-wohngipfel.de\/2018\/unterstuetzer-ihre-aktionen-gegen-den-mietenwahnsinn-in-ganz-deutschland-uebersichtskarte\/"]}]},{"@type":"ImageObject","inLanguage":"de","@id":"http:\/\/alternativer-wohngipfel.de\/2018\/unterstuetzer-ihre-aktionen-gegen-den-mietenwahnsinn-in-ganz-deutschland-uebersichtskarte\/#primaryimage","url":"http:\/\/alternativer-wohngipfel.de\/2018\/wp-content\/uploads\/sites\/3\/2018\/09\/map-18-09.jpg","contentUrl":"http:\/\/alternativer-wohngipfel.de\/2018\/wp-content\/uploads\/sites\/3\/2018\/09\/map-18-09.jpg","width":1916,"height":1030},{"@type":"BreadcrumbList","@id":"http:\/\/alternativer-wohngipfel.de\/2018\/unterstuetzer-ihre-aktionen-gegen-den-mietenwahnsinn-in-ganz-deutschland-uebersichtskarte\/#breadcrumb","itemListElement":[{"@type":"ListItem","position":1,"name":"Startseite","item":"http:\/\/alternativer-wohngipfel.de\/2018\/"},{"@type":"ListItem","position":2,"name":"Unterst\u00fctzer gegen den #Mietenwahnsinn in ganz Deutschland &#8211; die \u00dcbersichtskarte"}]},{"@type":"WebSite","@id":"http:\/\/alternativer-wohngipfel.de\/2018\/#website","url":"http:\/\/alternativer-wohngipfel.de\/2018\/","name":"Zusammen gegen #Mietenwahnsinn","description":"F\u00fcr eine Politik, die Wohnraum f\u00fcr ALLE schafft.","potentialAction":[{"@type":"SearchAction","target":{"@type":"EntryPoint","urlTemplate":"http:\/\/alternativer-wohngipfel.de\/2018\/?s={search_term_string}"},"query-input":{"@type":"PropertyValueSpecification","valueRequired":true,"valueName":"search_term_string"}}],"inLanguage":"de"}]}},"_links":{"self":[{"href":"http:\/\/alternativer-wohngipfel.de\/2018\/wp-json\/wp\/v2\/pages\/10289","targetHints":{"allow":["GET"]}}],"collection":[{"href":"http:\/\/alternativer-wohngipfel.de\/2018\/wp-json\/wp\/v2\/pages"}],"about":[{"href":"http:\/\/alternativer-wohngipfel.de\/2018\/wp-json\/wp\/v2\/types\/page"}],"author":[{"embeddable":true,"href":"http:\/\/alternativer-wohngipfel.de\/2018\/wp-json\/wp\/v2\/users\/4"}],"replies":[{"embeddable":true,"href":"http:\/\/alternativer-wohngipfel.de\/2018\/wp-json\/wp\/v2\/comments?post=10289"}],"version-history":[{"count":6,"href":"http:\/\/alternativer-wohngipfel.de\/2018\/wp-json\/wp\/v2\/pages\/10289\/revisions"}],"predecessor-version":[{"id":10945,"href":"http:\/\/alternativer-wohngipfel.de\/2018\/wp-json\/wp\/v2\/pages\/10289\/revisions\/10945"}],"wp:featuredmedia":[{"embeddable":true,"href":"http:\/\/alternativer-wohngipfel.de\/2018\/wp-json\/wp\/v2\/media\/10665"}],"wp:attachment":[{"href":"http:\/\/alternativer-wohngipfel.de\/2018\/wp-json\/wp\/v2\/media?parent=10289"}],"curies":[{"name":"wp","href":"https:\/\/api.w.org\/{rel}","templated":true}]}}