{"id":10477,"date":"2018-09-13T21:59:29","date_gmt":"2018-09-13T19:59:29","guid":{"rendered":"https:\/\/alternativer-wohngipfel.de\/2018\/?page_id=10477"},"modified":"2018-09-14T17:09:05","modified_gmt":"2018-09-14T15:09:05","slug":"pl","status":"publish","type":"page","link":"http:\/\/alternativer-wohngipfel.de\/2018\/aufruf\/pl\/","title":{"rendered":"Wezwanie"},"content":{"rendered":"<p style=\"text-align: center;\">Wezwanie na #Szczyt w sprawie mieszkalnictwa Seehofera i Merkel<\/p>\n<h1 style=\"text-align: center;\">Razem przeciwko #czynszowemu szale\u0144stwu<\/h1>\n<h2 style=\"text-align: center;\">Za polityk\u0119, kt\u00f3ra buduje mieszkania dla wszystkich.<\/h2>\n<blockquote>\n<h4>Niemcy tkwi\u0105 w kryzysie mieszkalnictwa.<\/h4>\n<p class=\"p2\">Szczeg\u00f3lnie w miastach ceny grunt\u00f3w, nieruchomo\u015bci i wynajmu rosn\u0105, osi\u0105gaj\u0105c absurdalne poziomy. W rezultacie kwitnie spekulacja, a maj\u0105tek w postaci nieruchomo\u015bci szybko ro\u015bnie.<\/p>\n<p>Podczas gdy tysi\u0105ce ludzi boi si\u0119, \u017ce utraci mieszkania z powodu podwy\u017cek czynsz\u00f3w i otrzymywanych wypowiedze\u0144 lub \u017ce w og\u00f3le nie znajdzie w\u0142a\u015bciwego mieszkania, nieliczni odnotowuj\u0105 coraz wy\u017csze stopy zwrotu z inwestycji. Coraz wi\u0119ksza cz\u0119\u015b\u0107 dochod\u00f3w idzie na czynsz, kt\u00f3rego wysoko\u015b\u0107 zjada podwy\u017cki p\u0142ac. W wielu miejscach mieszkalnictwo wi\u0105\u017ce si\u0119 z ryzykiem ub\u00f3stwa. Liczba ludzi niemaj\u0105cych mieszka\u0144 ro\u015bnie. Instytucje spo\u0142eczne cz\u0119sto nie s\u0105 w stanie pom\u00f3c osobom potrzebuj\u0105cym. Dyskryminacja oraz po cz\u0119\u015bci wyra\u017any rasizm utrudniaj\u0105 poszukiwanie mieszkania. Tymczasem rynek mieszkaniowy traci tydzie\u0144 w tydzie\u0144 tysi\u0105ce przyst\u0119pnych cenowo lokali w wyniku wzrostu czynsz\u00f3w, zmian mieszka\u0144, modernizacji i sk\u0142adanych wypowiedze\u0144.<\/p>\n<p>Rynek i pa\u0144stwo nie spe\u0142niaj\u0105 swojej funkcji. Brakuje co najmniej 1 mln niedrogich nowych mieszka\u0144. Pomimo wysokiego zapotrzebowania, rynek nie tworzy przyst\u0119pnych cenowo nowych mieszka\u0144. Zamiast tego buduje si\u0119 pseudo-luksusowe lokale i oferuje je po zawy\u017conych cenach. Wi\u0119kszo\u015b\u0107 polityk\u00f3w nie traktuje tych problem\u00f3w powa\u017cnie. Co wi\u0119cej, sytuacj\u0119 t\u0119 pogorszyli przeprowadzaj\u0105c prywatyzacj\u0119 grunt\u00f3w publicznych i przedsi\u0119biorstw budownictwa mieszkaniowego. Spekulantom dano woln\u0105 r\u0119k\u0105. Brakuje dzia\u0142a\u0144 skierowanych przeciwko wzrostowi cen grunt\u00f3w, rob\u00f3t budowlanych i nieruchomo\u015bci. Co wi\u0119cej, zamiast skutecznie chroni\u0107 w tej sytuacji rynkowej najemc\u00f3w i osoby poszukuj\u0105ce lokali, rz\u0105d federalny odrzuca niezb\u0119dne poprawki w prawie najmu.<\/p>\n<h4>Razem na rzecz innej polityki mieszkaniowej.<\/h4>\n<p>Jednak coraz wi\u0119cej ludzi broni si\u0119 przed przesiedleniami, zak\u0142adaj\u0105c wsp\u00f3lnoty domowe i anga\u017cuj\u0105c si\u0119 w sprawy s\u0105siedztwa. Ju\u017c od dawna wiadomo, \u017ce mo\u017cliwe jest takie zagospodarowanie przestrzeni mieszkalnej, kt\u00f3re uwzgl\u0119dnia cele dobra powszechnego, czy to w zakresie termomodernizacji budynk\u00f3w, czy te\u017c niedrogiego budownictwa nowych lokali mieszkalnych. Jedynie politycy nie pozwalaj\u0105 na stworzenie niezb\u0119dnych warunk\u00f3w.<\/p>\n<h4>Mamy ju\u017c do\u015b\u0107 tego #czynszowego szale\u0144stwa!<\/h4>\n<p>Szeroka koalicja inicjatyw i organizacji wzywa do zmiany kursu polityki mieszkaniowej i polityki czynszowej &#8211; zmiany, kt\u00f3ra powinna nast\u0105pi\u0107 ju\u017c dawno temu. Nasze postulaty to:<\/p>\n<ul>\n<li class=\"p3\">Zaostrzenie blokady wysoko\u015bci czynsz\u00f3w, karanie przypadk\u00f3w narusze\u0144 grzywnami, drastyczne obni\u017cenie zwyk\u0142ych podwy\u017cek czynsz\u00f3w!<\/li>\n<li class=\"p3\">Po przeprowadzeniu modernizacji \u2013 ograniczenie przenoszonych na najemc\u00f3w obci\u0105\u017ce\u0144 do 4 % koszt\u00f3w budowy oraz do 1,50 \u20ac\/m\u00b2 miesi\u0119cznie przez okres 8 lat!<\/li>\n<li class=\"p3\">Termomodernizacja w miar\u0119 mo\u017cliwo\u015bci nie powinna wp\u0142ywa\u0107 na wysoko\u015b\u0107 czynszu wraz z op\u0142atami za ogrzewanie!<\/li>\n<li class=\"p3\">Zapobieganie eksmisjom! Poprawa ochrony w zakresie wypowiadania stosunk\u00f3w najmu!<\/li>\n<li class=\"p3\">Znaczny wzrost socjalnego i niedrogiego budownictwa mieszkaniowego i wprowadzenie trwa\u0142ych powi\u0105za\u0144! Przekazywanie subwencji na co najmniej 100.000 niedrogich mieszka\u0144 rocznie. Stosowanie prawa planowania przestrzennego na rzecz dobra powszechnego!<\/li>\n<li class=\"p3\">Wprowadzenie regulacji w zakresie cen grunt\u00f3w i ich u\u017cytkowania, zaprzestanie sprzeda\u017cy grunt\u00f3w publicznych po maksymalnych cenach!<\/li>\n<li class=\"p3\">Wzmocnienie pozycji w\u0142a\u015bcicieli nieruchomo\u015bci oraz wynajmuj\u0105cych, realizuj\u0105cych cele dobra powszechnego, oraz wprowadzenie nowej formy u\u017cyteczno\u015bci publicznej w budownictwie mieszkaniowym!<\/li>\n<li class=\"p3\">Ograniczenie w\u0142adzy lobby w\u0142a\u015bcicielskiego, wprowadzenie przejrzysto\u015bci w zakresie w\u0142asno\u015bci nieruchomo\u015bci!<\/li>\n<li>Karanie przypadk\u00f3w dyskryminacji, budowanie wi\u0119kszej ilo\u015bci mieszka\u0144 przystosowanych do potrzeb os\u00f3b starszych i niepe\u0142nosprawnych, zapobieganie sytuacjom, w kt\u00f3rym ludzie trac\u0105 mieszkania!<\/li>\n<li>Rokroczne dostosowanie koszt\u00f3w zakwaterowania i wysoko\u015bci dodatku mieszkaniowego do aktualnych reali\u00f3w!<\/li>\n<\/ul>\n<h3>Mo\u017cliwo\u015b\u0107 mieszkania jest prawem cz\u0142owieka a nie miejscem<br \/>\ndla spekulant\u00f3w!<\/h3>\n<p>Przyjd\u017acie na \u203aAlternatywny szczyt w sprawie mieszkalnictwa\u2039 20.9.2018 i\/lub w pi\u0105tek 21.9.2018 na \u203aProtest pod Urz\u0119dem Kanclerskim\u2039.<\/p>\n<p style=\"text-align: center;\"><span class=\"button inline\"><a href=\"http:\/\/alternativer-wohngipfel.de\/2018\/wp-content\/uploads\/sites\/3\/2018\/09\/zusammen-gegen-mietenwahnsinn-aufruf-wohngipfel-a4-color-pl-1.pdf\" target=\"_blank\" rel=\"noopener\">Wezwanie (PDF)<\/a><\/span><\/p>\n<\/blockquote>\n<hr \/>\n<p style=\"text-align: center;\">Zapraszaj\u0105:<\/p>\n<p><a href=\"http:\/\/alternativer-wohngipfel.de\/2018\/aufruf\/liste-der-einladenden\/\"><img loading=\"lazy\" decoding=\"async\" class=\"alignnone wp-image-9505 size-full\" src=\"http:\/\/alternativer-wohngipfel.de\/2018\/wp-content\/uploads\/sites\/3\/2018\/08\/mietenwahnsinn-alternativer-wohngipfel-einlader-logos.png\" alt=\"\" width=\"1900\" height=\"159\" srcset=\"http:\/\/alternativer-wohngipfel.de\/2018\/wp-content\/uploads\/sites\/3\/2018\/08\/mietenwahnsinn-alternativer-wohngipfel-einlader-logos.png 1900w, http:\/\/alternativer-wohngipfel.de\/2018\/wp-content\/uploads\/sites\/3\/2018\/08\/mietenwahnsinn-alternativer-wohngipfel-einlader-logos-300x25.png 300w, http:\/\/alternativer-wohngipfel.de\/2018\/wp-content\/uploads\/sites\/3\/2018\/08\/mietenwahnsinn-alternativer-wohngipfel-einlader-logos-768x64.png 768w, http:\/\/alternativer-wohngipfel.de\/2018\/wp-content\/uploads\/sites\/3\/2018\/08\/mietenwahnsinn-alternativer-wohngipfel-einlader-logos-1024x86.png 1024w, http:\/\/alternativer-wohngipfel.de\/2018\/wp-content\/uploads\/sites\/3\/2018\/08\/mietenwahnsinn-alternativer-wohngipfel-einlader-logos-624x52.png 624w\" sizes=\"auto, (max-width: 1900px) 100vw, 1900px\" \/><\/a><\/p>\n<hr \/>\n<p style=\"text-align: center;\"><strong>Wiele innych inicjatyw i organizacji wspiera nasze wezwanie. Do\u0142\u0105czcie do nas i zarejestrujcie si\u0119 online!<\/strong><\/p>\n<p>&nbsp;<\/p>\n<div class=\"shariff shariff-align-left shariff-widget-align-left\"><ul class=\"shariff-buttons theme-white orientation-horizontal buttonsize-medium\"><li class=\"shariff-button facebook shariff-nocustomcolor\" style=\"background-color:#4273c8\"><a href=\"https:\/\/www.facebook.com\/sharer\/sharer.php?u=http%3A%2F%2Falternativer-wohngipfel.de%2F2018%2Faufruf%2Fpl%2F\" title=\"Bei Facebook teilen\" aria-label=\"Bei Facebook teilen\" role=\"button\" rel=\"nofollow\" class=\"shariff-link\" style=\"; background-color:#3b5998; color:#3b5998\" target=\"_blank\"><span class=\"shariff-icon\" style=\"fill:#3b5998\"><svg width=\"32px\" height=\"20px\" xmlns=\"http:\/\/www.w3.org\/2000\/svg\" viewBox=\"0 0 18 32\"><path fill=\"#3b5998\" d=\"M17.1 0.2v4.7h-2.8q-1.5 0-2.1 0.6t-0.5 1.9v3.4h5.2l-0.7 5.3h-4.5v13.6h-5.5v-13.6h-4.5v-5.3h4.5v-3.9q0-3.3 1.9-5.2t5-1.8q2.6 0 4.1 0.2z\"\/><\/svg><\/span><span class=\"shariff-text\" style=\"color:#3b5998\">teilen<\/span>&nbsp;<\/a><\/li><li class=\"shariff-button twitter shariff-nocustomcolor\" style=\"background-color:#595959\"><a href=\"https:\/\/twitter.com\/share?url=http%3A%2F%2Falternativer-wohngipfel.de%2F2018%2Faufruf%2Fpl%2F&text=Wezwanie\" title=\"Bei X teilen\" aria-label=\"Bei X teilen\" role=\"button\" rel=\"noopener nofollow\" class=\"shariff-link\" style=\"; background-color:#000; color:#000\" target=\"_blank\"><span class=\"shariff-icon\" style=\"fill:#000\"><svg width=\"32px\" height=\"20px\" xmlns=\"http:\/\/www.w3.org\/2000\/svg\" viewBox=\"0 0 24 24\"><path fill=\"#000\" d=\"M14.258 10.152L23.176 0h-2.113l-7.747 8.813L7.133 0H0l9.352 13.328L0 23.973h2.113l8.176-9.309 6.531 9.309h7.133zm-2.895 3.293l-.949-1.328L2.875 1.56h3.246l6.086 8.523.945 1.328 7.91 11.078h-3.246zm0 0\"\/><\/svg><\/span><span class=\"shariff-text\" style=\"color:#000\">teilen<\/span>&nbsp;<\/a><\/li><li class=\"shariff-button info shariff-nocustomcolor\" style=\"background-color:#a8a8a8\"><a href=\"http:\/\/ct.de\/-2467514\" title=\"Weitere Informationen\" aria-label=\"Weitere Informationen\" role=\"button\" rel=\"noopener \" class=\"shariff-link\" style=\"; background-color:#999; color:#999\" target=\"_blank\"><span class=\"shariff-icon\" style=\"fill:#999\"><svg width=\"32px\" height=\"20px\" xmlns=\"http:\/\/www.w3.org\/2000\/svg\" viewBox=\"0 0 11 32\"><path fill=\"#999\" d=\"M11.4 24v2.3q0 0.5-0.3 0.8t-0.8 0.4h-9.1q-0.5 0-0.8-0.4t-0.4-0.8v-2.3q0-0.5 0.4-0.8t0.8-0.4h1.1v-6.8h-1.1q-0.5 0-0.8-0.4t-0.4-0.8v-2.3q0-0.5 0.4-0.8t0.8-0.4h6.8q0.5 0 0.8 0.4t0.4 0.8v10.3h1.1q0.5 0 0.8 0.4t0.3 0.8zM9.2 3.4v3.4q0 0.5-0.4 0.8t-0.8 0.4h-4.6q-0.4 0-0.8-0.4t-0.4-0.8v-3.4q0-0.4 0.4-0.8t0.8-0.4h4.6q0.5 0 0.8 0.4t0.4 0.8z\"\/><\/svg><\/span><\/a><\/li><\/ul><\/div>","protected":false},"excerpt":{"rendered":"<p>Wezwanie na #Szczyt w sprawie mieszkalnictwa Seehofera i Merkel Razem przeciwko #czynszowemu szale\u0144stwu Za polityk\u0119, kt\u00f3ra buduje mieszkania dla wszystkich. Niemcy tkwi\u0105 w kryzysie mieszkalnictwa. Szczeg\u00f3lnie w miastach ceny grunt\u00f3w, [&hellip;]<\/p>\n","protected":false},"author":9,"featured_media":10217,"parent":2,"menu_order":1200,"comment_status":"closed","ping_status":"closed","template":"page-templates\/full-width.php","meta":{"_acf_changed":false,"footnotes":""},"class_list":["post-10477","page","type-page","status-publish","has-post-thumbnail","hentry","has-thumbnail"],"acf":[],"yoast_head":"<!-- This site is optimized with the Yoast SEO plugin v27.4 - https:\/\/yoast.com\/product\/yoast-seo-wordpress\/ -->\n<title>Wezwanie - Zusammen gegen #Mietenwahnsinn<\/title>\n<meta name=\"robots\" content=\"index, follow, max-snippet:-1, max-image-preview:large, max-video-preview:-1\" \/>\n<link rel=\"canonical\" href=\"http:\/\/alternativer-wohngipfel.de\/2018\/aufruf\/pl\/\" \/>\n<meta property=\"og:locale\" content=\"de_DE\" \/>\n<meta property=\"og:type\" content=\"article\" \/>\n<meta property=\"og:title\" content=\"Wezwanie - Zusammen gegen #Mietenwahnsinn\" \/>\n<meta property=\"og:description\" content=\"Wezwanie na #Szczyt w sprawie mieszkalnictwa Seehofera i Merkel Razem przeciwko #czynszowemu szale\u0144stwu Za polityk\u0119, kt\u00f3ra buduje mieszkania dla wszystkich. Niemcy tkwi\u0105 w kryzysie mieszkalnictwa. Szczeg\u00f3lnie w miastach ceny grunt\u00f3w, [&hellip;]\" \/>\n<meta property=\"og:url\" content=\"http:\/\/alternativer-wohngipfel.de\/2018\/aufruf\/pl\/\" \/>\n<meta property=\"og:site_name\" content=\"Zusammen gegen #Mietenwahnsinn\" \/>\n<meta property=\"article:modified_time\" content=\"2018-09-14T15:09:05+00:00\" \/>\n<meta property=\"og:image\" content=\"http:\/\/alternativer-wohngipfel.de\/2018\/wp-content\/uploads\/sites\/3\/2018\/09\/zusammen-gegen-mietenwahnsinn-logo.png\" \/>\n\t<meta property=\"og:image:width\" content=\"1718\" \/>\n\t<meta property=\"og:image:height\" content=\"1246\" \/>\n\t<meta property=\"og:image:type\" content=\"image\/png\" \/>\n<meta name=\"twitter:card\" content=\"summary_large_image\" \/>\n<meta name=\"twitter:label1\" content=\"Gesch\u00e4tzte Lesezeit\" \/>\n\t<meta name=\"twitter:data1\" content=\"3\u00a0Minuten\" \/>\n<script type=\"application\/ld+json\" class=\"yoast-schema-graph\">{\"@context\":\"https:\\\/\\\/schema.org\",\"@graph\":[{\"@type\":\"WebPage\",\"@id\":\"http:\\\/\\\/alternativer-wohngipfel.de\\\/2018\\\/aufruf\\\/pl\\\/\",\"url\":\"http:\\\/\\\/alternativer-wohngipfel.de\\\/2018\\\/aufruf\\\/pl\\\/\",\"name\":\"Wezwanie - Zusammen gegen #Mietenwahnsinn\",\"isPartOf\":{\"@id\":\"http:\\\/\\\/alternativer-wohngipfel.de\\\/2018\\\/#website\"},\"primaryImageOfPage\":{\"@id\":\"http:\\\/\\\/alternativer-wohngipfel.de\\\/2018\\\/aufruf\\\/pl\\\/#primaryimage\"},\"image\":{\"@id\":\"http:\\\/\\\/alternativer-wohngipfel.de\\\/2018\\\/aufruf\\\/pl\\\/#primaryimage\"},\"thumbnailUrl\":\"http:\\\/\\\/alternativer-wohngipfel.de\\\/2018\\\/wp-content\\\/uploads\\\/sites\\\/3\\\/2018\\\/09\\\/zusammen-gegen-mietenwahnsinn-logo.png\",\"datePublished\":\"2018-09-13T19:59:29+00:00\",\"dateModified\":\"2018-09-14T15:09:05+00:00\",\"breadcrumb\":{\"@id\":\"http:\\\/\\\/alternativer-wohngipfel.de\\\/2018\\\/aufruf\\\/pl\\\/#breadcrumb\"},\"inLanguage\":\"de\",\"potentialAction\":[{\"@type\":\"ReadAction\",\"target\":[\"http:\\\/\\\/alternativer-wohngipfel.de\\\/2018\\\/aufruf\\\/pl\\\/\"]}]},{\"@type\":\"ImageObject\",\"inLanguage\":\"de\",\"@id\":\"http:\\\/\\\/alternativer-wohngipfel.de\\\/2018\\\/aufruf\\\/pl\\\/#primaryimage\",\"url\":\"http:\\\/\\\/alternativer-wohngipfel.de\\\/2018\\\/wp-content\\\/uploads\\\/sites\\\/3\\\/2018\\\/09\\\/zusammen-gegen-mietenwahnsinn-logo.png\",\"contentUrl\":\"http:\\\/\\\/alternativer-wohngipfel.de\\\/2018\\\/wp-content\\\/uploads\\\/sites\\\/3\\\/2018\\\/09\\\/zusammen-gegen-mietenwahnsinn-logo.png\",\"width\":1718,\"height\":1246},{\"@type\":\"BreadcrumbList\",\"@id\":\"http:\\\/\\\/alternativer-wohngipfel.de\\\/2018\\\/aufruf\\\/pl\\\/#breadcrumb\",\"itemListElement\":[{\"@type\":\"ListItem\",\"position\":1,\"name\":\"Startseite\",\"item\":\"http:\\\/\\\/alternativer-wohngipfel.de\\\/2018\\\/\"},{\"@type\":\"ListItem\",\"position\":2,\"name\":\"Aufruf\",\"item\":\"http:\\\/\\\/alternativer-wohngipfel.de\\\/2018\\\/\"},{\"@type\":\"ListItem\",\"position\":3,\"name\":\"Wezwanie\"}]},{\"@type\":\"WebSite\",\"@id\":\"http:\\\/\\\/alternativer-wohngipfel.de\\\/2018\\\/#website\",\"url\":\"http:\\\/\\\/alternativer-wohngipfel.de\\\/2018\\\/\",\"name\":\"Zusammen gegen #Mietenwahnsinn\",\"description\":\"F\u00fcr eine Politik, die Wohnraum f\u00fcr ALLE schafft.\",\"potentialAction\":[{\"@type\":\"SearchAction\",\"target\":{\"@type\":\"EntryPoint\",\"urlTemplate\":\"http:\\\/\\\/alternativer-wohngipfel.de\\\/2018\\\/?s={search_term_string}\"},\"query-input\":{\"@type\":\"PropertyValueSpecification\",\"valueRequired\":true,\"valueName\":\"search_term_string\"}}],\"inLanguage\":\"de\"}]}<\/script>\n<!-- \/ Yoast SEO plugin. -->","yoast_head_json":{"title":"Wezwanie - Zusammen gegen #Mietenwahnsinn","robots":{"index":"index","follow":"follow","max-snippet":"max-snippet:-1","max-image-preview":"max-image-preview:large","max-video-preview":"max-video-preview:-1"},"canonical":"http:\/\/alternativer-wohngipfel.de\/2018\/aufruf\/pl\/","og_locale":"de_DE","og_type":"article","og_title":"Wezwanie - Zusammen gegen #Mietenwahnsinn","og_description":"Wezwanie na #Szczyt w sprawie mieszkalnictwa Seehofera i Merkel Razem przeciwko #czynszowemu szale\u0144stwu Za polityk\u0119, kt\u00f3ra buduje mieszkania dla wszystkich. Niemcy tkwi\u0105 w kryzysie mieszkalnictwa. Szczeg\u00f3lnie w miastach ceny grunt\u00f3w, [&hellip;]","og_url":"http:\/\/alternativer-wohngipfel.de\/2018\/aufruf\/pl\/","og_site_name":"Zusammen gegen #Mietenwahnsinn","article_modified_time":"2018-09-14T15:09:05+00:00","og_image":[{"width":1718,"height":1246,"url":"http:\/\/alternativer-wohngipfel.de\/2018\/wp-content\/uploads\/sites\/3\/2018\/09\/zusammen-gegen-mietenwahnsinn-logo.png","type":"image\/png"}],"twitter_card":"summary_large_image","twitter_misc":{"Gesch\u00e4tzte Lesezeit":"3\u00a0Minuten"},"schema":{"@context":"https:\/\/schema.org","@graph":[{"@type":"WebPage","@id":"http:\/\/alternativer-wohngipfel.de\/2018\/aufruf\/pl\/","url":"http:\/\/alternativer-wohngipfel.de\/2018\/aufruf\/pl\/","name":"Wezwanie - Zusammen gegen #Mietenwahnsinn","isPartOf":{"@id":"http:\/\/alternativer-wohngipfel.de\/2018\/#website"},"primaryImageOfPage":{"@id":"http:\/\/alternativer-wohngipfel.de\/2018\/aufruf\/pl\/#primaryimage"},"image":{"@id":"http:\/\/alternativer-wohngipfel.de\/2018\/aufruf\/pl\/#primaryimage"},"thumbnailUrl":"http:\/\/alternativer-wohngipfel.de\/2018\/wp-content\/uploads\/sites\/3\/2018\/09\/zusammen-gegen-mietenwahnsinn-logo.png","datePublished":"2018-09-13T19:59:29+00:00","dateModified":"2018-09-14T15:09:05+00:00","breadcrumb":{"@id":"http:\/\/alternativer-wohngipfel.de\/2018\/aufruf\/pl\/#breadcrumb"},"inLanguage":"de","potentialAction":[{"@type":"ReadAction","target":["http:\/\/alternativer-wohngipfel.de\/2018\/aufruf\/pl\/"]}]},{"@type":"ImageObject","inLanguage":"de","@id":"http:\/\/alternativer-wohngipfel.de\/2018\/aufruf\/pl\/#primaryimage","url":"http:\/\/alternativer-wohngipfel.de\/2018\/wp-content\/uploads\/sites\/3\/2018\/09\/zusammen-gegen-mietenwahnsinn-logo.png","contentUrl":"http:\/\/alternativer-wohngipfel.de\/2018\/wp-content\/uploads\/sites\/3\/2018\/09\/zusammen-gegen-mietenwahnsinn-logo.png","width":1718,"height":1246},{"@type":"BreadcrumbList","@id":"http:\/\/alternativer-wohngipfel.de\/2018\/aufruf\/pl\/#breadcrumb","itemListElement":[{"@type":"ListItem","position":1,"name":"Startseite","item":"http:\/\/alternativer-wohngipfel.de\/2018\/"},{"@type":"ListItem","position":2,"name":"Aufruf","item":"http:\/\/alternativer-wohngipfel.de\/2018\/"},{"@type":"ListItem","position":3,"name":"Wezwanie"}]},{"@type":"WebSite","@id":"http:\/\/alternativer-wohngipfel.de\/2018\/#website","url":"http:\/\/alternativer-wohngipfel.de\/2018\/","name":"Zusammen gegen #Mietenwahnsinn","description":"F\u00fcr eine Politik, die Wohnraum f\u00fcr ALLE schafft.","potentialAction":[{"@type":"SearchAction","target":{"@type":"EntryPoint","urlTemplate":"http:\/\/alternativer-wohngipfel.de\/2018\/?s={search_term_string}"},"query-input":{"@type":"PropertyValueSpecification","valueRequired":true,"valueName":"search_term_string"}}],"inLanguage":"de"}]}},"_links":{"self":[{"href":"http:\/\/alternativer-wohngipfel.de\/2018\/wp-json\/wp\/v2\/pages\/10477","targetHints":{"allow":["GET"]}}],"collection":[{"href":"http:\/\/alternativer-wohngipfel.de\/2018\/wp-json\/wp\/v2\/pages"}],"about":[{"href":"http:\/\/alternativer-wohngipfel.de\/2018\/wp-json\/wp\/v2\/types\/page"}],"author":[{"embeddable":true,"href":"http:\/\/alternativer-wohngipfel.de\/2018\/wp-json\/wp\/v2\/users\/9"}],"replies":[{"embeddable":true,"href":"http:\/\/alternativer-wohngipfel.de\/2018\/wp-json\/wp\/v2\/comments?post=10477"}],"version-history":[{"count":6,"href":"http:\/\/alternativer-wohngipfel.de\/2018\/wp-json\/wp\/v2\/pages\/10477\/revisions"}],"predecessor-version":[{"id":10518,"href":"http:\/\/alternativer-wohngipfel.de\/2018\/wp-json\/wp\/v2\/pages\/10477\/revisions\/10518"}],"up":[{"embeddable":true,"href":"http:\/\/alternativer-wohngipfel.de\/2018\/wp-json\/wp\/v2\/pages\/2"}],"wp:featuredmedia":[{"embeddable":true,"href":"http:\/\/alternativer-wohngipfel.de\/2018\/wp-json\/wp\/v2\/media\/10217"}],"wp:attachment":[{"href":"http:\/\/alternativer-wohngipfel.de\/2018\/wp-json\/wp\/v2\/media?parent=10477"}],"curies":[{"name":"wp","href":"https:\/\/api.w.org\/{rel}","templated":true}]}}