{"id":10510,"date":"2018-09-14T17:32:51","date_gmt":"2018-09-14T15:32:51","guid":{"rendered":"https:\/\/alternativer-wohngipfel.de\/2018\/?page_id=10510"},"modified":"2018-09-14T17:57:21","modified_gmt":"2018-09-14T15:57:21","slug":"en","status":"publish","type":"page","link":"http:\/\/alternativer-wohngipfel.de\/2018\/aufruf\/en\/","title":{"rendered":"Appeal"},"content":{"rendered":"<p style=\"text-align: center;\">Appeal to Seehofer\u2019s and Merkel\u2019s housing summit #Wohngipfel<\/p>\n<h1 style=\"text-align: center;\">United against the rent madness\u00a0#Mietenwahnsinn<\/h1>\n<h2 style=\"text-align: center;\">For a policy that provides living space for everybody.<\/h2>\n<blockquote>\n<h4>Germany has a housing crisis.<\/h4>\n<p>Especially in the cities the prices of land, real-estate and housing are skyrocketing into madly spheres. As a result, speculation is thriving and real-estate holdings are growing fast.<\/p>\n<p>While thousands of people live in fear of losing their apartments because of increasing rents and eviction notices or not finding a suitable apartment, few people have increasing profits. More and more income is spent on the rent. Wage increases are eaten up. In many places, housing has become a poverty risk factor. Homelessness is increasing.<\/p>\n<p>A lot of times, social organizations have to send away people in need. Discrimination and sometimes even open racism make the search for an apartment more difficult. At the same time, week by week the housing market loses thousands of affordable apartments to rent increases, apartment changes, modernizations and evictions.<\/p>\n<p>Market and state have failed. At least 1 million newly-built low-priced apartments are needed. In spite of the huge demand, the market does not provide for affordable construction of new apartments. Instead pseudo-luxury housing is built and offered at exorbitant prices. Most of the time, politics does not take these problems seriously and has made them worse by privatizing public estate and housing companies. Speculation is unleashed. Measures against the increase of prices of land, construction and real-estate are in short supply. It is even worse: Instead of protecting tenants and people searching for apartments, the Federal government refuses to pass necessary improvements of the tenancy law.<\/p>\n<h4>United for a different housing policy.<\/h4>\n<p>In spite of that, more and more people are defending themselves against being driven out. They set up house communities and fight for their neighborhood. By now it has become clear that a housing control for the common good does work, whether it is in energy-related building modernization or construction of new low-cost buildings. It is politics only that refuses to provide the required framework.ein.<\/p>\n<p>L\u00e4ngst ist klar, dass auch gemeinwohlorientierte Wohnraumbewirtschaftung funktioniert, sei es bei der energetischen Geb\u00e4udemodernisierung oder preisg\u00fcnstigem Neubau. Allein die Politik verwehrt den notwendigen Rahmen.<\/p>\n<h4>We are tired of this rent madness #Mietenwahnsinn!<\/h4>\n<p>A broad alliance of initiatives and organizations calls for an overdue change in rent and housing politics:<\/p>\n<ul>\n<li>Tighten up the rental price brake law, fine infractions, lower regular rent increases drastically!<\/li>\n<li>Limit the distribution of costs after modernization to 4% of the construction costs and cut it off at 1,50 \u20ac\/m\u00b2 per month within 8 years!<\/li>\n<li>Energy-related measures should not affect the total rent including utilities.<\/li>\n<li>Stop forced evictions! Improve the protection against unwarranted eviction!<\/li>\n<li>Extend social and low-cost construction of new housing at a large scale and introduce permanent commitments! Provide yearly subsidies for at least 100.000 affordable apartments! Apply the planning law for the common good!<\/li>\n<li>Regulate land prices and land use, do not sell public property to the highest bidder!<\/li>\n<li>Strengthen property owners who act for the common good and introduce a new housing policy serving the public good.<\/li>\n<li>Fight the proprietors\u2019 lobby, establish transparency in real-estate.<\/li>\n<li>Sanction discrimination, create more accessible housing, prevent homelessness!<\/li>\n<li>Adjust housing costs and rent subsidy yearly and based on reality!<\/li>\n<\/ul>\n<h3>Living is a human right \u2013 No ground for speculation!<\/h3>\n<p>Join the \u203aAlternative Housing Summit\u2039 on 20 Sept. 2018 and\/or Friday, 21 Sept. 2018 in the \u203aProtest at the Chancellery\u2039.<\/p>\n<span class=\"button inline\"><a href=\"http:\/\/alternativer-wohngipfel.de\/2018\/wp-content\/uploads\/sites\/3\/2018\/09\/zusammen-gegen-mietenwahnsinn-aufruf-wohngipfel-a4-color-en.pdf\">Appeal (PDF)<\/a><\/span>\n<hr \/>\n<p style=\"text-align: center;\">You are invited by:<a style=\"font-size: 1rem;\" href=\"http:\/\/alternativer-wohngipfel.de\/2018\/aufruf\/liste-der-einladenden\/\"><img loading=\"lazy\" decoding=\"async\" class=\"alignnone wp-image-9505 size-full\" src=\"http:\/\/alternativer-wohngipfel.de\/2018\/wp-content\/uploads\/sites\/3\/2018\/08\/mietenwahnsinn-alternativer-wohngipfel-einlader-logos.png\" alt=\"\" width=\"1900\" height=\"159\" srcset=\"http:\/\/alternativer-wohngipfel.de\/2018\/wp-content\/uploads\/sites\/3\/2018\/08\/mietenwahnsinn-alternativer-wohngipfel-einlader-logos.png 1900w, http:\/\/alternativer-wohngipfel.de\/2018\/wp-content\/uploads\/sites\/3\/2018\/08\/mietenwahnsinn-alternativer-wohngipfel-einlader-logos-300x25.png 300w, http:\/\/alternativer-wohngipfel.de\/2018\/wp-content\/uploads\/sites\/3\/2018\/08\/mietenwahnsinn-alternativer-wohngipfel-einlader-logos-768x64.png 768w, http:\/\/alternativer-wohngipfel.de\/2018\/wp-content\/uploads\/sites\/3\/2018\/08\/mietenwahnsinn-alternativer-wohngipfel-einlader-logos-1024x86.png 1024w, http:\/\/alternativer-wohngipfel.de\/2018\/wp-content\/uploads\/sites\/3\/2018\/08\/mietenwahnsinn-alternativer-wohngipfel-einlader-logos-624x52.png 624w\" sizes=\"auto, (max-width: 1900px) 100vw, 1900px\" \/><\/a><\/p>\n<\/blockquote>\n<div class=\"shariff shariff-align-left shariff-widget-align-left\"><ul class=\"shariff-buttons theme-white orientation-horizontal buttonsize-medium\"><li class=\"shariff-button facebook shariff-nocustomcolor\" style=\"background-color:#4273c8\"><a href=\"https:\/\/www.facebook.com\/sharer\/sharer.php?u=http%3A%2F%2Falternativer-wohngipfel.de%2F2018%2Faufruf%2Fen%2F\" title=\"Bei Facebook teilen\" aria-label=\"Bei Facebook teilen\" role=\"button\" rel=\"nofollow\" class=\"shariff-link\" style=\"; background-color:#3b5998; color:#3b5998\" target=\"_blank\"><span class=\"shariff-icon\" style=\"fill:#3b5998\"><svg width=\"32px\" height=\"20px\" xmlns=\"http:\/\/www.w3.org\/2000\/svg\" viewBox=\"0 0 18 32\"><path fill=\"#3b5998\" d=\"M17.1 0.2v4.7h-2.8q-1.5 0-2.1 0.6t-0.5 1.9v3.4h5.2l-0.7 5.3h-4.5v13.6h-5.5v-13.6h-4.5v-5.3h4.5v-3.9q0-3.3 1.9-5.2t5-1.8q2.6 0 4.1 0.2z\"\/><\/svg><\/span><span class=\"shariff-text\" style=\"color:#3b5998\">teilen<\/span>&nbsp;<\/a><\/li><li class=\"shariff-button twitter shariff-nocustomcolor\" style=\"background-color:#595959\"><a href=\"https:\/\/twitter.com\/share?url=http%3A%2F%2Falternativer-wohngipfel.de%2F2018%2Faufruf%2Fen%2F&text=Appeal\" title=\"Bei X teilen\" aria-label=\"Bei X teilen\" role=\"button\" rel=\"noopener nofollow\" class=\"shariff-link\" style=\"; background-color:#000; color:#000\" target=\"_blank\"><span class=\"shariff-icon\" style=\"fill:#000\"><svg width=\"32px\" height=\"20px\" xmlns=\"http:\/\/www.w3.org\/2000\/svg\" viewBox=\"0 0 24 24\"><path fill=\"#000\" d=\"M14.258 10.152L23.176 0h-2.113l-7.747 8.813L7.133 0H0l9.352 13.328L0 23.973h2.113l8.176-9.309 6.531 9.309h7.133zm-2.895 3.293l-.949-1.328L2.875 1.56h3.246l6.086 8.523.945 1.328 7.91 11.078h-3.246zm0 0\"\/><\/svg><\/span><span class=\"shariff-text\" style=\"color:#000\">teilen<\/span>&nbsp;<\/a><\/li><li class=\"shariff-button info shariff-nocustomcolor\" style=\"background-color:#a8a8a8\"><a href=\"http:\/\/ct.de\/-2467514\" title=\"Weitere Informationen\" aria-label=\"Weitere Informationen\" role=\"button\" rel=\"noopener \" class=\"shariff-link\" style=\"; background-color:#999; color:#999\" target=\"_blank\"><span class=\"shariff-icon\" style=\"fill:#999\"><svg width=\"32px\" height=\"20px\" xmlns=\"http:\/\/www.w3.org\/2000\/svg\" viewBox=\"0 0 11 32\"><path fill=\"#999\" d=\"M11.4 24v2.3q0 0.5-0.3 0.8t-0.8 0.4h-9.1q-0.5 0-0.8-0.4t-0.4-0.8v-2.3q0-0.5 0.4-0.8t0.8-0.4h1.1v-6.8h-1.1q-0.5 0-0.8-0.4t-0.4-0.8v-2.3q0-0.5 0.4-0.8t0.8-0.4h6.8q0.5 0 0.8 0.4t0.4 0.8v10.3h1.1q0.5 0 0.8 0.4t0.3 0.8zM9.2 3.4v3.4q0 0.5-0.4 0.8t-0.8 0.4h-4.6q-0.4 0-0.8-0.4t-0.4-0.8v-3.4q0-0.4 0.4-0.8t0.8-0.4h4.6q0.5 0 0.8 0.4t0.4 0.8z\"\/><\/svg><\/span><\/a><\/li><\/ul><\/div>","protected":false},"excerpt":{"rendered":"<p>Appeal to Seehofer\u2019s and Merkel\u2019s housing summit #Wohngipfel United against the rent madness\u00a0#Mietenwahnsinn For a policy that provides living space for everybody. Germany has a housing crisis. Especially in the [&hellip;]<\/p>\n","protected":false},"author":12,"featured_media":0,"parent":2,"menu_order":0,"comment_status":"closed","ping_status":"closed","template":"page-templates\/full-width.php","meta":{"_acf_changed":false,"footnotes":""},"class_list":["post-10510","page","type-page","status-publish","hentry"],"acf":[],"yoast_head":"<!-- This site is optimized with the Yoast SEO plugin v27.4 - https:\/\/yoast.com\/product\/yoast-seo-wordpress\/ -->\n<title>Appeal - Zusammen gegen #Mietenwahnsinn<\/title>\n<meta name=\"robots\" content=\"index, follow, max-snippet:-1, max-image-preview:large, max-video-preview:-1\" \/>\n<link rel=\"canonical\" href=\"http:\/\/alternativer-wohngipfel.de\/2018\/aufruf\/en\/\" \/>\n<meta property=\"og:locale\" content=\"de_DE\" \/>\n<meta property=\"og:type\" content=\"article\" \/>\n<meta property=\"og:title\" content=\"Appeal - Zusammen gegen #Mietenwahnsinn\" \/>\n<meta property=\"og:description\" content=\"Appeal to Seehofer\u2019s and Merkel\u2019s housing summit #Wohngipfel United against the rent madness\u00a0#Mietenwahnsinn For a policy that provides living space for everybody. Germany has a housing crisis. Especially in the [&hellip;]\" \/>\n<meta property=\"og:url\" content=\"http:\/\/alternativer-wohngipfel.de\/2018\/aufruf\/en\/\" \/>\n<meta property=\"og:site_name\" content=\"Zusammen gegen #Mietenwahnsinn\" \/>\n<meta property=\"article:modified_time\" content=\"2018-09-14T15:57:21+00:00\" \/>\n<meta property=\"og:image\" content=\"http:\/\/alternativer-wohngipfel.de\/2018\/wp-content\/uploads\/sites\/3\/2018\/08\/mietenwahnsinn-alternativer-wohngipfel-einlader-logos.png\" \/>\n<meta name=\"twitter:card\" content=\"summary_large_image\" \/>\n<meta name=\"twitter:label1\" content=\"Gesch\u00e4tzte Lesezeit\" \/>\n\t<meta name=\"twitter:data1\" content=\"3\u00a0Minuten\" \/>\n<script type=\"application\/ld+json\" class=\"yoast-schema-graph\">{\"@context\":\"https:\\\/\\\/schema.org\",\"@graph\":[{\"@type\":\"WebPage\",\"@id\":\"http:\\\/\\\/alternativer-wohngipfel.de\\\/2018\\\/aufruf\\\/en\\\/\",\"url\":\"http:\\\/\\\/alternativer-wohngipfel.de\\\/2018\\\/aufruf\\\/en\\\/\",\"name\":\"Appeal - Zusammen gegen #Mietenwahnsinn\",\"isPartOf\":{\"@id\":\"http:\\\/\\\/alternativer-wohngipfel.de\\\/2018\\\/#website\"},\"primaryImageOfPage\":{\"@id\":\"http:\\\/\\\/alternativer-wohngipfel.de\\\/2018\\\/aufruf\\\/en\\\/#primaryimage\"},\"image\":{\"@id\":\"http:\\\/\\\/alternativer-wohngipfel.de\\\/2018\\\/aufruf\\\/en\\\/#primaryimage\"},\"thumbnailUrl\":\"http:\\\/\\\/alternativer-wohngipfel.de\\\/2018\\\/wp-content\\\/uploads\\\/sites\\\/3\\\/2018\\\/08\\\/mietenwahnsinn-alternativer-wohngipfel-einlader-logos.png\",\"datePublished\":\"2018-09-14T15:32:51+00:00\",\"dateModified\":\"2018-09-14T15:57:21+00:00\",\"breadcrumb\":{\"@id\":\"http:\\\/\\\/alternativer-wohngipfel.de\\\/2018\\\/aufruf\\\/en\\\/#breadcrumb\"},\"inLanguage\":\"de\",\"potentialAction\":[{\"@type\":\"ReadAction\",\"target\":[\"http:\\\/\\\/alternativer-wohngipfel.de\\\/2018\\\/aufruf\\\/en\\\/\"]}]},{\"@type\":\"ImageObject\",\"inLanguage\":\"de\",\"@id\":\"http:\\\/\\\/alternativer-wohngipfel.de\\\/2018\\\/aufruf\\\/en\\\/#primaryimage\",\"url\":\"http:\\\/\\\/alternativer-wohngipfel.de\\\/2018\\\/wp-content\\\/uploads\\\/sites\\\/3\\\/2018\\\/08\\\/mietenwahnsinn-alternativer-wohngipfel-einlader-logos.png\",\"contentUrl\":\"http:\\\/\\\/alternativer-wohngipfel.de\\\/2018\\\/wp-content\\\/uploads\\\/sites\\\/3\\\/2018\\\/08\\\/mietenwahnsinn-alternativer-wohngipfel-einlader-logos.png\",\"width\":1900,\"height\":159},{\"@type\":\"BreadcrumbList\",\"@id\":\"http:\\\/\\\/alternativer-wohngipfel.de\\\/2018\\\/aufruf\\\/en\\\/#breadcrumb\",\"itemListElement\":[{\"@type\":\"ListItem\",\"position\":1,\"name\":\"Startseite\",\"item\":\"http:\\\/\\\/alternativer-wohngipfel.de\\\/2018\\\/\"},{\"@type\":\"ListItem\",\"position\":2,\"name\":\"Aufruf\",\"item\":\"http:\\\/\\\/alternativer-wohngipfel.de\\\/2018\\\/\"},{\"@type\":\"ListItem\",\"position\":3,\"name\":\"Appeal\"}]},{\"@type\":\"WebSite\",\"@id\":\"http:\\\/\\\/alternativer-wohngipfel.de\\\/2018\\\/#website\",\"url\":\"http:\\\/\\\/alternativer-wohngipfel.de\\\/2018\\\/\",\"name\":\"Zusammen gegen #Mietenwahnsinn\",\"description\":\"F\u00fcr eine Politik, die Wohnraum f\u00fcr ALLE schafft.\",\"potentialAction\":[{\"@type\":\"SearchAction\",\"target\":{\"@type\":\"EntryPoint\",\"urlTemplate\":\"http:\\\/\\\/alternativer-wohngipfel.de\\\/2018\\\/?s={search_term_string}\"},\"query-input\":{\"@type\":\"PropertyValueSpecification\",\"valueRequired\":true,\"valueName\":\"search_term_string\"}}],\"inLanguage\":\"de\"}]}<\/script>\n<!-- \/ Yoast SEO plugin. -->","yoast_head_json":{"title":"Appeal - Zusammen gegen #Mietenwahnsinn","robots":{"index":"index","follow":"follow","max-snippet":"max-snippet:-1","max-image-preview":"max-image-preview:large","max-video-preview":"max-video-preview:-1"},"canonical":"http:\/\/alternativer-wohngipfel.de\/2018\/aufruf\/en\/","og_locale":"de_DE","og_type":"article","og_title":"Appeal - Zusammen gegen #Mietenwahnsinn","og_description":"Appeal to Seehofer\u2019s and Merkel\u2019s housing summit #Wohngipfel United against the rent madness\u00a0#Mietenwahnsinn For a policy that provides living space for everybody. Germany has a housing crisis. Especially in the [&hellip;]","og_url":"http:\/\/alternativer-wohngipfel.de\/2018\/aufruf\/en\/","og_site_name":"Zusammen gegen #Mietenwahnsinn","article_modified_time":"2018-09-14T15:57:21+00:00","og_image":[{"url":"http:\/\/alternativer-wohngipfel.de\/2018\/wp-content\/uploads\/sites\/3\/2018\/08\/mietenwahnsinn-alternativer-wohngipfel-einlader-logos.png","type":"","width":"","height":""}],"twitter_card":"summary_large_image","twitter_misc":{"Gesch\u00e4tzte Lesezeit":"3\u00a0Minuten"},"schema":{"@context":"https:\/\/schema.org","@graph":[{"@type":"WebPage","@id":"http:\/\/alternativer-wohngipfel.de\/2018\/aufruf\/en\/","url":"http:\/\/alternativer-wohngipfel.de\/2018\/aufruf\/en\/","name":"Appeal - Zusammen gegen #Mietenwahnsinn","isPartOf":{"@id":"http:\/\/alternativer-wohngipfel.de\/2018\/#website"},"primaryImageOfPage":{"@id":"http:\/\/alternativer-wohngipfel.de\/2018\/aufruf\/en\/#primaryimage"},"image":{"@id":"http:\/\/alternativer-wohngipfel.de\/2018\/aufruf\/en\/#primaryimage"},"thumbnailUrl":"http:\/\/alternativer-wohngipfel.de\/2018\/wp-content\/uploads\/sites\/3\/2018\/08\/mietenwahnsinn-alternativer-wohngipfel-einlader-logos.png","datePublished":"2018-09-14T15:32:51+00:00","dateModified":"2018-09-14T15:57:21+00:00","breadcrumb":{"@id":"http:\/\/alternativer-wohngipfel.de\/2018\/aufruf\/en\/#breadcrumb"},"inLanguage":"de","potentialAction":[{"@type":"ReadAction","target":["http:\/\/alternativer-wohngipfel.de\/2018\/aufruf\/en\/"]}]},{"@type":"ImageObject","inLanguage":"de","@id":"http:\/\/alternativer-wohngipfel.de\/2018\/aufruf\/en\/#primaryimage","url":"http:\/\/alternativer-wohngipfel.de\/2018\/wp-content\/uploads\/sites\/3\/2018\/08\/mietenwahnsinn-alternativer-wohngipfel-einlader-logos.png","contentUrl":"http:\/\/alternativer-wohngipfel.de\/2018\/wp-content\/uploads\/sites\/3\/2018\/08\/mietenwahnsinn-alternativer-wohngipfel-einlader-logos.png","width":1900,"height":159},{"@type":"BreadcrumbList","@id":"http:\/\/alternativer-wohngipfel.de\/2018\/aufruf\/en\/#breadcrumb","itemListElement":[{"@type":"ListItem","position":1,"name":"Startseite","item":"http:\/\/alternativer-wohngipfel.de\/2018\/"},{"@type":"ListItem","position":2,"name":"Aufruf","item":"http:\/\/alternativer-wohngipfel.de\/2018\/"},{"@type":"ListItem","position":3,"name":"Appeal"}]},{"@type":"WebSite","@id":"http:\/\/alternativer-wohngipfel.de\/2018\/#website","url":"http:\/\/alternativer-wohngipfel.de\/2018\/","name":"Zusammen gegen #Mietenwahnsinn","description":"F\u00fcr eine Politik, die Wohnraum f\u00fcr ALLE schafft.","potentialAction":[{"@type":"SearchAction","target":{"@type":"EntryPoint","urlTemplate":"http:\/\/alternativer-wohngipfel.de\/2018\/?s={search_term_string}"},"query-input":{"@type":"PropertyValueSpecification","valueRequired":true,"valueName":"search_term_string"}}],"inLanguage":"de"}]}},"_links":{"self":[{"href":"http:\/\/alternativer-wohngipfel.de\/2018\/wp-json\/wp\/v2\/pages\/10510","targetHints":{"allow":["GET"]}}],"collection":[{"href":"http:\/\/alternativer-wohngipfel.de\/2018\/wp-json\/wp\/v2\/pages"}],"about":[{"href":"http:\/\/alternativer-wohngipfel.de\/2018\/wp-json\/wp\/v2\/types\/page"}],"author":[{"embeddable":true,"href":"http:\/\/alternativer-wohngipfel.de\/2018\/wp-json\/wp\/v2\/users\/12"}],"replies":[{"embeddable":true,"href":"http:\/\/alternativer-wohngipfel.de\/2018\/wp-json\/wp\/v2\/comments?post=10510"}],"version-history":[{"count":5,"href":"http:\/\/alternativer-wohngipfel.de\/2018\/wp-json\/wp\/v2\/pages\/10510\/revisions"}],"predecessor-version":[{"id":10526,"href":"http:\/\/alternativer-wohngipfel.de\/2018\/wp-json\/wp\/v2\/pages\/10510\/revisions\/10526"}],"up":[{"embeddable":true,"href":"http:\/\/alternativer-wohngipfel.de\/2018\/wp-json\/wp\/v2\/pages\/2"}],"wp:attachment":[{"href":"http:\/\/alternativer-wohngipfel.de\/2018\/wp-json\/wp\/v2\/media?parent=10510"}],"curies":[{"name":"wp","href":"https:\/\/api.w.org\/{rel}","templated":true}]}}