{"id":10527,"date":"2018-09-14T17:46:28","date_gmt":"2018-09-14T15:46:28","guid":{"rendered":"https:\/\/alternativer-wohngipfel.de\/2018\/?page_id=10527"},"modified":"2018-09-14T18:03:01","modified_gmt":"2018-09-14T16:03:01","slug":"es","status":"publish","type":"page","link":"http:\/\/alternativer-wohngipfel.de\/2018\/aufruf\/es\/","title":{"rendered":"contra los"},"content":{"rendered":"<p style=\"text-align: center;\"><b>Convocatoria en torno a la cumbre de la vivienda de Seehofer y Merkel #Wohngipfel<\/b><\/p>\n<h1 style=\"text-align: center;\"><b>Unidos contra los alquileres irracionales<span class=\"Apple-converted-space\">\u00a0<\/span><\/b><b>#Mietenwahnsinn<\/b><\/h1>\n<h2 style=\"text-align: center;\"><b>En pos de una pol\u00edtica de vivienda con espacio para todos.<\/b><\/h2>\n<blockquote>\n<h4>Alemania atraviesa una crisis inmobiliaria.<\/h4>\n<p>Principalmente en las ciudades los precios de los terrenos, las inmobiliarias y los alquileres se disparan de manera desorbitada. Como consecuencia de esto, aumentan la espaculaci\u00f3n y los bienes inmuebles vertiginosamente.<\/p>\n<p>Mientras que miles de personas viven con el miedo de perder sus viviendas o de no poder encontrar una vivienda adecuada debido a las subidas de los alquileres y los avisos de desahucio, unos pocos se benefician con el aumento de los r\u00e9ditos. Cada vez m\u00e1s los sueldos se van en pagar el alquiler. Los aumentos salariales son casi inexistentes. En muchos lugares el tener una vivienda se ha convertido en un riesgo de pobreza. La falta de hogar aumenta.<\/p>\n<p>A menudo, organismos sociales tienen que rechazar a personas con necesidad de asistencia social. La discriminaci\u00f3n y en parte el racismo abierto hacen que la b\u00fasqueda de vivienda sea cada vez m\u00e1s dif\u00edcil. Adem\u00e1s, semana tras semana el mercado inmobiliario pierde miles de viviendas econ\u00f3micas debido a las subidas de los alquileres, los cambios de vivienda, las reformas y los avisos de desahucio.<\/p>\n<p>Tanto el mercado como el estado han fracasado. Como m\u00ednimo se necesita un mill\u00f3n de viviendas nuevas con precios razonables. A pesar de la gran demanda, el mercado no logra construir viviendas nuevas econ\u00f3micas. Por el contrario, se construyen viviendas pseudo-lujosas que luego se ofertan por precios desorbitantes. Los pol\u00edticos no toman en serio la mayor\u00eda de los problemas; m\u00e1s bien los han agudizado a trav\u00e9s de la privatizaci\u00f3n de terrenos p\u00fablicos y empresas inmobiliarias. Se le ha dado riendas sueltas a la especulaci\u00f3n.Escasean las medidas contra el aumento de los precios de los terrenos, de la construcci\u00f3n y de los inmuebles. Adem\u00e1s: En vez de proteger adecuadamente a los inquilos e inquilinas, as\u00ed como a personas que est\u00e1n buscando piso en medio de esta situaci\u00f3n del mercado, el gobierno federal no aprueba que se realicen las mejoras pertinentes a la legislaci\u00f3n alemana de los alquileres.<\/p>\n<h4>Unidos en pos de una nueva pol\u00edtica de la vivienda.<\/h4>\n<p>Cada vez m\u00e1s personas se defienden del desplazamiento social y se organizan en sus comunidades y luchan por sus vecindarios. Hace tiempo que se sabe que el control estatal<\/p>\n<p>de viviendas de inter\u00e9s com\u00fan funciona, ya sea con la reforma energ\u00e9tica de los edificios o en la construcci\u00f3n de edificios nuevos econ\u00f3micos. Es la pol\u00edtica quien impide que se creen las condiciones necesarias.<\/p>\n<h4>\u00a1Ya tenemos suficiente de estos alquileres irracionales #Mietenwahnsinn!<\/h4>\n<p>Una amplia fusi\u00f3n de iniciativas y organizaciones exige un cambio en la ya caducada pol\u00edtica de la vivienda y los alquileres:<\/p>\n<ul>\n<li>\u00a1Agudizar el control de los precios de los alquileres, sancionar con multas las infracciones, disminuir dr\u00e1sticamente los aumentos del alquiler!<\/li>\n<li>\u00a1Limitar la derrama de los costes de construcci\u00f3n al 4% despu\u00e9s de las reformas y recortar los precios a 1,50\u20ac\/m\u00b2 al mes durante 8 a\u00f1os!<\/li>\n<li>\u00a1Las medidas energ\u00e9ticas no deber\u00edan afectar dentro de lo posible los alquileres con gastos adicionales inclu\u00eddos!<\/li>\n<li>\u00a1Evitar los desalojos forzosos! \u00a1Mejorar la protecci\u00f3n de los inquilinos contra el desahucio!<\/li>\n<li>\u00a1Ampliar la construcci\u00f3n de nuevas viviendas sociales y econ\u00f3micas y establecer controles de precios duraderos! Garantizar los medios de subvenci\u00f3n para al menos cien mil viviendas al a\u00f1o con precios asequibles. \u00a1Utilizar la planificaci\u00f3n urbana para el bien com\u00fan!<\/li>\n<li>\u00a1Regular los precios y el aprovechamiento de los terrenos, no vender al precio m\u00e1s alto los terrenos p\u00fablicos!<\/li>\n<li>\u00a1Apoyar a los propietarios y arrendadores que abogan por el bien com\u00fan y establecer una nueva pol\u00edtica de viviendas de utilidad p\u00fablica!<\/li>\n<li>\u00a1Refrenar el lobby de los propietarios y hacer m\u00e1s transparente la posesi\u00f3n de inmobiliarias!<\/li>\n<li>\u00a1Sancionar la discriminaci\u00f3n, crear viviendas libres de barreras, impedir la falta de domicilio!<\/li>\n<li>\u00a1Acomodar anualmente los precios de alojamiento y los subsidios de la vivienda lo m\u00e1s posible a la realidad!<\/li>\n<\/ul>\n<h3>\u00a1Tener una vivienda es un derecho humano \u2013 no a la especulaci\u00f3n!<\/h3>\n<p><b>Participa en<\/b><b>\u203ala Cumbre Alternative de la Vivienda\u2039<\/b><b> el 20\/9\/2018 y\/o el viernes 21\/9 \/2018 en la.<\/b><b>\u203aProtesta en la Canciller\u00eda\u2039<\/b><b>.<\/b><\/p>\n<p style=\"text-align: center;\"><span class=\"button inline\"><a href=\"http:\/\/alternativer-wohngipfel.de\/2018\/wp-content\/uploads\/sites\/3\/2018\/09\/zusammen-gegen-mietenwahnsinn-aufruf-wohngipfel-a4-color-sp.pdf\">Convocatoria (PDF)<\/a><\/span><\/p>\n<\/blockquote>\n<hr \/>\n<blockquote>\n<p style=\"text-align: center;\">Os invitan:<\/p>\n<\/blockquote>\n<p><a style=\"font-size: 1rem;\" href=\"http:\/\/alternativer-wohngipfel.de\/2018\/aufruf\/liste-der-einladenden\/\"><img loading=\"lazy\" decoding=\"async\" class=\"alignnone wp-image-9505 size-full\" src=\"http:\/\/alternativer-wohngipfel.de\/2018\/wp-content\/uploads\/sites\/3\/2018\/08\/mietenwahnsinn-alternativer-wohngipfel-einlader-logos.png\" alt=\"\" width=\"1900\" height=\"159\" srcset=\"http:\/\/alternativer-wohngipfel.de\/2018\/wp-content\/uploads\/sites\/3\/2018\/08\/mietenwahnsinn-alternativer-wohngipfel-einlader-logos.png 1900w, http:\/\/alternativer-wohngipfel.de\/2018\/wp-content\/uploads\/sites\/3\/2018\/08\/mietenwahnsinn-alternativer-wohngipfel-einlader-logos-300x25.png 300w, http:\/\/alternativer-wohngipfel.de\/2018\/wp-content\/uploads\/sites\/3\/2018\/08\/mietenwahnsinn-alternativer-wohngipfel-einlader-logos-768x64.png 768w, http:\/\/alternativer-wohngipfel.de\/2018\/wp-content\/uploads\/sites\/3\/2018\/08\/mietenwahnsinn-alternativer-wohngipfel-einlader-logos-1024x86.png 1024w, http:\/\/alternativer-wohngipfel.de\/2018\/wp-content\/uploads\/sites\/3\/2018\/08\/mietenwahnsinn-alternativer-wohngipfel-einlader-logos-624x52.png 624w\" sizes=\"auto, (max-width: 1900px) 100vw, 1900px\" \/><\/a><\/p>\n<div class=\"shariff shariff-align-left shariff-widget-align-left\"><ul class=\"shariff-buttons theme-white orientation-horizontal buttonsize-medium\"><li class=\"shariff-button facebook shariff-nocustomcolor\" style=\"background-color:#4273c8\"><a href=\"https:\/\/www.facebook.com\/sharer\/sharer.php?u=http%3A%2F%2Falternativer-wohngipfel.de%2F2018%2Faufruf%2Fes%2F\" title=\"Bei Facebook teilen\" aria-label=\"Bei Facebook teilen\" role=\"button\" rel=\"nofollow\" class=\"shariff-link\" style=\"; background-color:#3b5998; color:#3b5998\" target=\"_blank\"><span class=\"shariff-icon\" style=\"fill:#3b5998\"><svg width=\"32px\" height=\"20px\" xmlns=\"http:\/\/www.w3.org\/2000\/svg\" viewBox=\"0 0 18 32\"><path fill=\"#3b5998\" d=\"M17.1 0.2v4.7h-2.8q-1.5 0-2.1 0.6t-0.5 1.9v3.4h5.2l-0.7 5.3h-4.5v13.6h-5.5v-13.6h-4.5v-5.3h4.5v-3.9q0-3.3 1.9-5.2t5-1.8q2.6 0 4.1 0.2z\"\/><\/svg><\/span><span class=\"shariff-text\" style=\"color:#3b5998\">teilen<\/span>&nbsp;<\/a><\/li><li class=\"shariff-button twitter shariff-nocustomcolor\" style=\"background-color:#595959\"><a href=\"https:\/\/twitter.com\/share?url=http%3A%2F%2Falternativer-wohngipfel.de%2F2018%2Faufruf%2Fes%2F&text=contra%20los\" title=\"Bei X teilen\" aria-label=\"Bei X teilen\" role=\"button\" rel=\"noopener nofollow\" class=\"shariff-link\" style=\"; background-color:#000; color:#000\" target=\"_blank\"><span class=\"shariff-icon\" style=\"fill:#000\"><svg width=\"32px\" height=\"20px\" xmlns=\"http:\/\/www.w3.org\/2000\/svg\" viewBox=\"0 0 24 24\"><path fill=\"#000\" d=\"M14.258 10.152L23.176 0h-2.113l-7.747 8.813L7.133 0H0l9.352 13.328L0 23.973h2.113l8.176-9.309 6.531 9.309h7.133zm-2.895 3.293l-.949-1.328L2.875 1.56h3.246l6.086 8.523.945 1.328 7.91 11.078h-3.246zm0 0\"\/><\/svg><\/span><span class=\"shariff-text\" style=\"color:#000\">teilen<\/span>&nbsp;<\/a><\/li><li class=\"shariff-button info shariff-nocustomcolor\" style=\"background-color:#a8a8a8\"><a href=\"http:\/\/ct.de\/-2467514\" title=\"Weitere Informationen\" aria-label=\"Weitere Informationen\" role=\"button\" rel=\"noopener \" class=\"shariff-link\" style=\"; background-color:#999; color:#999\" target=\"_blank\"><span class=\"shariff-icon\" style=\"fill:#999\"><svg width=\"32px\" height=\"20px\" xmlns=\"http:\/\/www.w3.org\/2000\/svg\" viewBox=\"0 0 11 32\"><path fill=\"#999\" d=\"M11.4 24v2.3q0 0.5-0.3 0.8t-0.8 0.4h-9.1q-0.5 0-0.8-0.4t-0.4-0.8v-2.3q0-0.5 0.4-0.8t0.8-0.4h1.1v-6.8h-1.1q-0.5 0-0.8-0.4t-0.4-0.8v-2.3q0-0.5 0.4-0.8t0.8-0.4h6.8q0.5 0 0.8 0.4t0.4 0.8v10.3h1.1q0.5 0 0.8 0.4t0.3 0.8zM9.2 3.4v3.4q0 0.5-0.4 0.8t-0.8 0.4h-4.6q-0.4 0-0.8-0.4t-0.4-0.8v-3.4q0-0.4 0.4-0.8t0.8-0.4h4.6q0.5 0 0.8 0.4t0.4 0.8z\"\/><\/svg><\/span><\/a><\/li><\/ul><\/div>","protected":false},"excerpt":{"rendered":"<p>Convocatoria en torno a la cumbre de la vivienda de Seehofer y Merkel #Wohngipfel Unidos contra los alquileres irracionales\u00a0#Mietenwahnsinn En pos de una pol\u00edtica de vivienda con espacio para todos. [&hellip;]<\/p>\n","protected":false},"author":12,"featured_media":0,"parent":2,"menu_order":0,"comment_status":"closed","ping_status":"closed","template":"page-templates\/full-width.php","meta":{"_acf_changed":false,"footnotes":""},"class_list":["post-10527","page","type-page","status-publish","hentry"],"acf":[],"yoast_head":"<!-- This site is optimized with the Yoast SEO plugin v27.4 - https:\/\/yoast.com\/product\/yoast-seo-wordpress\/ -->\n<title>contra los - Zusammen gegen #Mietenwahnsinn<\/title>\n<meta name=\"robots\" content=\"index, follow, max-snippet:-1, max-image-preview:large, max-video-preview:-1\" \/>\n<link rel=\"canonical\" href=\"http:\/\/alternativer-wohngipfel.de\/2018\/aufruf\/es\/\" \/>\n<meta property=\"og:locale\" content=\"de_DE\" \/>\n<meta property=\"og:type\" content=\"article\" \/>\n<meta property=\"og:title\" content=\"contra los - Zusammen gegen #Mietenwahnsinn\" \/>\n<meta property=\"og:description\" content=\"Convocatoria en torno a la cumbre de la vivienda de Seehofer y Merkel #Wohngipfel Unidos contra los alquileres irracionales\u00a0#Mietenwahnsinn En pos de una pol\u00edtica de vivienda con espacio para todos. [&hellip;]\" \/>\n<meta property=\"og:url\" content=\"http:\/\/alternativer-wohngipfel.de\/2018\/aufruf\/es\/\" \/>\n<meta property=\"og:site_name\" content=\"Zusammen gegen #Mietenwahnsinn\" \/>\n<meta property=\"article:modified_time\" content=\"2018-09-14T16:03:01+00:00\" \/>\n<meta property=\"og:image\" content=\"http:\/\/alternativer-wohngipfel.de\/2018\/wp-content\/uploads\/sites\/3\/2018\/08\/mietenwahnsinn-alternativer-wohngipfel-einlader-logos.png\" \/>\n<meta name=\"twitter:card\" content=\"summary_large_image\" \/>\n<meta name=\"twitter:label1\" content=\"Gesch\u00e4tzte Lesezeit\" \/>\n\t<meta name=\"twitter:data1\" content=\"4\u00a0Minuten\" \/>\n<script type=\"application\/ld+json\" class=\"yoast-schema-graph\">{\"@context\":\"https:\\\/\\\/schema.org\",\"@graph\":[{\"@type\":\"WebPage\",\"@id\":\"http:\\\/\\\/alternativer-wohngipfel.de\\\/2018\\\/aufruf\\\/es\\\/\",\"url\":\"http:\\\/\\\/alternativer-wohngipfel.de\\\/2018\\\/aufruf\\\/es\\\/\",\"name\":\"contra los - Zusammen gegen #Mietenwahnsinn\",\"isPartOf\":{\"@id\":\"http:\\\/\\\/alternativer-wohngipfel.de\\\/2018\\\/#website\"},\"primaryImageOfPage\":{\"@id\":\"http:\\\/\\\/alternativer-wohngipfel.de\\\/2018\\\/aufruf\\\/es\\\/#primaryimage\"},\"image\":{\"@id\":\"http:\\\/\\\/alternativer-wohngipfel.de\\\/2018\\\/aufruf\\\/es\\\/#primaryimage\"},\"thumbnailUrl\":\"http:\\\/\\\/alternativer-wohngipfel.de\\\/2018\\\/wp-content\\\/uploads\\\/sites\\\/3\\\/2018\\\/08\\\/mietenwahnsinn-alternativer-wohngipfel-einlader-logos.png\",\"datePublished\":\"2018-09-14T15:46:28+00:00\",\"dateModified\":\"2018-09-14T16:03:01+00:00\",\"breadcrumb\":{\"@id\":\"http:\\\/\\\/alternativer-wohngipfel.de\\\/2018\\\/aufruf\\\/es\\\/#breadcrumb\"},\"inLanguage\":\"de\",\"potentialAction\":[{\"@type\":\"ReadAction\",\"target\":[\"http:\\\/\\\/alternativer-wohngipfel.de\\\/2018\\\/aufruf\\\/es\\\/\"]}]},{\"@type\":\"ImageObject\",\"inLanguage\":\"de\",\"@id\":\"http:\\\/\\\/alternativer-wohngipfel.de\\\/2018\\\/aufruf\\\/es\\\/#primaryimage\",\"url\":\"http:\\\/\\\/alternativer-wohngipfel.de\\\/2018\\\/wp-content\\\/uploads\\\/sites\\\/3\\\/2018\\\/08\\\/mietenwahnsinn-alternativer-wohngipfel-einlader-logos.png\",\"contentUrl\":\"http:\\\/\\\/alternativer-wohngipfel.de\\\/2018\\\/wp-content\\\/uploads\\\/sites\\\/3\\\/2018\\\/08\\\/mietenwahnsinn-alternativer-wohngipfel-einlader-logos.png\",\"width\":1900,\"height\":159},{\"@type\":\"BreadcrumbList\",\"@id\":\"http:\\\/\\\/alternativer-wohngipfel.de\\\/2018\\\/aufruf\\\/es\\\/#breadcrumb\",\"itemListElement\":[{\"@type\":\"ListItem\",\"position\":1,\"name\":\"Startseite\",\"item\":\"http:\\\/\\\/alternativer-wohngipfel.de\\\/2018\\\/\"},{\"@type\":\"ListItem\",\"position\":2,\"name\":\"Aufruf\",\"item\":\"http:\\\/\\\/alternativer-wohngipfel.de\\\/2018\\\/\"},{\"@type\":\"ListItem\",\"position\":3,\"name\":\"contra los\"}]},{\"@type\":\"WebSite\",\"@id\":\"http:\\\/\\\/alternativer-wohngipfel.de\\\/2018\\\/#website\",\"url\":\"http:\\\/\\\/alternativer-wohngipfel.de\\\/2018\\\/\",\"name\":\"Zusammen gegen #Mietenwahnsinn\",\"description\":\"F\u00fcr eine Politik, die Wohnraum f\u00fcr ALLE schafft.\",\"potentialAction\":[{\"@type\":\"SearchAction\",\"target\":{\"@type\":\"EntryPoint\",\"urlTemplate\":\"http:\\\/\\\/alternativer-wohngipfel.de\\\/2018\\\/?s={search_term_string}\"},\"query-input\":{\"@type\":\"PropertyValueSpecification\",\"valueRequired\":true,\"valueName\":\"search_term_string\"}}],\"inLanguage\":\"de\"}]}<\/script>\n<!-- \/ Yoast SEO plugin. -->","yoast_head_json":{"title":"contra los - Zusammen gegen #Mietenwahnsinn","robots":{"index":"index","follow":"follow","max-snippet":"max-snippet:-1","max-image-preview":"max-image-preview:large","max-video-preview":"max-video-preview:-1"},"canonical":"http:\/\/alternativer-wohngipfel.de\/2018\/aufruf\/es\/","og_locale":"de_DE","og_type":"article","og_title":"contra los - Zusammen gegen #Mietenwahnsinn","og_description":"Convocatoria en torno a la cumbre de la vivienda de Seehofer y Merkel #Wohngipfel Unidos contra los alquileres irracionales\u00a0#Mietenwahnsinn En pos de una pol\u00edtica de vivienda con espacio para todos. [&hellip;]","og_url":"http:\/\/alternativer-wohngipfel.de\/2018\/aufruf\/es\/","og_site_name":"Zusammen gegen #Mietenwahnsinn","article_modified_time":"2018-09-14T16:03:01+00:00","og_image":[{"url":"http:\/\/alternativer-wohngipfel.de\/2018\/wp-content\/uploads\/sites\/3\/2018\/08\/mietenwahnsinn-alternativer-wohngipfel-einlader-logos.png","type":"","width":"","height":""}],"twitter_card":"summary_large_image","twitter_misc":{"Gesch\u00e4tzte Lesezeit":"4\u00a0Minuten"},"schema":{"@context":"https:\/\/schema.org","@graph":[{"@type":"WebPage","@id":"http:\/\/alternativer-wohngipfel.de\/2018\/aufruf\/es\/","url":"http:\/\/alternativer-wohngipfel.de\/2018\/aufruf\/es\/","name":"contra los - Zusammen gegen #Mietenwahnsinn","isPartOf":{"@id":"http:\/\/alternativer-wohngipfel.de\/2018\/#website"},"primaryImageOfPage":{"@id":"http:\/\/alternativer-wohngipfel.de\/2018\/aufruf\/es\/#primaryimage"},"image":{"@id":"http:\/\/alternativer-wohngipfel.de\/2018\/aufruf\/es\/#primaryimage"},"thumbnailUrl":"http:\/\/alternativer-wohngipfel.de\/2018\/wp-content\/uploads\/sites\/3\/2018\/08\/mietenwahnsinn-alternativer-wohngipfel-einlader-logos.png","datePublished":"2018-09-14T15:46:28+00:00","dateModified":"2018-09-14T16:03:01+00:00","breadcrumb":{"@id":"http:\/\/alternativer-wohngipfel.de\/2018\/aufruf\/es\/#breadcrumb"},"inLanguage":"de","potentialAction":[{"@type":"ReadAction","target":["http:\/\/alternativer-wohngipfel.de\/2018\/aufruf\/es\/"]}]},{"@type":"ImageObject","inLanguage":"de","@id":"http:\/\/alternativer-wohngipfel.de\/2018\/aufruf\/es\/#primaryimage","url":"http:\/\/alternativer-wohngipfel.de\/2018\/wp-content\/uploads\/sites\/3\/2018\/08\/mietenwahnsinn-alternativer-wohngipfel-einlader-logos.png","contentUrl":"http:\/\/alternativer-wohngipfel.de\/2018\/wp-content\/uploads\/sites\/3\/2018\/08\/mietenwahnsinn-alternativer-wohngipfel-einlader-logos.png","width":1900,"height":159},{"@type":"BreadcrumbList","@id":"http:\/\/alternativer-wohngipfel.de\/2018\/aufruf\/es\/#breadcrumb","itemListElement":[{"@type":"ListItem","position":1,"name":"Startseite","item":"http:\/\/alternativer-wohngipfel.de\/2018\/"},{"@type":"ListItem","position":2,"name":"Aufruf","item":"http:\/\/alternativer-wohngipfel.de\/2018\/"},{"@type":"ListItem","position":3,"name":"contra los"}]},{"@type":"WebSite","@id":"http:\/\/alternativer-wohngipfel.de\/2018\/#website","url":"http:\/\/alternativer-wohngipfel.de\/2018\/","name":"Zusammen gegen #Mietenwahnsinn","description":"F\u00fcr eine Politik, die Wohnraum f\u00fcr ALLE schafft.","potentialAction":[{"@type":"SearchAction","target":{"@type":"EntryPoint","urlTemplate":"http:\/\/alternativer-wohngipfel.de\/2018\/?s={search_term_string}"},"query-input":{"@type":"PropertyValueSpecification","valueRequired":true,"valueName":"search_term_string"}}],"inLanguage":"de"}]}},"_links":{"self":[{"href":"http:\/\/alternativer-wohngipfel.de\/2018\/wp-json\/wp\/v2\/pages\/10527","targetHints":{"allow":["GET"]}}],"collection":[{"href":"http:\/\/alternativer-wohngipfel.de\/2018\/wp-json\/wp\/v2\/pages"}],"about":[{"href":"http:\/\/alternativer-wohngipfel.de\/2018\/wp-json\/wp\/v2\/types\/page"}],"author":[{"embeddable":true,"href":"http:\/\/alternativer-wohngipfel.de\/2018\/wp-json\/wp\/v2\/users\/12"}],"replies":[{"embeddable":true,"href":"http:\/\/alternativer-wohngipfel.de\/2018\/wp-json\/wp\/v2\/comments?post=10527"}],"version-history":[{"count":5,"href":"http:\/\/alternativer-wohngipfel.de\/2018\/wp-json\/wp\/v2\/pages\/10527\/revisions"}],"predecessor-version":[{"id":10543,"href":"http:\/\/alternativer-wohngipfel.de\/2018\/wp-json\/wp\/v2\/pages\/10527\/revisions\/10543"}],"up":[{"embeddable":true,"href":"http:\/\/alternativer-wohngipfel.de\/2018\/wp-json\/wp\/v2\/pages\/2"}],"wp:attachment":[{"href":"http:\/\/alternativer-wohngipfel.de\/2018\/wp-json\/wp\/v2\/media?parent=10527"}],"curies":[{"name":"wp","href":"https:\/\/api.w.org\/{rel}","templated":true}]}}