{"id":10534,"date":"2018-09-14T17:56:10","date_gmt":"2018-09-14T15:56:10","guid":{"rendered":"https:\/\/alternativer-wohngipfel.de\/2018\/?page_id=10534"},"modified":"2018-09-14T18:04:09","modified_gmt":"2018-09-14T16:04:09","slug":"tr","status":"publish","type":"page","link":"http:\/\/alternativer-wohngipfel.de\/2018\/aufruf\/tr\/","title":{"rendered":"Hep birlikte"},"content":{"rendered":"<p style=\"text-align: center;\"><b>Seehofer ve Merkel\u2019in #Wohngipfel etiketine \u00e7a\u011fr\u0131<span class=\"Apple-converted-space\">\u00a0 \u00a0<\/span><\/b><\/p>\n<h1 style=\"text-align: center;\"><b>Hep birlikte <span class=\"Apple-converted-space\">\u00a0<\/span><\/b><b>#Mietenwahnsinn<\/b><\/h1>\n<h2 style=\"text-align: center;\"><b>Herkese konut sa\u011flayan bir siyaset i\u00e7in.<\/b><\/h2>\n<blockquote>\n<h4>Almanya konut krizinde<span class=\"Apple-converted-space\">\u00a0<\/span><\/h4>\n<p>\u00d6zellikle \u015fehirlerde arazi ve emlak fiyatlar\u0131 ve kiralar abs\u00fcrt bir \u015fekilde f\u0131rlamakta. Sonu\u00e7 olarak spek\u00fclasyonlar dallanmakta ve eml\u00e2k servetleri h\u0131zla b\u00fcy\u00fcmekte.<\/p>\n<p>Binlerce insan kira art\u0131\u015flar\u0131ndan ve s\u00f6zle\u015fmelerinin fesh edilmesinden dolay\u0131 oturduklar\u0131 evlerini kaybetmekten yada uygun bir konut bulamamaktan korkarken, bir ka\u00e7 ki\u015finin rant\u0131 artmakta. Gitgide toplam gelirin daha b\u00fcy\u00fck bir k\u0131sm\u0131 kiraya verilmekte. Maa\u015f art\u0131\u015flar\u0131 yutulmakta. Bir\u00e7ok yerde oturmak artik fakirleme riskini bar\u0131nd\u0131rmakta. Evsizlik oran\u0131 artmakta. S\u0131k s\u0131k sosyal kurumlar bak\u0131ma muhta\u00e7 olan insanlar\u0131 geri \u00e7evirmek durumunda. Ayr\u0131mc\u0131l\u0131k ve hatta k\u0131smen a\u00e7\u0131k a\u00e7\u0131k \u0131rk\u00e7\u0131l\u0131k ev aramay\u0131 zorla\u015ft\u0131rmakta. Bunun yan\u0131 s\u0131ra konut pazar\u0131 her hafta kira art\u0131\u015f\u0131ndan, ev de\u011fi\u015fiminlerinden, modernize \u00e7al\u0131\u015fmalar\u0131 ve s\u00f6zle\u015fme fesihlerinden dolay\u0131 binlerce uygun \u00f6denebilir konutu kaybetmektedir.<\/p>\n<p>Pazar ve Devlet\u2019in ba\u015far\u0131s\u0131zl\u0131\u011f\u0131. En az\u0131ndan 1 milyon \u00f6denebilir yeni yap\u0131 eksik. \u0130htiya\u00e7\u0131n b\u00fcy\u00fck olmas\u0131na ra\u011fmen konut pazar\u0131 \u00f6denebilir yeni yap\u0131lar sunamamakta. Bunun yerine s\u00f6z\u00fcm ona l\u00fcks daireler in\u015faa edilmekte ve de\u011ferinden y\u00fcksek fiyatlara sat\u0131lmakta. Siyaset sorunlar\u0131 genelde ciddiye almamakta ve hatta kamu alanlar\u0131n\u0131 ve daha \u00f6nce kamuya ait olan konut kurulu\u015flarn\u0131 \u00f6zelle\u015ftirmesi ile daha da k\u0131zg\u0131nla\u015ft\u0131rd\u0131. Spek\u00fclasyona s\u0131n\u0131r koyulmuyor. Arazi, yap\u0131 ve eml\u00e2k fiyatlar\u0131n\u0131n art\u0131\u015f\u0131na kar\u015f\u0131 koyulan \u00f6nlemler bulunmaz hint kuma\u015f\u0131 misali. Hatta hatta: Kirac\u0131lar\u0131n\u0131 ve konut arayanlar\u0131n\u0131 bulunduklar\u0131 Pazar i\u00e7erisinde etkin bir \u015fekilde koruyacaklar\u0131na, kira yasalar\u0131ndaki yap\u0131lmas\u0131 gereken d\u00fczeltmeler Federal H\u00fck\u00fcmet taraf\u0131ndan geri \u00e7evrilmekte.<\/p>\n<h4>Ba\u015fka bir konut politikas\u0131 i\u00e7in el ele.<\/h4>\n<p>Ancak, gitgide daha \u00e7ok insan d\u0131\u015flamac\u0131l\u0131\u011fa kar\u015f\u0131 direnmekte ev topluluklar\u0131 kurmakta ve kom\u015fular\u0131n\u0131n haklar\u0131n\u0131 korumak \u00fczere seslerini y\u00fckseltmekte. Epeydir kamu yarar\u0131n\u0131 g\u00f6zederek de, gerek energetik bina \u00e7al\u0131\u015fmalar\u0131nda gerek uygun fiyatl\u0131 yeni yap\u0131larda, konut ekonomisinin y\u00fcr\u00fcd\u00fc\u011f\u00fc bilinmekte. Bir tek siyaset gerekli \u00e7er\u00e7eveyi sunmay\u0131 reddetmekte.<span class=\"Apple-converted-space\">\u00a0 \u00a0<\/span><\/p>\n<h4>Bu #Mietenwahnsinn etiketine yeter diyoruz!<\/h4>\n<p>\u00c7ok say\u0131da kurulu\u015f ve organisasyon tek bir a\u011f\u0131zdan \u00e7oktan ger\u00e7ekle\u015fmi\u015f olmas\u0131 gereken konut ve kira siyasetinin y\u00f6n\u00fcn\u00fcn de\u011fi\u015fimini talep etmektedir:<\/p>\n<ul>\n<li>Kira fiyatlar\u0131n\u0131n s\u0131n\u0131r\u0131n\u0131 belirginle\u015ftirmek, para cezalar\u0131na kar\u015f\u0131 gelenleri yapt\u0131r\u0131mda bulunmak, normal kira art\u0131\u015flar\u0131n\u0131 hissedilir \u015fekilde indirmek!<\/li>\n<li>Modernize \u00e7al\u0131\u015fmalar\u0131ndan sonra in\u015faat giderlerinin da\u011f\u0131l\u0131m\u0131n\u0131 %4<span class=\"Apple-converted-space\">\u00a0 <\/span>olarak k\u0131s\u0131tlanmas\u0131 ve sekiz y\u0131l i\u00e7erisinde 1,50 Avro\/m2 ba\u015f\u0131 olan uygulaman\u0131n kald\u0131r\u0131lmas\u0131!<\/li>\n<li>Energetik \u00e7al\u0131\u015fmalar m\u00fcmk\u00fcn oldu\u011funca yak\u0131t\u0131 dahil kirada tarafs\u0131z olmal\u0131!<\/li>\n<li>Zorla evden \u00e7\u0131kartt\u0131r\u0131lmalar\u0131n engellenmesi! Fesh edilme koruma yasas\u0131n\u0131n d\u00fczeltilmesi!<\/li>\n<li>Sosyal ve uygun fiyatl\u0131 yeni yap\u0131tlar\u0131n g\u00f6r\u00fcn\u00fcr \u015fekilde yayg\u0131nla\u015ft\u0131r\u0131lmas\u0131 ve sabit anla\u015fmalar\u0131n getirilmesi!<span class=\"Apple-converted-space\">\u00a0<\/span><\/li>\n<li>Y\u0131lda en az 100.000 konutun yap\u0131labilmesi i\u00e7in te\u015fvik yard\u0131m\u0131n\u0131n hali haz\u0131rda tutulmas\u0131. Kamu yarar\u0131 i\u00e7in planlama yasas\u0131n\u0131n kullan\u0131lmas\u0131!<\/li>\n<li>Toprak fiyatlar\u0131n\u0131 ve alan kullan\u0131mlar\u0131n\u0131 d\u00fczenlemesi, kamuya ait arsalar\u0131 tavan fiyat\u0131na sat\u0131lmamas\u0131!<\/li>\n<li>Ev sahipleri lobisini geri \u00e7evirmek ve m\u00fclk\u00fc \u015feffafla\u015ft\u0131rmak!<\/li>\n<li>Ayr\u0131mc\u0131l\u0131\u011f\u0131 cezaland\u0131rmak, engelsiz konut olu\u015fturmak, evsizli\u011fin \u00f6n\u00fcne ge\u00e7mek!<\/li>\n<li>Konut masraflar\u0131n\u0131 ve kira yard\u0131m\u0131n\u0131 ya\u015fam ger\u00e7e\u011fine uygun bir \u015fekilde her y\u0131l denkle\u015ftirilmesi!<\/li>\n<\/ul>\n<h3>Konut insan hakk\u0131d\u0131r \u2013Vurgunculu\u011fa toprak yok!<\/h3>\n<p><b>\u203aAlternatif konut zirvesine \u2039<\/b><b>20<\/b><b>.9.2018 ve\/veya Cuma 21.9.2018 tarihinde<br \/>\n<\/b><b>\u203aKanzleramt\u2019taki protestoya\u2039 <\/b><b>gelin.<\/b><\/p>\n<p style=\"text-align: center;\"><span class=\"button inline\"><a href=\"http:\/\/alternativer-wohngipfel.de\/2018\/wp-content\/uploads\/sites\/3\/2018\/09\/zusammen-gegen-mietenwahnsinn-aufruf-wohngipfel-a4-color-trk.pdf\">\u00c7a\u011fr\u0131 (PDF)<\/a><\/span><\/p>\n<\/blockquote>\n<hr \/>\n<blockquote>\n<p style=\"text-align: center;\">Davette bulunanlar:<span class=\"Apple-converted-space\">\u00a0<\/span><\/p>\n<\/blockquote>\n<p><a style=\"font-size: 1rem;\" href=\"http:\/\/alternativer-wohngipfel.de\/2018\/aufruf\/liste-der-einladenden\/\"><img loading=\"lazy\" decoding=\"async\" class=\"alignnone wp-image-9505 size-full\" src=\"http:\/\/alternativer-wohngipfel.de\/2018\/wp-content\/uploads\/sites\/3\/2018\/08\/mietenwahnsinn-alternativer-wohngipfel-einlader-logos.png\" alt=\"\" width=\"1900\" height=\"159\" srcset=\"http:\/\/alternativer-wohngipfel.de\/2018\/wp-content\/uploads\/sites\/3\/2018\/08\/mietenwahnsinn-alternativer-wohngipfel-einlader-logos.png 1900w, http:\/\/alternativer-wohngipfel.de\/2018\/wp-content\/uploads\/sites\/3\/2018\/08\/mietenwahnsinn-alternativer-wohngipfel-einlader-logos-300x25.png 300w, http:\/\/alternativer-wohngipfel.de\/2018\/wp-content\/uploads\/sites\/3\/2018\/08\/mietenwahnsinn-alternativer-wohngipfel-einlader-logos-768x64.png 768w, http:\/\/alternativer-wohngipfel.de\/2018\/wp-content\/uploads\/sites\/3\/2018\/08\/mietenwahnsinn-alternativer-wohngipfel-einlader-logos-1024x86.png 1024w, http:\/\/alternativer-wohngipfel.de\/2018\/wp-content\/uploads\/sites\/3\/2018\/08\/mietenwahnsinn-alternativer-wohngipfel-einlader-logos-624x52.png 624w\" sizes=\"auto, (max-width: 1900px) 100vw, 1900px\" \/><\/a><\/p>\n<div class=\"shariff shariff-align-left shariff-widget-align-left\"><ul class=\"shariff-buttons theme-white orientation-horizontal buttonsize-medium\"><li class=\"shariff-button facebook shariff-nocustomcolor\" style=\"background-color:#4273c8\"><a href=\"https:\/\/www.facebook.com\/sharer\/sharer.php?u=http%3A%2F%2Falternativer-wohngipfel.de%2F2018%2Faufruf%2Ftr%2F\" title=\"Bei Facebook teilen\" aria-label=\"Bei Facebook teilen\" role=\"button\" rel=\"nofollow\" class=\"shariff-link\" style=\"; background-color:#3b5998; color:#3b5998\" target=\"_blank\"><span class=\"shariff-icon\" style=\"fill:#3b5998\"><svg width=\"32px\" height=\"20px\" xmlns=\"http:\/\/www.w3.org\/2000\/svg\" viewBox=\"0 0 18 32\"><path fill=\"#3b5998\" d=\"M17.1 0.2v4.7h-2.8q-1.5 0-2.1 0.6t-0.5 1.9v3.4h5.2l-0.7 5.3h-4.5v13.6h-5.5v-13.6h-4.5v-5.3h4.5v-3.9q0-3.3 1.9-5.2t5-1.8q2.6 0 4.1 0.2z\"\/><\/svg><\/span><span class=\"shariff-text\" style=\"color:#3b5998\">teilen<\/span>&nbsp;<\/a><\/li><li class=\"shariff-button twitter shariff-nocustomcolor\" style=\"background-color:#595959\"><a href=\"https:\/\/twitter.com\/share?url=http%3A%2F%2Falternativer-wohngipfel.de%2F2018%2Faufruf%2Ftr%2F&text=Hep%20birlikte\" title=\"Bei X teilen\" aria-label=\"Bei X teilen\" role=\"button\" rel=\"noopener nofollow\" class=\"shariff-link\" style=\"; background-color:#000; color:#000\" target=\"_blank\"><span class=\"shariff-icon\" style=\"fill:#000\"><svg width=\"32px\" height=\"20px\" xmlns=\"http:\/\/www.w3.org\/2000\/svg\" viewBox=\"0 0 24 24\"><path fill=\"#000\" d=\"M14.258 10.152L23.176 0h-2.113l-7.747 8.813L7.133 0H0l9.352 13.328L0 23.973h2.113l8.176-9.309 6.531 9.309h7.133zm-2.895 3.293l-.949-1.328L2.875 1.56h3.246l6.086 8.523.945 1.328 7.91 11.078h-3.246zm0 0\"\/><\/svg><\/span><span class=\"shariff-text\" style=\"color:#000\">teilen<\/span>&nbsp;<\/a><\/li><li class=\"shariff-button info shariff-nocustomcolor\" style=\"background-color:#a8a8a8\"><a href=\"http:\/\/ct.de\/-2467514\" title=\"Weitere Informationen\" aria-label=\"Weitere Informationen\" role=\"button\" rel=\"noopener \" class=\"shariff-link\" style=\"; background-color:#999; color:#999\" target=\"_blank\"><span class=\"shariff-icon\" style=\"fill:#999\"><svg width=\"32px\" height=\"20px\" xmlns=\"http:\/\/www.w3.org\/2000\/svg\" viewBox=\"0 0 11 32\"><path fill=\"#999\" d=\"M11.4 24v2.3q0 0.5-0.3 0.8t-0.8 0.4h-9.1q-0.5 0-0.8-0.4t-0.4-0.8v-2.3q0-0.5 0.4-0.8t0.8-0.4h1.1v-6.8h-1.1q-0.5 0-0.8-0.4t-0.4-0.8v-2.3q0-0.5 0.4-0.8t0.8-0.4h6.8q0.5 0 0.8 0.4t0.4 0.8v10.3h1.1q0.5 0 0.8 0.4t0.3 0.8zM9.2 3.4v3.4q0 0.5-0.4 0.8t-0.8 0.4h-4.6q-0.4 0-0.8-0.4t-0.4-0.8v-3.4q0-0.4 0.4-0.8t0.8-0.4h4.6q0.5 0 0.8 0.4t0.4 0.8z\"\/><\/svg><\/span><\/a><\/li><\/ul><\/div>","protected":false},"excerpt":{"rendered":"<p>Seehofer ve Merkel\u2019in #Wohngipfel etiketine \u00e7a\u011fr\u0131\u00a0 \u00a0 Hep birlikte \u00a0#Mietenwahnsinn Herkese konut sa\u011flayan bir siyaset i\u00e7in. Almanya konut krizinde\u00a0 \u00d6zellikle \u015fehirlerde arazi ve emlak fiyatlar\u0131 ve kiralar abs\u00fcrt bir \u015fekilde [&hellip;]<\/p>\n","protected":false},"author":12,"featured_media":0,"parent":2,"menu_order":0,"comment_status":"closed","ping_status":"closed","template":"page-templates\/full-width.php","meta":{"_acf_changed":false,"footnotes":""},"class_list":["post-10534","page","type-page","status-publish","hentry"],"acf":[],"yoast_head":"<!-- This site is optimized with the Yoast SEO plugin v27.4 - https:\/\/yoast.com\/product\/yoast-seo-wordpress\/ -->\n<title>Hep birlikte - Zusammen gegen #Mietenwahnsinn<\/title>\n<meta name=\"robots\" content=\"index, follow, max-snippet:-1, max-image-preview:large, max-video-preview:-1\" \/>\n<link rel=\"canonical\" href=\"http:\/\/alternativer-wohngipfel.de\/2018\/aufruf\/tr\/\" \/>\n<meta property=\"og:locale\" content=\"de_DE\" \/>\n<meta property=\"og:type\" content=\"article\" \/>\n<meta property=\"og:title\" content=\"Hep birlikte - Zusammen gegen #Mietenwahnsinn\" \/>\n<meta property=\"og:description\" content=\"Seehofer ve Merkel\u2019in #Wohngipfel etiketine \u00e7a\u011fr\u0131\u00a0 \u00a0 Hep birlikte \u00a0#Mietenwahnsinn Herkese konut sa\u011flayan bir siyaset i\u00e7in. Almanya konut krizinde\u00a0 \u00d6zellikle \u015fehirlerde arazi ve emlak fiyatlar\u0131 ve kiralar abs\u00fcrt bir \u015fekilde [&hellip;]\" \/>\n<meta property=\"og:url\" content=\"http:\/\/alternativer-wohngipfel.de\/2018\/aufruf\/tr\/\" \/>\n<meta property=\"og:site_name\" content=\"Zusammen gegen #Mietenwahnsinn\" \/>\n<meta property=\"article:modified_time\" content=\"2018-09-14T16:04:09+00:00\" \/>\n<meta property=\"og:image\" content=\"http:\/\/alternativer-wohngipfel.de\/2018\/wp-content\/uploads\/sites\/3\/2018\/08\/mietenwahnsinn-alternativer-wohngipfel-einlader-logos.png\" \/>\n<meta name=\"twitter:card\" content=\"summary_large_image\" \/>\n<meta name=\"twitter:label1\" content=\"Gesch\u00e4tzte Lesezeit\" \/>\n\t<meta name=\"twitter:data1\" content=\"3\u00a0Minuten\" \/>\n<script type=\"application\/ld+json\" class=\"yoast-schema-graph\">{\"@context\":\"https:\\\/\\\/schema.org\",\"@graph\":[{\"@type\":\"WebPage\",\"@id\":\"http:\\\/\\\/alternativer-wohngipfel.de\\\/2018\\\/aufruf\\\/tr\\\/\",\"url\":\"http:\\\/\\\/alternativer-wohngipfel.de\\\/2018\\\/aufruf\\\/tr\\\/\",\"name\":\"Hep birlikte - Zusammen gegen #Mietenwahnsinn\",\"isPartOf\":{\"@id\":\"http:\\\/\\\/alternativer-wohngipfel.de\\\/2018\\\/#website\"},\"primaryImageOfPage\":{\"@id\":\"http:\\\/\\\/alternativer-wohngipfel.de\\\/2018\\\/aufruf\\\/tr\\\/#primaryimage\"},\"image\":{\"@id\":\"http:\\\/\\\/alternativer-wohngipfel.de\\\/2018\\\/aufruf\\\/tr\\\/#primaryimage\"},\"thumbnailUrl\":\"http:\\\/\\\/alternativer-wohngipfel.de\\\/2018\\\/wp-content\\\/uploads\\\/sites\\\/3\\\/2018\\\/08\\\/mietenwahnsinn-alternativer-wohngipfel-einlader-logos.png\",\"datePublished\":\"2018-09-14T15:56:10+00:00\",\"dateModified\":\"2018-09-14T16:04:09+00:00\",\"breadcrumb\":{\"@id\":\"http:\\\/\\\/alternativer-wohngipfel.de\\\/2018\\\/aufruf\\\/tr\\\/#breadcrumb\"},\"inLanguage\":\"de\",\"potentialAction\":[{\"@type\":\"ReadAction\",\"target\":[\"http:\\\/\\\/alternativer-wohngipfel.de\\\/2018\\\/aufruf\\\/tr\\\/\"]}]},{\"@type\":\"ImageObject\",\"inLanguage\":\"de\",\"@id\":\"http:\\\/\\\/alternativer-wohngipfel.de\\\/2018\\\/aufruf\\\/tr\\\/#primaryimage\",\"url\":\"http:\\\/\\\/alternativer-wohngipfel.de\\\/2018\\\/wp-content\\\/uploads\\\/sites\\\/3\\\/2018\\\/08\\\/mietenwahnsinn-alternativer-wohngipfel-einlader-logos.png\",\"contentUrl\":\"http:\\\/\\\/alternativer-wohngipfel.de\\\/2018\\\/wp-content\\\/uploads\\\/sites\\\/3\\\/2018\\\/08\\\/mietenwahnsinn-alternativer-wohngipfel-einlader-logos.png\",\"width\":1900,\"height\":159},{\"@type\":\"BreadcrumbList\",\"@id\":\"http:\\\/\\\/alternativer-wohngipfel.de\\\/2018\\\/aufruf\\\/tr\\\/#breadcrumb\",\"itemListElement\":[{\"@type\":\"ListItem\",\"position\":1,\"name\":\"Startseite\",\"item\":\"http:\\\/\\\/alternativer-wohngipfel.de\\\/2018\\\/\"},{\"@type\":\"ListItem\",\"position\":2,\"name\":\"Aufruf\",\"item\":\"http:\\\/\\\/alternativer-wohngipfel.de\\\/2018\\\/\"},{\"@type\":\"ListItem\",\"position\":3,\"name\":\"Hep birlikte\"}]},{\"@type\":\"WebSite\",\"@id\":\"http:\\\/\\\/alternativer-wohngipfel.de\\\/2018\\\/#website\",\"url\":\"http:\\\/\\\/alternativer-wohngipfel.de\\\/2018\\\/\",\"name\":\"Zusammen gegen #Mietenwahnsinn\",\"description\":\"F\u00fcr eine Politik, die Wohnraum f\u00fcr ALLE schafft.\",\"potentialAction\":[{\"@type\":\"SearchAction\",\"target\":{\"@type\":\"EntryPoint\",\"urlTemplate\":\"http:\\\/\\\/alternativer-wohngipfel.de\\\/2018\\\/?s={search_term_string}\"},\"query-input\":{\"@type\":\"PropertyValueSpecification\",\"valueRequired\":true,\"valueName\":\"search_term_string\"}}],\"inLanguage\":\"de\"}]}<\/script>\n<!-- \/ Yoast SEO plugin. -->","yoast_head_json":{"title":"Hep birlikte - Zusammen gegen #Mietenwahnsinn","robots":{"index":"index","follow":"follow","max-snippet":"max-snippet:-1","max-image-preview":"max-image-preview:large","max-video-preview":"max-video-preview:-1"},"canonical":"http:\/\/alternativer-wohngipfel.de\/2018\/aufruf\/tr\/","og_locale":"de_DE","og_type":"article","og_title":"Hep birlikte - Zusammen gegen #Mietenwahnsinn","og_description":"Seehofer ve Merkel\u2019in #Wohngipfel etiketine \u00e7a\u011fr\u0131\u00a0 \u00a0 Hep birlikte \u00a0#Mietenwahnsinn Herkese konut sa\u011flayan bir siyaset i\u00e7in. Almanya konut krizinde\u00a0 \u00d6zellikle \u015fehirlerde arazi ve emlak fiyatlar\u0131 ve kiralar abs\u00fcrt bir \u015fekilde [&hellip;]","og_url":"http:\/\/alternativer-wohngipfel.de\/2018\/aufruf\/tr\/","og_site_name":"Zusammen gegen #Mietenwahnsinn","article_modified_time":"2018-09-14T16:04:09+00:00","og_image":[{"url":"http:\/\/alternativer-wohngipfel.de\/2018\/wp-content\/uploads\/sites\/3\/2018\/08\/mietenwahnsinn-alternativer-wohngipfel-einlader-logos.png","type":"","width":"","height":""}],"twitter_card":"summary_large_image","twitter_misc":{"Gesch\u00e4tzte Lesezeit":"3\u00a0Minuten"},"schema":{"@context":"https:\/\/schema.org","@graph":[{"@type":"WebPage","@id":"http:\/\/alternativer-wohngipfel.de\/2018\/aufruf\/tr\/","url":"http:\/\/alternativer-wohngipfel.de\/2018\/aufruf\/tr\/","name":"Hep birlikte - Zusammen gegen #Mietenwahnsinn","isPartOf":{"@id":"http:\/\/alternativer-wohngipfel.de\/2018\/#website"},"primaryImageOfPage":{"@id":"http:\/\/alternativer-wohngipfel.de\/2018\/aufruf\/tr\/#primaryimage"},"image":{"@id":"http:\/\/alternativer-wohngipfel.de\/2018\/aufruf\/tr\/#primaryimage"},"thumbnailUrl":"http:\/\/alternativer-wohngipfel.de\/2018\/wp-content\/uploads\/sites\/3\/2018\/08\/mietenwahnsinn-alternativer-wohngipfel-einlader-logos.png","datePublished":"2018-09-14T15:56:10+00:00","dateModified":"2018-09-14T16:04:09+00:00","breadcrumb":{"@id":"http:\/\/alternativer-wohngipfel.de\/2018\/aufruf\/tr\/#breadcrumb"},"inLanguage":"de","potentialAction":[{"@type":"ReadAction","target":["http:\/\/alternativer-wohngipfel.de\/2018\/aufruf\/tr\/"]}]},{"@type":"ImageObject","inLanguage":"de","@id":"http:\/\/alternativer-wohngipfel.de\/2018\/aufruf\/tr\/#primaryimage","url":"http:\/\/alternativer-wohngipfel.de\/2018\/wp-content\/uploads\/sites\/3\/2018\/08\/mietenwahnsinn-alternativer-wohngipfel-einlader-logos.png","contentUrl":"http:\/\/alternativer-wohngipfel.de\/2018\/wp-content\/uploads\/sites\/3\/2018\/08\/mietenwahnsinn-alternativer-wohngipfel-einlader-logos.png","width":1900,"height":159},{"@type":"BreadcrumbList","@id":"http:\/\/alternativer-wohngipfel.de\/2018\/aufruf\/tr\/#breadcrumb","itemListElement":[{"@type":"ListItem","position":1,"name":"Startseite","item":"http:\/\/alternativer-wohngipfel.de\/2018\/"},{"@type":"ListItem","position":2,"name":"Aufruf","item":"http:\/\/alternativer-wohngipfel.de\/2018\/"},{"@type":"ListItem","position":3,"name":"Hep birlikte"}]},{"@type":"WebSite","@id":"http:\/\/alternativer-wohngipfel.de\/2018\/#website","url":"http:\/\/alternativer-wohngipfel.de\/2018\/","name":"Zusammen gegen #Mietenwahnsinn","description":"F\u00fcr eine Politik, die Wohnraum f\u00fcr ALLE schafft.","potentialAction":[{"@type":"SearchAction","target":{"@type":"EntryPoint","urlTemplate":"http:\/\/alternativer-wohngipfel.de\/2018\/?s={search_term_string}"},"query-input":{"@type":"PropertyValueSpecification","valueRequired":true,"valueName":"search_term_string"}}],"inLanguage":"de"}]}},"_links":{"self":[{"href":"http:\/\/alternativer-wohngipfel.de\/2018\/wp-json\/wp\/v2\/pages\/10534","targetHints":{"allow":["GET"]}}],"collection":[{"href":"http:\/\/alternativer-wohngipfel.de\/2018\/wp-json\/wp\/v2\/pages"}],"about":[{"href":"http:\/\/alternativer-wohngipfel.de\/2018\/wp-json\/wp\/v2\/types\/page"}],"author":[{"embeddable":true,"href":"http:\/\/alternativer-wohngipfel.de\/2018\/wp-json\/wp\/v2\/users\/12"}],"replies":[{"embeddable":true,"href":"http:\/\/alternativer-wohngipfel.de\/2018\/wp-json\/wp\/v2\/comments?post=10534"}],"version-history":[{"count":4,"href":"http:\/\/alternativer-wohngipfel.de\/2018\/wp-json\/wp\/v2\/pages\/10534\/revisions"}],"predecessor-version":[{"id":10544,"href":"http:\/\/alternativer-wohngipfel.de\/2018\/wp-json\/wp\/v2\/pages\/10534\/revisions\/10544"}],"up":[{"embeddable":true,"href":"http:\/\/alternativer-wohngipfel.de\/2018\/wp-json\/wp\/v2\/pages\/2"}],"wp:attachment":[{"href":"http:\/\/alternativer-wohngipfel.de\/2018\/wp-json\/wp\/v2\/media?parent=10534"}],"curies":[{"name":"wp","href":"https:\/\/api.w.org\/{rel}","templated":true}]}}