{"id":2,"date":"2018-08-22T16:24:53","date_gmt":"2018-08-22T14:24:53","guid":{"rendered":"https:\/\/alternativer-wohngipfel.de\/2018\/?page_id=2"},"modified":"2019-12-27T17:45:17","modified_gmt":"2019-12-27T16:45:17","slug":"aufruf","status":"publish","type":"page","link":"http:\/\/alternativer-wohngipfel.de\/2018\/","title":{"rendered":"Aufruf"},"content":{"rendered":"<div class=\"gallery-wrapper gallery-2 flexslider\">\n<ul class=\"slides\">\n<li id=\"gallery-item-1\" class=\"single single-image\">\n<div class=\"slider-image\"><a href=\"http:\/\/alternativer-wohngipfel.de\/2018\/alternativer-wohngipfel\/\"><img loading=\"lazy\" decoding=\"async\" width=\"1050\" height=\"550\" src=\"http:\/\/alternativer-wohngipfel.de\/2018\/wp-content\/uploads\/sites\/3\/2018\/08\/zusammen-gegen-mietenwahnsinn-aufruf-zum-wohngipfel-faus-anfaust-slides.jpg\" class=\"attachment-full size-full\" alt=\"\" srcset=\"http:\/\/alternativer-wohngipfel.de\/2018\/wp-content\/uploads\/sites\/3\/2018\/08\/zusammen-gegen-mietenwahnsinn-aufruf-zum-wohngipfel-faus-anfaust-slides.jpg 1050w, http:\/\/alternativer-wohngipfel.de\/2018\/wp-content\/uploads\/sites\/3\/2018\/08\/zusammen-gegen-mietenwahnsinn-aufruf-zum-wohngipfel-faus-anfaust-slides-300x157.jpg 300w, http:\/\/alternativer-wohngipfel.de\/2018\/wp-content\/uploads\/sites\/3\/2018\/08\/zusammen-gegen-mietenwahnsinn-aufruf-zum-wohngipfel-faus-anfaust-slides-768x402.jpg 768w, http:\/\/alternativer-wohngipfel.de\/2018\/wp-content\/uploads\/sites\/3\/2018\/08\/zusammen-gegen-mietenwahnsinn-aufruf-zum-wohngipfel-faus-anfaust-slides-1024x536.jpg 1024w, http:\/\/alternativer-wohngipfel.de\/2018\/wp-content\/uploads\/sites\/3\/2018\/08\/zusammen-gegen-mietenwahnsinn-aufruf-zum-wohngipfel-faus-anfaust-slides-624x327.jpg 624w\" sizes=\"auto, (max-width: 1050px) 100vw, 1050px\" \/><\/a><\/div>\n<\/li>\n<li id=\"gallery-item-2\" class=\"single single-image\">\n<div class=\"slider-image\"><a href=\"http:\/\/alternativer-wohngipfel.de\/2018\/kundgebung\/\"><img loading=\"lazy\" decoding=\"async\" width=\"1050\" height=\"550\" src=\"http:\/\/alternativer-wohngipfel.de\/2018\/wp-content\/uploads\/sites\/3\/2018\/08\/zusammen-gegen-mietenwahnsinn-aufruf-zum-wohngipfel-faus-anfaust-slides2.jpg\" class=\"attachment-full size-full\" alt=\"\" srcset=\"http:\/\/alternativer-wohngipfel.de\/2018\/wp-content\/uploads\/sites\/3\/2018\/08\/zusammen-gegen-mietenwahnsinn-aufruf-zum-wohngipfel-faus-anfaust-slides2.jpg 1050w, http:\/\/alternativer-wohngipfel.de\/2018\/wp-content\/uploads\/sites\/3\/2018\/08\/zusammen-gegen-mietenwahnsinn-aufruf-zum-wohngipfel-faus-anfaust-slides2-300x157.jpg 300w, http:\/\/alternativer-wohngipfel.de\/2018\/wp-content\/uploads\/sites\/3\/2018\/08\/zusammen-gegen-mietenwahnsinn-aufruf-zum-wohngipfel-faus-anfaust-slides2-768x402.jpg 768w, http:\/\/alternativer-wohngipfel.de\/2018\/wp-content\/uploads\/sites\/3\/2018\/08\/zusammen-gegen-mietenwahnsinn-aufruf-zum-wohngipfel-faus-anfaust-slides2-1024x536.jpg 1024w, http:\/\/alternativer-wohngipfel.de\/2018\/wp-content\/uploads\/sites\/3\/2018\/08\/zusammen-gegen-mietenwahnsinn-aufruf-zum-wohngipfel-faus-anfaust-slides2-624x327.jpg 624w\" sizes=\"auto, (max-width: 1050px) 100vw, 1050px\" \/><\/a><\/div>\n<\/li>\n<\/ul>\n<\/div>\n<p style=\"text-align: center;\">Das Ergebnis des Alternativen Wohngipfels liegt in Form von 55 Forderungen vor.<\/p>\n<p style=\"text-align: center;\"><span class=\"button inline\"><a href=\"http:\/\/alternativer-wohngipfel.de\/2018\/2019\/01\/31\/55-forderungen-fuer-eine-bessere-wohnungspolitik-in-deutschland\/\">55 Forderungen lesen<\/a><\/span><\/p>\n<hr \/>\n<p id=\"aufruf\" style=\"text-align: center;\">Aufruf gegen den #Wohngipfel von Seehofer\/Merkel:<\/p>\n<h1 style=\"text-align: center;\">Zusammen gegen #Mietenwahnsinn!<\/h1>\n<h2 style=\"text-align: center;\">Gemeinsam gegen Spaltung, Verdr\u00e4ngung und Wohnungslosigkeit \u2013 bezahlbarer Wohnraum f\u00fcr alle statt mehr Rendite f\u00fcr wenige.<\/h2>\n<blockquote>\n<h4 class=\"p1\"><span class=\"s1\">Deutschland hat eine Wohnungskrise. <\/span><\/h4>\n<p class=\"p2\">Besonders in den St\u00e4dten schie\u00dfen die Boden-, Immobi\u00adlien- und Mietpreise in absurde H\u00f6hen. Als Folge bl\u00fcht die Spekulation und die Immobilienverm\u00f6gen wachsen rasant.<\/p>\n<p class=\"p2\">W\u00e4hrend abertausende Menschen in der Angst leben, aufgrund von Mietsteigerungen und K\u00fcndigungen ihre Wohnungen zu verlieren oder keine geeignete Wohnung zu finden, steigt die Rendite f\u00fcr Wenige. Immer mehr Einkommen geht f\u00fcr die Miete drauf. Lohnsteigerungen werden aufgefressen. Vielerorts ist Wohnen zum Armutsrisiko geworden. Die Wohnungslosigkeit w\u00e4chst. Oft m\u00fcssen soziale Tr\u00e4ger Menschen mit Betreuungsbedarf abweisen. Diskriminierung und teilweise offener Rassismus erschweren die Wohnungssuche. Unterdessen verliert der Wohnungsmarkt Woche f\u00fcr Woche durch Mieterh\u00f6hungen, Wohnungswechsel, Modernisierungen und K\u00fcndigungen tausende leistbarer Wohnungen.<\/p>\n<p class=\"p1\">Markt und Staat versagen. Mindestens 1 Million preiswerte Neubauwohnungen fehlen. Trotz des gro\u00dfen Bedarfs schafft der Markt keinen preiswerten Wohnungsneubau. Stattdessen wird Pseudo-Luxus gebaut und zu \u00fcberteu\u00ader\u00adten Preisen angeboten. Die Politik nimmt die Probleme \u00fcberwiegend nicht ernst und hat sie durch die Privatisierung von \u00f6ffentlichem Boden und von Wohnungsunternehmen versch\u00e4rft. Der Spekulation wird freie Hand gelassen. Ma\u00dfnahmen gegen den Anstieg von Boden-, Bau- und Immobilienpreisen sind Mangelware. Vielmehr noch: Statt Mieter*innen und Wohnungsuchende in dieser Marktsituation wirksam zu sch\u00fctzen, werden notwendige Mietrechtsverbesserungen von der Bundesregierung abgelehnt.<\/p>\n<h4 class=\"p1\"><span class=\"s1\">Gemeinsam f\u00fcr eine andere Wohnungspolitik <\/span><\/h4>\n<p class=\"p2\">Aber immer mehr Menschen wehren sich gegen die Verdr\u00e4ngung, schlie\u00dfen sich zu Hausgemeinschaften zusammen und setzen sich f\u00fcr ihre Nachbarschaft ein. L\u00e4ngst ist klar, dass auch gemeinwohlorientierte Wohnraumbewirtschaftung funktioniert, sei es bei der energetischen Geb\u00e4udemodernisierung oder preisg\u00fcnstigem Neubau. Allein die Politik verwehrt den notwendigen Rahmen.<\/p>\n<h4 class=\"p1\"><span class=\"s1\">Wir haben genug von diesem #Mietenwahnsinn! <\/span><\/h4>\n<p class=\"p2\">Ein breiter Zusammenschluss von Initiativen und Organisationen fordert einen l\u00e4ngst \u00fcberf\u00e4lligen Kurswechsel in der Wohnungs- und Mietenpolitik:<\/p>\n<ul>\n<li class=\"p3\">Mietpreisbremse sch\u00e4rfen, Verst\u00f6\u00dfe mit Bu\u00dfgeld sanktionieren.<\/li>\n<li class=\"p3\">Umlage nach Modernisierung auf 4\u00a0% der Baukosten beschr\u00e4nken und bei 1,50 \u20ac\/qm im Monat innerhalb von 8 Jahren kappen!<\/li>\n<li class=\"p3\">Energetische Ma\u00dfnahmen sollen m\u00f6glichst warmmietenneutral sein!<\/li>\n<li class=\"p3\">Zwangsr\u00e4umungen verhindern! K\u00fcndigungsschutz verbessern!<\/li>\n<li class=\"p3\">Sozialen und preisg\u00fcnstigen Wohnungsneubau deutlich ausweiten und dauerhafte Bindungen einf\u00fchren! F\u00f6rdermittel f\u00fcr mindestens 100.000 leist\u00adbare Wohnungen pro Jahr bereitstellen. Das Planungs\u00adrecht f\u00fcr das Gemeinwohl einsetzen!<\/li>\n<li class=\"p3\">Bodenpreise und Bodennutzung regulieren, Grundst\u00fccke der \u00f6ffentlichen Hand nicht zum H\u00f6chstpreis ver\u00e4u\u00dfern!<\/li>\n<li class=\"p3\">Gemeinwohlorientierte Eigent\u00fcmer*innen und Vermieter*innen st\u00e4rken und eine neue Wohnungsgemeinn\u00fctzigkeit einf\u00fchren!<\/li>\n<li class=\"p3\">Eigent\u00fcmerlobby zur\u00fcckdr\u00e4ngen, Immobilienbesitz transparent machen!<\/li>\n<li>Diskriminierung sanktionieren, mehr barrierefreien Wohnraum schaffen, Wohnungslosigkeit verhindern!<\/li>\n<li>Kosten der Unterkunft und Wohngeld realit\u00e4tsgerecht j\u00e4hrlich anpassen.<\/li>\n<\/ul>\n<h3 class=\"p1\" style=\"text-align: center;\"><span class=\"s1\">Wohnen ist Menschenrecht \u2013 Keinen Boden der Spekulation!<\/span><\/h3>\n<\/blockquote>\n<p style=\"text-align: center;\"><a href=\"http:\/\/alternativer-wohngipfel.de\/2018\/wp-content\/uploads\/sites\/3\/2018\/08\/zusammen-gegen-mietenwahnsinn-aufruf-zum-wohngipfel-dina4-color.pdf\" target=\"_blank\" rel=\"noopener noreferrer\">Aufruf als PDF \u00f6ffnen<\/a><\/p>\n<p style=\"text-align: center;\">Derzeit stehen\u00a0<strong>228<\/strong>\u00a0<strong>Initiativen und Organisationen<\/strong>\u00a0in einem breiten gesellschaftlichen Zusammenschluss hinter dem Aufruf.<\/p>\n<p style=\"text-align: center; margin-top: 1.5em;\"><a href=\"https:\/\/weact.campact.de\/petitions\/zusammen-gegen-mietenwahnsinn\" target=\"_blank\" rel=\"noopener noreferrer\">Einzelpersonen unterst\u00fctzen bitte die \u201eZusammen gegen #Mietenwahnsinn\u201c Petition \u2026<\/a><\/p>\n<hr \/>\n<p style=\"text-align: center;\">Es laden ein:<\/p>\n<p><a href=\"http:\/\/alternativer-wohngipfel.de\/2018\/aufruf\/liste-der-einladenden\/\"><img loading=\"lazy\" decoding=\"async\" class=\"alignnone wp-image-9505 size-full\" src=\"http:\/\/alternativer-wohngipfel.de\/2018\/wp-content\/uploads\/sites\/3\/2018\/08\/mietenwahnsinn-alternativer-wohngipfel-einlader-logos.png\" alt=\"\" width=\"1900\" height=\"159\" srcset=\"http:\/\/alternativer-wohngipfel.de\/2018\/wp-content\/uploads\/sites\/3\/2018\/08\/mietenwahnsinn-alternativer-wohngipfel-einlader-logos.png 1900w, http:\/\/alternativer-wohngipfel.de\/2018\/wp-content\/uploads\/sites\/3\/2018\/08\/mietenwahnsinn-alternativer-wohngipfel-einlader-logos-300x25.png 300w, http:\/\/alternativer-wohngipfel.de\/2018\/wp-content\/uploads\/sites\/3\/2018\/08\/mietenwahnsinn-alternativer-wohngipfel-einlader-logos-768x64.png 768w, http:\/\/alternativer-wohngipfel.de\/2018\/wp-content\/uploads\/sites\/3\/2018\/08\/mietenwahnsinn-alternativer-wohngipfel-einlader-logos-1024x86.png 1024w, http:\/\/alternativer-wohngipfel.de\/2018\/wp-content\/uploads\/sites\/3\/2018\/08\/mietenwahnsinn-alternativer-wohngipfel-einlader-logos-624x52.png 624w\" sizes=\"auto, (max-width: 1900px) 100vw, 1900px\" \/><\/a><\/p>\n<hr \/>\n<p style=\"text-align: center;\"><strong>Unterst\u00fctzt von vielen Initiativen, Organisationen und Personen des \u00f6ffentlichen Lebens.<\/strong><\/p>\n<p style=\"text-align: center;\"><span class=\"button inline\"><a href=\"http:\/\/alternativer-wohngipfel.de\/2018\/aufruf\/unterstuetzende\/\">Alle Unterst\u00fctzenden ansehen<\/a><\/span><\/p>\n<p>&nbsp;<\/p>\n<div class=\"shariff shariff-align-left shariff-widget-align-left\"><ul class=\"shariff-buttons theme-white orientation-horizontal buttonsize-medium\"><li class=\"shariff-button facebook shariff-nocustomcolor\" style=\"background-color:#4273c8\"><a href=\"https:\/\/www.facebook.com\/sharer\/sharer.php?u=http%3A%2F%2Falternativer-wohngipfel.de%2F2018%2F\" title=\"Bei Facebook teilen\" aria-label=\"Bei Facebook teilen\" role=\"button\" rel=\"nofollow\" class=\"shariff-link\" style=\"; background-color:#3b5998; color:#3b5998\" target=\"_blank\"><span class=\"shariff-icon\" style=\"fill:#3b5998\"><svg width=\"32px\" height=\"20px\" xmlns=\"http:\/\/www.w3.org\/2000\/svg\" viewBox=\"0 0 18 32\"><path fill=\"#3b5998\" d=\"M17.1 0.2v4.7h-2.8q-1.5 0-2.1 0.6t-0.5 1.9v3.4h5.2l-0.7 5.3h-4.5v13.6h-5.5v-13.6h-4.5v-5.3h4.5v-3.9q0-3.3 1.9-5.2t5-1.8q2.6 0 4.1 0.2z\"\/><\/svg><\/span><span class=\"shariff-text\" style=\"color:#3b5998\">teilen<\/span>&nbsp;<\/a><\/li><li class=\"shariff-button twitter shariff-nocustomcolor\" style=\"background-color:#595959\"><a href=\"https:\/\/twitter.com\/share?url=http%3A%2F%2Falternativer-wohngipfel.de%2F2018%2F&text=Aufruf\" title=\"Bei X teilen\" aria-label=\"Bei X teilen\" role=\"button\" rel=\"noopener nofollow\" class=\"shariff-link\" style=\"; background-color:#000; color:#000\" target=\"_blank\"><span class=\"shariff-icon\" style=\"fill:#000\"><svg width=\"32px\" height=\"20px\" xmlns=\"http:\/\/www.w3.org\/2000\/svg\" viewBox=\"0 0 24 24\"><path fill=\"#000\" d=\"M14.258 10.152L23.176 0h-2.113l-7.747 8.813L7.133 0H0l9.352 13.328L0 23.973h2.113l8.176-9.309 6.531 9.309h7.133zm-2.895 3.293l-.949-1.328L2.875 1.56h3.246l6.086 8.523.945 1.328 7.91 11.078h-3.246zm0 0\"\/><\/svg><\/span><span class=\"shariff-text\" style=\"color:#000\">teilen<\/span>&nbsp;<\/a><\/li><li class=\"shariff-button info shariff-nocustomcolor\" style=\"background-color:#a8a8a8\"><a href=\"http:\/\/ct.de\/-2467514\" title=\"Weitere Informationen\" aria-label=\"Weitere Informationen\" role=\"button\" rel=\"noopener \" class=\"shariff-link\" style=\"; background-color:#999; color:#999\" target=\"_blank\"><span class=\"shariff-icon\" style=\"fill:#999\"><svg width=\"32px\" height=\"20px\" xmlns=\"http:\/\/www.w3.org\/2000\/svg\" viewBox=\"0 0 11 32\"><path fill=\"#999\" d=\"M11.4 24v2.3q0 0.5-0.3 0.8t-0.8 0.4h-9.1q-0.5 0-0.8-0.4t-0.4-0.8v-2.3q0-0.5 0.4-0.8t0.8-0.4h1.1v-6.8h-1.1q-0.5 0-0.8-0.4t-0.4-0.8v-2.3q0-0.5 0.4-0.8t0.8-0.4h6.8q0.5 0 0.8 0.4t0.4 0.8v10.3h1.1q0.5 0 0.8 0.4t0.3 0.8zM9.2 3.4v3.4q0 0.5-0.4 0.8t-0.8 0.4h-4.6q-0.4 0-0.8-0.4t-0.4-0.8v-3.4q0-0.4 0.4-0.8t0.8-0.4h4.6q0.5 0 0.8 0.4t0.4 0.8z\"\/><\/svg><\/span><\/a><\/li><\/ul><\/div>","protected":false},"excerpt":{"rendered":"<p>Das Ergebnis des Alternativen Wohngipfels liegt in Form von 55 Forderungen vor. Aufruf gegen den #Wohngipfel von Seehofer\/Merkel: Zusammen gegen #Mietenwahnsinn! Gemeinsam gegen Spaltung, Verdr\u00e4ngung und Wohnungslosigkeit \u2013 bezahlbarer Wohnraum [&hellip;]<\/p>\n","protected":false},"author":2,"featured_media":9798,"parent":0,"menu_order":0,"comment_status":"closed","ping_status":"closed","template":"page-templates\/full-width.php","meta":{"_acf_changed":false,"footnotes":""},"class_list":["post-2","page","type-page","status-publish","has-post-thumbnail","hentry","has-thumbnail"],"acf":[],"yoast_head":"<!-- This site is optimized with the Yoast SEO plugin v27.4 - https:\/\/yoast.com\/product\/yoast-seo-wordpress\/ -->\n<title>Aufruf - Zusammen gegen #Mietenwahnsinn<\/title>\n<meta name=\"robots\" content=\"index, follow, max-snippet:-1, max-image-preview:large, max-video-preview:-1\" \/>\n<link rel=\"canonical\" href=\"http:\/\/alternativer-wohngipfel.de\/2018\/\" \/>\n<meta property=\"og:locale\" content=\"de_DE\" \/>\n<meta property=\"og:type\" content=\"article\" \/>\n<meta property=\"og:title\" content=\"Aufruf - Zusammen gegen #Mietenwahnsinn\" \/>\n<meta property=\"og:description\" content=\"Das Ergebnis des Alternativen Wohngipfels liegt in Form von 55 Forderungen vor. Aufruf gegen den #Wohngipfel von Seehofer\/Merkel: Zusammen gegen #Mietenwahnsinn! Gemeinsam gegen Spaltung, Verdr\u00e4ngung und Wohnungslosigkeit \u2013 bezahlbarer Wohnraum [&hellip;]\" \/>\n<meta property=\"og:url\" content=\"http:\/\/alternativer-wohngipfel.de\/2018\/\" \/>\n<meta property=\"og:site_name\" content=\"Zusammen gegen #Mietenwahnsinn\" \/>\n<meta property=\"article:modified_time\" content=\"2019-12-27T16:45:17+00:00\" \/>\n<meta property=\"og:image\" content=\"http:\/\/alternativer-wohngipfel.de\/2018\/wp-content\/uploads\/sites\/3\/2018\/08\/zusammen-gegen-mietenwahnsinn-aufruf-zum-wohngipfel-faus-anfaust-slides2.jpg\" \/>\n\t<meta property=\"og:image:width\" content=\"1050\" \/>\n\t<meta property=\"og:image:height\" content=\"550\" \/>\n\t<meta property=\"og:image:type\" content=\"image\/jpeg\" \/>\n<meta name=\"twitter:card\" content=\"summary_large_image\" \/>\n<meta name=\"twitter:label1\" content=\"Gesch\u00e4tzte Lesezeit\" \/>\n\t<meta name=\"twitter:data1\" content=\"3\u00a0Minuten\" \/>\n<script type=\"application\/ld+json\" class=\"yoast-schema-graph\">{\"@context\":\"https:\\\/\\\/schema.org\",\"@graph\":[{\"@type\":\"WebPage\",\"@id\":\"http:\\\/\\\/alternativer-wohngipfel.de\\\/2018\\\/\",\"url\":\"http:\\\/\\\/alternativer-wohngipfel.de\\\/2018\\\/\",\"name\":\"Aufruf - Zusammen gegen #Mietenwahnsinn\",\"isPartOf\":{\"@id\":\"http:\\\/\\\/alternativer-wohngipfel.de\\\/2018\\\/#website\"},\"primaryImageOfPage\":{\"@id\":\"http:\\\/\\\/alternativer-wohngipfel.de\\\/2018\\\/#primaryimage\"},\"image\":{\"@id\":\"http:\\\/\\\/alternativer-wohngipfel.de\\\/2018\\\/#primaryimage\"},\"thumbnailUrl\":\"http:\\\/\\\/alternativer-wohngipfel.de\\\/2018\\\/wp-content\\\/uploads\\\/sites\\\/3\\\/2018\\\/08\\\/zusammen-gegen-mietenwahnsinn-aufruf-zum-wohngipfel-faus-anfaust-slides2.jpg\",\"datePublished\":\"2018-08-22T14:24:53+00:00\",\"dateModified\":\"2019-12-27T16:45:17+00:00\",\"breadcrumb\":{\"@id\":\"http:\\\/\\\/alternativer-wohngipfel.de\\\/2018\\\/#breadcrumb\"},\"inLanguage\":\"de\",\"potentialAction\":[{\"@type\":\"ReadAction\",\"target\":[\"http:\\\/\\\/alternativer-wohngipfel.de\\\/2018\\\/\"]}]},{\"@type\":\"ImageObject\",\"inLanguage\":\"de\",\"@id\":\"http:\\\/\\\/alternativer-wohngipfel.de\\\/2018\\\/#primaryimage\",\"url\":\"http:\\\/\\\/alternativer-wohngipfel.de\\\/2018\\\/wp-content\\\/uploads\\\/sites\\\/3\\\/2018\\\/08\\\/zusammen-gegen-mietenwahnsinn-aufruf-zum-wohngipfel-faus-anfaust-slides2.jpg\",\"contentUrl\":\"http:\\\/\\\/alternativer-wohngipfel.de\\\/2018\\\/wp-content\\\/uploads\\\/sites\\\/3\\\/2018\\\/08\\\/zusammen-gegen-mietenwahnsinn-aufruf-zum-wohngipfel-faus-anfaust-slides2.jpg\",\"width\":1050,\"height\":550},{\"@type\":\"BreadcrumbList\",\"@id\":\"http:\\\/\\\/alternativer-wohngipfel.de\\\/2018\\\/#breadcrumb\",\"itemListElement\":[{\"@type\":\"ListItem\",\"position\":1,\"name\":\"Startseite\",\"item\":\"http:\\\/\\\/alternativer-wohngipfel.de\\\/2018\\\/\"},{\"@type\":\"ListItem\",\"position\":2,\"name\":\"Aufruf\"}]},{\"@type\":\"WebSite\",\"@id\":\"http:\\\/\\\/alternativer-wohngipfel.de\\\/2018\\\/#website\",\"url\":\"http:\\\/\\\/alternativer-wohngipfel.de\\\/2018\\\/\",\"name\":\"Zusammen gegen #Mietenwahnsinn\",\"description\":\"F\u00fcr eine Politik, die Wohnraum f\u00fcr ALLE schafft.\",\"potentialAction\":[{\"@type\":\"SearchAction\",\"target\":{\"@type\":\"EntryPoint\",\"urlTemplate\":\"http:\\\/\\\/alternativer-wohngipfel.de\\\/2018\\\/?s={search_term_string}\"},\"query-input\":{\"@type\":\"PropertyValueSpecification\",\"valueRequired\":true,\"valueName\":\"search_term_string\"}}],\"inLanguage\":\"de\"}]}<\/script>\n<!-- \/ Yoast SEO plugin. -->","yoast_head_json":{"title":"Aufruf - Zusammen gegen #Mietenwahnsinn","robots":{"index":"index","follow":"follow","max-snippet":"max-snippet:-1","max-image-preview":"max-image-preview:large","max-video-preview":"max-video-preview:-1"},"canonical":"http:\/\/alternativer-wohngipfel.de\/2018\/","og_locale":"de_DE","og_type":"article","og_title":"Aufruf - Zusammen gegen #Mietenwahnsinn","og_description":"Das Ergebnis des Alternativen Wohngipfels liegt in Form von 55 Forderungen vor. Aufruf gegen den #Wohngipfel von Seehofer\/Merkel: Zusammen gegen #Mietenwahnsinn! Gemeinsam gegen Spaltung, Verdr\u00e4ngung und Wohnungslosigkeit \u2013 bezahlbarer Wohnraum [&hellip;]","og_url":"http:\/\/alternativer-wohngipfel.de\/2018\/","og_site_name":"Zusammen gegen #Mietenwahnsinn","article_modified_time":"2019-12-27T16:45:17+00:00","og_image":[{"width":1050,"height":550,"url":"http:\/\/alternativer-wohngipfel.de\/2018\/wp-content\/uploads\/sites\/3\/2018\/08\/zusammen-gegen-mietenwahnsinn-aufruf-zum-wohngipfel-faus-anfaust-slides2.jpg","type":"image\/jpeg"}],"twitter_card":"summary_large_image","twitter_misc":{"Gesch\u00e4tzte Lesezeit":"3\u00a0Minuten"},"schema":{"@context":"https:\/\/schema.org","@graph":[{"@type":"WebPage","@id":"http:\/\/alternativer-wohngipfel.de\/2018\/","url":"http:\/\/alternativer-wohngipfel.de\/2018\/","name":"Aufruf - Zusammen gegen #Mietenwahnsinn","isPartOf":{"@id":"http:\/\/alternativer-wohngipfel.de\/2018\/#website"},"primaryImageOfPage":{"@id":"http:\/\/alternativer-wohngipfel.de\/2018\/#primaryimage"},"image":{"@id":"http:\/\/alternativer-wohngipfel.de\/2018\/#primaryimage"},"thumbnailUrl":"http:\/\/alternativer-wohngipfel.de\/2018\/wp-content\/uploads\/sites\/3\/2018\/08\/zusammen-gegen-mietenwahnsinn-aufruf-zum-wohngipfel-faus-anfaust-slides2.jpg","datePublished":"2018-08-22T14:24:53+00:00","dateModified":"2019-12-27T16:45:17+00:00","breadcrumb":{"@id":"http:\/\/alternativer-wohngipfel.de\/2018\/#breadcrumb"},"inLanguage":"de","potentialAction":[{"@type":"ReadAction","target":["http:\/\/alternativer-wohngipfel.de\/2018\/"]}]},{"@type":"ImageObject","inLanguage":"de","@id":"http:\/\/alternativer-wohngipfel.de\/2018\/#primaryimage","url":"http:\/\/alternativer-wohngipfel.de\/2018\/wp-content\/uploads\/sites\/3\/2018\/08\/zusammen-gegen-mietenwahnsinn-aufruf-zum-wohngipfel-faus-anfaust-slides2.jpg","contentUrl":"http:\/\/alternativer-wohngipfel.de\/2018\/wp-content\/uploads\/sites\/3\/2018\/08\/zusammen-gegen-mietenwahnsinn-aufruf-zum-wohngipfel-faus-anfaust-slides2.jpg","width":1050,"height":550},{"@type":"BreadcrumbList","@id":"http:\/\/alternativer-wohngipfel.de\/2018\/#breadcrumb","itemListElement":[{"@type":"ListItem","position":1,"name":"Startseite","item":"http:\/\/alternativer-wohngipfel.de\/2018\/"},{"@type":"ListItem","position":2,"name":"Aufruf"}]},{"@type":"WebSite","@id":"http:\/\/alternativer-wohngipfel.de\/2018\/#website","url":"http:\/\/alternativer-wohngipfel.de\/2018\/","name":"Zusammen gegen #Mietenwahnsinn","description":"F\u00fcr eine Politik, die Wohnraum f\u00fcr ALLE schafft.","potentialAction":[{"@type":"SearchAction","target":{"@type":"EntryPoint","urlTemplate":"http:\/\/alternativer-wohngipfel.de\/2018\/?s={search_term_string}"},"query-input":{"@type":"PropertyValueSpecification","valueRequired":true,"valueName":"search_term_string"}}],"inLanguage":"de"}]}},"_links":{"self":[{"href":"http:\/\/alternativer-wohngipfel.de\/2018\/wp-json\/wp\/v2\/pages\/2","targetHints":{"allow":["GET"]}}],"collection":[{"href":"http:\/\/alternativer-wohngipfel.de\/2018\/wp-json\/wp\/v2\/pages"}],"about":[{"href":"http:\/\/alternativer-wohngipfel.de\/2018\/wp-json\/wp\/v2\/types\/page"}],"author":[{"embeddable":true,"href":"http:\/\/alternativer-wohngipfel.de\/2018\/wp-json\/wp\/v2\/users\/2"}],"replies":[{"embeddable":true,"href":"http:\/\/alternativer-wohngipfel.de\/2018\/wp-json\/wp\/v2\/comments?post=2"}],"version-history":[{"count":6,"href":"http:\/\/alternativer-wohngipfel.de\/2018\/wp-json\/wp\/v2\/pages\/2\/revisions"}],"predecessor-version":[{"id":11098,"href":"http:\/\/alternativer-wohngipfel.de\/2018\/wp-json\/wp\/v2\/pages\/2\/revisions\/11098"}],"wp:featuredmedia":[{"embeddable":true,"href":"http:\/\/alternativer-wohngipfel.de\/2018\/wp-json\/wp\/v2\/media\/9798"}],"wp:attachment":[{"href":"http:\/\/alternativer-wohngipfel.de\/2018\/wp-json\/wp\/v2\/media?parent=2"}],"curies":[{"name":"wp","href":"https:\/\/api.w.org\/{rel}","templated":true}]}}