{"id":9334,"date":"2018-08-22T16:41:06","date_gmt":"2018-08-22T14:41:06","guid":{"rendered":"https:\/\/alternativer-wohngipfel.de\/2018\/?page_id=9334"},"modified":"2020-01-06T13:13:51","modified_gmt":"2020-01-06T12:13:51","slug":"impressum","status":"publish","type":"page","link":"http:\/\/alternativer-wohngipfel.de\/2018\/impressum\/","title":{"rendered":"Impressum"},"content":{"rendered":"<h3>Betreiber der Website<\/h3>\n<p>Die Website wird von studio adhoc GmbH betrieben. Das Unternehmen ist vom Berliner Mieterverein e.V. beauftragt worden, der ein Koordinierungsteam f\u00fcr das Verbundprojekt \u201eZusammen gegen #Mietenwahnsinn\u201d leitet. In einem Ko-Kreis arbeiten Vertreterinnen der einladenden Organisationen und\u00a0aus mieten- und stadtpolitischen Initiativen zusammen.<\/p>\n<p>Kontakt E-Mail: <a href=\"mailto:in&#102;&#111;&#64;&#97;lter&#110;&#97;ti&#118;&#101;&#114;&#45;wo&#104;ngip&#102;&#101;l.d&#101;\">&#105;&#110;fo&#64;&#97;&#108;t&#101;rnativer-&#119;o&#104;&#110;&#103;i&#112;&#102;el&#46;&#100;&#101;<\/a><\/p>\n<hr \/>\n<h3>Verantwortlichkeiten \u2013 Disclaimer<\/h3>\n<p>Die wesentlichen Inhalte auf dieser Website sind in gemeinsamen Plenen abgestimmt. F\u00fcr Inhalte, die auf einzelne Veranstaltungen im Aktionskalender oder Blog hinweisen, sind ausschlie\u00dflich die jeweiligen genannten Personen oder Initiativen verantwortlich.<\/p>\n<p>Als Diensteanbieter sind wir gem\u00e4\u00df \u00a7 7 Abs.1 TMG f\u00fcr eigene Inhalte auf diesen Seiten nach den allgemeinen Gesetzen verantwortlich. Nach \u00a7\u00a7 8 bis 10 TMG sind wir als Diensteanbieter jedoch nicht verpflichtet, \u00fcbermittelte oder gespeicherte fremde Informationen zu \u00fcberwachen oder nach Umst\u00e4nden zu forschen, die auf eine rechtswidrige T\u00e4tigkeit hinweisen.<\/p>\n<p>Verpflichtungen zur Entfernung oder Sperrung der Nutzung von Informationen nach den allgemeinen Gesetzen bleiben hiervon unber\u00fchrt. Eine diesbez\u00fcgliche Haftung ist jedoch erst ab dem Zeitpunkt der Kenntnis einer konkreten Rechtsverletzung m\u00f6glich. Zur Bekanngabe einer m\u00f6glichen Rechtsverletzung, muss eine anwaltliche Abmahnung bei uns eingehen. Bei Bekanntwerden von entsprechenden Rechtsverletzungen werden wir diese Inhalte umgehend entfernen.<\/p>\n<p>Die Betreiber\/innen und der Domain-Inhaber der Website \u00fcbernehmen keinerlei Haftung und Verantwortung f\u00fcr Inhalte, die sie nicht selbst auf dieser Website ver\u00f6ffentlicht haben.<\/p>\n<hr \/>\n<p>V.i.S.d.P. f\u00fcr Inhalte der Website\u00a0<a href=\"http:\/\/alternativer-wohngipfel.de\/2018\/\">alternativer-wohngipfel.de\/2018<\/a> ist:<br \/>\nReiner Wild,\u00a0Gesch\u00e4ftsf\u00fchrer des Berliner Mietervereins e.V.<br \/>\nLandesverband Berlin im Deutschen Mieterbund,<br \/>\nSpichernstra\u00dfe 1,\u00a010777 Berlin,<br \/>\nTelefon: 030-226 260,\u00a0Telefax: 030-226 26 162,<br \/>\nE-Mail: <a href=\"mailto:bmv&#64;b&#101;rl&#105;n&#101;&#114;-m&#105;e&#116;&#101;rver&#101;&#105;&#110;.&#100;&#101;\">&#98;&#109;v&#64;b&#101;rlin&#101;&#114;-&#109;ie&#116;e&#114;ve&#114;&#101;&#105;&#110;&#46;&#100;e<\/a><\/p>\n<p>Inhaber der Domain alternativer-wohngipfel.de ist Magnus Hengge.<br \/>\nMagnus Hengge, Creative Director bei studio adhoc GmbH und aktiv bei der Initiative Bizim Kiez \u2013 Unser Kiez,<br \/>\nCurvrystr. 35, 10997 Berlin<br \/>\nTel: 030.61789066 (werktags ca. 17\u201318 Uhr)<br \/>\nE-Mail: <a href=\"mailto:&#105;&#110;&#102;o&#64;&#97;&#108;te&#114;nati&#118;&#101;&#114;-wo&#104;&#110;g&#105;p&#102;e&#108;&#46;de\">&#105;nf&#111;&#64;a&#108;terna&#116;&#105;&#118;er&#45;w&#111;&#104;n&#103;&#105;pfel.&#100;&#101;<\/a><\/p>\n<div class=\"shariff shariff-align-left shariff-widget-align-left\"><ul class=\"shariff-buttons theme-white orientation-horizontal buttonsize-medium\"><li class=\"shariff-button facebook shariff-nocustomcolor\" style=\"background-color:#4273c8\"><a href=\"https:\/\/www.facebook.com\/sharer\/sharer.php?u=http%3A%2F%2Falternativer-wohngipfel.de%2F2018%2Fimpressum%2F\" title=\"Bei Facebook teilen\" aria-label=\"Bei Facebook teilen\" role=\"button\" rel=\"nofollow\" class=\"shariff-link\" style=\"; background-color:#3b5998; color:#3b5998\" target=\"_blank\"><span class=\"shariff-icon\" style=\"fill:#3b5998\"><svg width=\"32px\" height=\"20px\" xmlns=\"http:\/\/www.w3.org\/2000\/svg\" viewBox=\"0 0 18 32\"><path fill=\"#3b5998\" d=\"M17.1 0.2v4.7h-2.8q-1.5 0-2.1 0.6t-0.5 1.9v3.4h5.2l-0.7 5.3h-4.5v13.6h-5.5v-13.6h-4.5v-5.3h4.5v-3.9q0-3.3 1.9-5.2t5-1.8q2.6 0 4.1 0.2z\"\/><\/svg><\/span><span class=\"shariff-text\" style=\"color:#3b5998\">teilen<\/span>&nbsp;<\/a><\/li><li class=\"shariff-button twitter shariff-nocustomcolor\" style=\"background-color:#595959\"><a href=\"https:\/\/twitter.com\/share?url=http%3A%2F%2Falternativer-wohngipfel.de%2F2018%2Fimpressum%2F&text=Impressum\" title=\"Bei X teilen\" aria-label=\"Bei X teilen\" role=\"button\" rel=\"noopener nofollow\" class=\"shariff-link\" style=\"; background-color:#000; color:#000\" target=\"_blank\"><span class=\"shariff-icon\" style=\"fill:#000\"><svg width=\"32px\" height=\"20px\" xmlns=\"http:\/\/www.w3.org\/2000\/svg\" viewBox=\"0 0 24 24\"><path fill=\"#000\" d=\"M14.258 10.152L23.176 0h-2.113l-7.747 8.813L7.133 0H0l9.352 13.328L0 23.973h2.113l8.176-9.309 6.531 9.309h7.133zm-2.895 3.293l-.949-1.328L2.875 1.56h3.246l6.086 8.523.945 1.328 7.91 11.078h-3.246zm0 0\"\/><\/svg><\/span><span class=\"shariff-text\" style=\"color:#000\">teilen<\/span>&nbsp;<\/a><\/li><li class=\"shariff-button info shariff-nocustomcolor\" style=\"background-color:#a8a8a8\"><a href=\"http:\/\/ct.de\/-2467514\" title=\"Weitere Informationen\" aria-label=\"Weitere Informationen\" role=\"button\" rel=\"noopener \" class=\"shariff-link\" style=\"; background-color:#999; color:#999\" target=\"_blank\"><span class=\"shariff-icon\" style=\"fill:#999\"><svg width=\"32px\" height=\"20px\" xmlns=\"http:\/\/www.w3.org\/2000\/svg\" viewBox=\"0 0 11 32\"><path fill=\"#999\" d=\"M11.4 24v2.3q0 0.5-0.3 0.8t-0.8 0.4h-9.1q-0.5 0-0.8-0.4t-0.4-0.8v-2.3q0-0.5 0.4-0.8t0.8-0.4h1.1v-6.8h-1.1q-0.5 0-0.8-0.4t-0.4-0.8v-2.3q0-0.5 0.4-0.8t0.8-0.4h6.8q0.5 0 0.8 0.4t0.4 0.8v10.3h1.1q0.5 0 0.8 0.4t0.3 0.8zM9.2 3.4v3.4q0 0.5-0.4 0.8t-0.8 0.4h-4.6q-0.4 0-0.8-0.4t-0.4-0.8v-3.4q0-0.4 0.4-0.8t0.8-0.4h4.6q0.5 0 0.8 0.4t0.4 0.8z\"\/><\/svg><\/span><\/a><\/li><\/ul><\/div>","protected":false},"excerpt":{"rendered":"<p>Betreiber der Website Die Website wird von studio adhoc GmbH betrieben. Das Unternehmen ist vom Berliner Mieterverein e.V. beauftragt worden, der ein Koordinierungsteam f\u00fcr das Verbundprojekt \u201eZusammen gegen #Mietenwahnsinn\u201d leitet. [&hellip;]<\/p>\n","protected":false},"author":2,"featured_media":0,"parent":0,"menu_order":920,"comment_status":"closed","ping_status":"closed","template":"page-templates\/full-width.php","meta":{"_acf_changed":false,"footnotes":""},"class_list":["post-9334","page","type-page","status-publish","hentry"],"acf":[],"yoast_head":"<!-- This site is optimized with the Yoast SEO plugin v27.4 - https:\/\/yoast.com\/product\/yoast-seo-wordpress\/ -->\n<title>Impressum - Zusammen gegen #Mietenwahnsinn<\/title>\n<meta name=\"robots\" content=\"index, follow, max-snippet:-1, max-image-preview:large, max-video-preview:-1\" \/>\n<link rel=\"canonical\" href=\"http:\/\/alternativer-wohngipfel.de\/2018\/impressum\/\" \/>\n<meta property=\"og:locale\" content=\"de_DE\" \/>\n<meta property=\"og:type\" content=\"article\" \/>\n<meta property=\"og:title\" content=\"Impressum - Zusammen gegen #Mietenwahnsinn\" \/>\n<meta property=\"og:description\" content=\"Betreiber der Website Die Website wird von studio adhoc GmbH betrieben. Das Unternehmen ist vom Berliner Mieterverein e.V. beauftragt worden, der ein Koordinierungsteam f\u00fcr das Verbundprojekt \u201eZusammen gegen #Mietenwahnsinn\u201d leitet. [&hellip;]\" \/>\n<meta property=\"og:url\" content=\"http:\/\/alternativer-wohngipfel.de\/2018\/impressum\/\" \/>\n<meta property=\"og:site_name\" content=\"Zusammen gegen #Mietenwahnsinn\" \/>\n<meta property=\"article:modified_time\" content=\"2020-01-06T12:13:51+00:00\" \/>\n<meta name=\"twitter:card\" content=\"summary_large_image\" \/>\n<meta name=\"twitter:label1\" content=\"Gesch\u00e4tzte Lesezeit\" \/>\n\t<meta name=\"twitter:data1\" content=\"2\u00a0Minuten\" \/>\n<script type=\"application\/ld+json\" class=\"yoast-schema-graph\">{\"@context\":\"https:\\\/\\\/schema.org\",\"@graph\":[{\"@type\":\"WebPage\",\"@id\":\"http:\\\/\\\/alternativer-wohngipfel.de\\\/2018\\\/impressum\\\/\",\"url\":\"http:\\\/\\\/alternativer-wohngipfel.de\\\/2018\\\/impressum\\\/\",\"name\":\"Impressum - Zusammen gegen #Mietenwahnsinn\",\"isPartOf\":{\"@id\":\"http:\\\/\\\/alternativer-wohngipfel.de\\\/2018\\\/#website\"},\"datePublished\":\"2018-08-22T14:41:06+00:00\",\"dateModified\":\"2020-01-06T12:13:51+00:00\",\"breadcrumb\":{\"@id\":\"http:\\\/\\\/alternativer-wohngipfel.de\\\/2018\\\/impressum\\\/#breadcrumb\"},\"inLanguage\":\"de\",\"potentialAction\":[{\"@type\":\"ReadAction\",\"target\":[\"http:\\\/\\\/alternativer-wohngipfel.de\\\/2018\\\/impressum\\\/\"]}]},{\"@type\":\"BreadcrumbList\",\"@id\":\"http:\\\/\\\/alternativer-wohngipfel.de\\\/2018\\\/impressum\\\/#breadcrumb\",\"itemListElement\":[{\"@type\":\"ListItem\",\"position\":1,\"name\":\"Startseite\",\"item\":\"http:\\\/\\\/alternativer-wohngipfel.de\\\/2018\\\/\"},{\"@type\":\"ListItem\",\"position\":2,\"name\":\"Impressum\"}]},{\"@type\":\"WebSite\",\"@id\":\"http:\\\/\\\/alternativer-wohngipfel.de\\\/2018\\\/#website\",\"url\":\"http:\\\/\\\/alternativer-wohngipfel.de\\\/2018\\\/\",\"name\":\"Zusammen gegen #Mietenwahnsinn\",\"description\":\"F\u00fcr eine Politik, die Wohnraum f\u00fcr ALLE schafft.\",\"potentialAction\":[{\"@type\":\"SearchAction\",\"target\":{\"@type\":\"EntryPoint\",\"urlTemplate\":\"http:\\\/\\\/alternativer-wohngipfel.de\\\/2018\\\/?s={search_term_string}\"},\"query-input\":{\"@type\":\"PropertyValueSpecification\",\"valueRequired\":true,\"valueName\":\"search_term_string\"}}],\"inLanguage\":\"de\"}]}<\/script>\n<!-- \/ Yoast SEO plugin. -->","yoast_head_json":{"title":"Impressum - Zusammen gegen #Mietenwahnsinn","robots":{"index":"index","follow":"follow","max-snippet":"max-snippet:-1","max-image-preview":"max-image-preview:large","max-video-preview":"max-video-preview:-1"},"canonical":"http:\/\/alternativer-wohngipfel.de\/2018\/impressum\/","og_locale":"de_DE","og_type":"article","og_title":"Impressum - Zusammen gegen #Mietenwahnsinn","og_description":"Betreiber der Website Die Website wird von studio adhoc GmbH betrieben. Das Unternehmen ist vom Berliner Mieterverein e.V. beauftragt worden, der ein Koordinierungsteam f\u00fcr das Verbundprojekt \u201eZusammen gegen #Mietenwahnsinn\u201d leitet. [&hellip;]","og_url":"http:\/\/alternativer-wohngipfel.de\/2018\/impressum\/","og_site_name":"Zusammen gegen #Mietenwahnsinn","article_modified_time":"2020-01-06T12:13:51+00:00","twitter_card":"summary_large_image","twitter_misc":{"Gesch\u00e4tzte Lesezeit":"2\u00a0Minuten"},"schema":{"@context":"https:\/\/schema.org","@graph":[{"@type":"WebPage","@id":"http:\/\/alternativer-wohngipfel.de\/2018\/impressum\/","url":"http:\/\/alternativer-wohngipfel.de\/2018\/impressum\/","name":"Impressum - Zusammen gegen #Mietenwahnsinn","isPartOf":{"@id":"http:\/\/alternativer-wohngipfel.de\/2018\/#website"},"datePublished":"2018-08-22T14:41:06+00:00","dateModified":"2020-01-06T12:13:51+00:00","breadcrumb":{"@id":"http:\/\/alternativer-wohngipfel.de\/2018\/impressum\/#breadcrumb"},"inLanguage":"de","potentialAction":[{"@type":"ReadAction","target":["http:\/\/alternativer-wohngipfel.de\/2018\/impressum\/"]}]},{"@type":"BreadcrumbList","@id":"http:\/\/alternativer-wohngipfel.de\/2018\/impressum\/#breadcrumb","itemListElement":[{"@type":"ListItem","position":1,"name":"Startseite","item":"http:\/\/alternativer-wohngipfel.de\/2018\/"},{"@type":"ListItem","position":2,"name":"Impressum"}]},{"@type":"WebSite","@id":"http:\/\/alternativer-wohngipfel.de\/2018\/#website","url":"http:\/\/alternativer-wohngipfel.de\/2018\/","name":"Zusammen gegen #Mietenwahnsinn","description":"F\u00fcr eine Politik, die Wohnraum f\u00fcr ALLE schafft.","potentialAction":[{"@type":"SearchAction","target":{"@type":"EntryPoint","urlTemplate":"http:\/\/alternativer-wohngipfel.de\/2018\/?s={search_term_string}"},"query-input":{"@type":"PropertyValueSpecification","valueRequired":true,"valueName":"search_term_string"}}],"inLanguage":"de"}]}},"_links":{"self":[{"href":"http:\/\/alternativer-wohngipfel.de\/2018\/wp-json\/wp\/v2\/pages\/9334","targetHints":{"allow":["GET"]}}],"collection":[{"href":"http:\/\/alternativer-wohngipfel.de\/2018\/wp-json\/wp\/v2\/pages"}],"about":[{"href":"http:\/\/alternativer-wohngipfel.de\/2018\/wp-json\/wp\/v2\/types\/page"}],"author":[{"embeddable":true,"href":"http:\/\/alternativer-wohngipfel.de\/2018\/wp-json\/wp\/v2\/users\/2"}],"replies":[{"embeddable":true,"href":"http:\/\/alternativer-wohngipfel.de\/2018\/wp-json\/wp\/v2\/comments?post=9334"}],"version-history":[{"count":6,"href":"http:\/\/alternativer-wohngipfel.de\/2018\/wp-json\/wp\/v2\/pages\/9334\/revisions"}],"predecessor-version":[{"id":11116,"href":"http:\/\/alternativer-wohngipfel.de\/2018\/wp-json\/wp\/v2\/pages\/9334\/revisions\/11116"}],"wp:attachment":[{"href":"http:\/\/alternativer-wohngipfel.de\/2018\/wp-json\/wp\/v2\/media?parent=9334"}],"curies":[{"name":"wp","href":"https:\/\/api.w.org\/{rel}","templated":true}]}}