{"id":9384,"date":"2018-08-26T11:17:56","date_gmt":"2018-08-26T09:17:56","guid":{"rendered":"https:\/\/alternativer-wohngipfel.de\/2018\/?page_id=9384"},"modified":"2018-10-09T15:51:36","modified_gmt":"2018-10-09T13:51:36","slug":"alternativer-wohngipfel","status":"publish","type":"page","link":"http:\/\/alternativer-wohngipfel.de\/2018\/alternativer-wohngipfel\/","title":{"rendered":"Alternativer Wohngipfel"},"content":{"rendered":"<h1 style=\"text-align: center; -moz-hyphens: none; hyphens: none;\">Alternativer Wohngipfel<\/h1>\n<h2 class=\"p4\" style=\"text-align: center;\"><span class=\"s4\">Gemeinsam gegen Spaltung, Verdr\u00e4ngung und Wohnungslosigkeit \u2013 bezahlbarer Wohnraum f\u00fcr ALLE statt mehr Rendite f\u00fcr wenige.<\/span><\/h2>\n<p><img loading=\"lazy\" decoding=\"async\" class=\"alignnone wp-image-10830 size-full\" src=\"http:\/\/alternativer-wohngipfel.de\/2018\/wp-content\/uploads\/sites\/3\/2018\/09\/alternativer-wohngipfel-abschlussbild-small-web.jpg\" alt=\"\" width=\"1200\" height=\"628\" srcset=\"http:\/\/alternativer-wohngipfel.de\/2018\/wp-content\/uploads\/sites\/3\/2018\/09\/alternativer-wohngipfel-abschlussbild-small-web.jpg 1200w, http:\/\/alternativer-wohngipfel.de\/2018\/wp-content\/uploads\/sites\/3\/2018\/09\/alternativer-wohngipfel-abschlussbild-small-web-300x157.jpg 300w, http:\/\/alternativer-wohngipfel.de\/2018\/wp-content\/uploads\/sites\/3\/2018\/09\/alternativer-wohngipfel-abschlussbild-small-web-768x402.jpg 768w, http:\/\/alternativer-wohngipfel.de\/2018\/wp-content\/uploads\/sites\/3\/2018\/09\/alternativer-wohngipfel-abschlussbild-small-web-1024x536.jpg 1024w, http:\/\/alternativer-wohngipfel.de\/2018\/wp-content\/uploads\/sites\/3\/2018\/09\/alternativer-wohngipfel-abschlussbild-small-web-624x327.jpg 624w\" sizes=\"auto, (max-width: 1200px) 100vw, 1200px\" \/><\/p>\n<h4 class=\"p1\" style=\"text-align: center;\"><span class=\"s1\">Der Alternative Wohngipfel fand am Donnerstag, den 20. September 2018 Umweltforum statt, Pufendorfstra\u00dfe 11, 10249 Berlin<\/span><\/h4>\n<p style=\"text-align: center;\"><span class=\"button inline\"><a href=\"http:\/\/alternativer-wohngipfel.de\/2018\/alternativer-wohngipfel\/programm\/\">Programm ansehen<\/a><\/span><\/p>\n<blockquote>\n<h3 class=\"p1\"><span class=\"s1\">Es geht nur mit uns!<\/span><\/h3>\n<p class=\"p2\"><span class=\"s2\">Die Bundesregierung wird unter der Schirmherr\u00ad\u00adschaft von Bundeskanzlerin Angela Merkel am 21.\u00a0September 2018 im Kanzleramt einen Wohngipfel abhalten. Die Koalitions\u00advereinbarung von CDU\/CSU und SPD sowie der j\u00fcngste Gesetz\u00ad\u00ad\u00ad\u00adentwurf von Justizministerin Katarina Barley lassen vermuten, dass auf dem Wohn\u00adgipfel der Bundesregierung den Interessen, Bed\u00fcrfnissen und Sorgen von Mieter*innen und Wohnungssuchenden nicht angemessen Rechnung getragen wird. Die Ma\u00dfnahmen der gro\u00dfen Koalition gehen in die falsche Richtung oder sind reine Placebos. Stattdessen wird die Wohnungs-, Bau- und Immo\u00adbilienwirtschaft bedient, den Boden- und Immobilienspekulanten von staatlicher Seite weiterhin das Feld bestellt.<\/span><\/p>\n<p class=\"p2\"><strong><span class=\"s2\">WIR stellen dem Regierungsgipfel einen\u00a0\u203aAlternativen Wohngipfel\u2039 als \u201eechten\u201c Gipfel der in Deutschland wohnenden und wohnungsbed\u00fcrftigen Menschen entgegen. <\/span><\/strong><\/p>\n<p class=\"p2\">Die Wohnung ist der Lebensmittelpunkt der Menschen. Sie ist unverzichtbarer Bestandteil eines w\u00fcrdevollen Lebens und eine Voraussetzung f\u00fcr eine selbstbestimmte Lebensgestaltung. Wer die Sicherheit des Wohnens bedroht, missachtet die W\u00fcrde der Menschen. Dies meint sowohl den Schutz von bezahlbarem Wohnraum in St\u00e4dten sowie passendem Wohnraum in strukturschwachen Regionen. Wohnungen, H\u00e4user und innerst\u00e4dtischer Boden sind vielfach der Spekulation auf hohe Renditen ausgeliefert. Das weltweit agierende Finanzkapital nutzt die deutschen Wohnungsm\u00e4rkte als Anlageort und setzt Ma\u00dfst\u00e4be der Verwertung. Menschen werden aus ihren Kiezen, Stadtteilen, aus den Innenst\u00e4dten sowie aus ihren Lebensverh\u00e4ltnissen verdr\u00e4ngt.<\/p>\n<p class=\"p2\"><span class=\"s2\"><b>Das muss ein Ende haben.<\/b><\/span><\/p>\n<h3 class=\"p1\"><span class=\"s1\">L\u00f6sungen und Antworten auf den #Mietenwahnsinn gibt es viele:<\/span><\/h3>\n<ul>\n<li>Der besonderen Bedeutung des Wohnens muss Geltung verschafft werden<\/li>\n<li>Die Grundbed\u00fcrfnisse der Menschen d\u00fcrfen nicht dem \u201efreien Spiel des Marktes\u201c ausgesetzt sein<\/li>\n<li>Armutsrisiken m\u00fcssen beseitigt werden \u2013 die fortschreitende Spaltung der Gesellschaft soll verhindert werden<\/li>\n<li>Gutes, preisg\u00fcnstiges und sicheres Wohnen ist Aufgabe der Politik sowie gesamtgesellschaftliches Ziel<\/li>\n<li>Die Verantwortung gem\u00e4\u00df Art 14 Abs 2. und Art. 15 im Grundgesetz soll eingefordert werden<\/li>\n<li>Gemeinwohlorientierung, Selbstorganisation bzw. Mitbestimmung m\u00fcssen gef\u00f6rdert werden<\/li>\n<li>Die Renditen von Investoren und Unternehmen m\u00fcssen beschr\u00e4nkt werden<\/li>\n<\/ul>\n<p>Dem Wohngipfel der Bundesregierung setzen wir unseren <strong>\u203aAlternativen Wohngipfel\u2039 <\/strong>entgegen!\u00a0Wir wollen mit einer breiten Beteiligung von Initiativen, Verb\u00e4nden, Vereinen und Gewerkschaften aus ganz Deutschland L\u00f6sungen und Forderungen diskutieren zu den Themen:<\/p>\n<ul>\n<li class=\"p1\"><span style=\"color: #00ab4e;\"><span class=\"s2\"><b>Mietrecht neu denken<\/b><\/span><span class=\"s4\"><br \/>\n<\/span><\/span><\/li>\n<li class=\"p3\"><span style=\"color: #ef4122;\"><span class=\"s2\"><b>Planung f\u00fcr unten<\/b><br \/>\n<\/span><\/span><\/li>\n<li class=\"p2\"><span style=\"color: #00aeef;\"><span class=\"s2\"><b>Wohnen f\u00fcr alle<\/b><b><br \/>\n<\/b><\/span><\/span><\/li>\n<li class=\"p4\"><span style=\"color: #a3228e;\"><span class=\"s2\"><b>Gemeinwohl und neue Akteure<\/b><br \/>\n<\/span><\/span><\/li>\n<li class=\"p5\"><span style=\"color: #f7941c;\"><span class=\"s2\"><b>Spekulation beenden<\/b><\/span><\/span><\/li>\n<\/ul>\n<p>Und in drei <strong>Extra-Workshops<\/strong> \u00fcber:<\/p>\n<ul>\n<li>Die Macht der bau- und wohnungswirtschaftlichen Verb\u00e4nde,<\/li>\n<li>Ein neues Mietrecht f\u00fcr Kleingewerbe und soziale Einrichtungen<\/li>\n<li>M\u00f6glichkeiten einer solidarischen Widerstandsbewegung von Mieter*innen<\/li>\n<\/ul>\n<h3>Wir laden alle ein, den \u203aAlternativen Wohngipfel\u2039 am 20.\u00a0September\u00a02018 in Berlin mit ihrer Teilnahme zu unterst\u00fctzen.<\/h3>\n<p>Alles weitere entnehmen Sie bitte dem <a href=\"http:\/\/alternativer-wohngipfel.de\/2018\/alternativer-wohngipfel\/programm\/\">Programm<\/a>.<\/p>\n<p style=\"text-align: center; padding-bottom: 2em;\"><span class=\"button inline\"><a href=\"http:\/\/alternativer-wohngipfel.de\/2018\/alternativer-wohngipfel\/programm\/\">Programm ansehen<\/a><\/span><\/p>\n<\/blockquote>\n<hr \/>\n<p class=\"p3\" style=\"text-align: center;\"><span class=\"s1\">Es luden ein: <\/span><\/p>\n<p class=\"p3\" style=\"text-align: center;\"><a href=\"http:\/\/alternativer-wohngipfel.de\/2018\/aufruf\/liste-der-einladenden\/\"><img loading=\"lazy\" decoding=\"async\" class=\"alignnone wp-image-9505 size-full\" src=\"http:\/\/alternativer-wohngipfel.de\/2018\/wp-content\/uploads\/sites\/3\/2018\/08\/mietenwahnsinn-alternativer-wohngipfel-einlader-logos.png\" alt=\"\" width=\"1900\" height=\"159\" srcset=\"http:\/\/alternativer-wohngipfel.de\/2018\/wp-content\/uploads\/sites\/3\/2018\/08\/mietenwahnsinn-alternativer-wohngipfel-einlader-logos.png 1900w, http:\/\/alternativer-wohngipfel.de\/2018\/wp-content\/uploads\/sites\/3\/2018\/08\/mietenwahnsinn-alternativer-wohngipfel-einlader-logos-300x25.png 300w, http:\/\/alternativer-wohngipfel.de\/2018\/wp-content\/uploads\/sites\/3\/2018\/08\/mietenwahnsinn-alternativer-wohngipfel-einlader-logos-768x64.png 768w, http:\/\/alternativer-wohngipfel.de\/2018\/wp-content\/uploads\/sites\/3\/2018\/08\/mietenwahnsinn-alternativer-wohngipfel-einlader-logos-1024x86.png 1024w, http:\/\/alternativer-wohngipfel.de\/2018\/wp-content\/uploads\/sites\/3\/2018\/08\/mietenwahnsinn-alternativer-wohngipfel-einlader-logos-624x52.png 624w\" sizes=\"auto, (max-width: 1900px) 100vw, 1900px\" \/><\/a><\/p>\n<p style=\"text-align: center;\"><span style=\"font-size: 1rem;\">Der \u203aAlternative Wohngipfel\u2039 wurde finanziell unterst\u00fctzt von der Rosa-Luxemburg-Stiftung und der Heinrich-B\u00f6ll-Stiftung.<\/span><\/p>\n<div style=\"width: 100%;\">\n<div style=\"width: 200px; margin: auto auto;\"><img loading=\"lazy\" decoding=\"async\" src=\"http:\/\/alternativer-wohngipfel.de\/2018\/wp-content\/uploads\/sites\/3\/2018\/09\/rls-export-logo-de-300x212.jpg\" alt=\"\" width=\"73\" height=\"52\" \/>\u00a0\u00a0<img loading=\"lazy\" decoding=\"async\" src=\"http:\/\/alternativer-wohngipfel.de\/2018\/wp-content\/uploads\/sites\/3\/2018\/10\/bl3-wm-rgb-300x148.jpg\" alt=\"\" width=\"105\" height=\"52\" \/><\/div>\n<\/div>\n<hr style=\"clear: both;\" \/>\n<p style=\"text-align: center;\">Die Aktionen unter dem Motto \u00bbZusammen gegen #Mietenwahnsinn\u00ab werden von vielen Initiativen, Organisationen und Personen des \u00f6ffentlichen Lebens unterst\u00fctzt.<\/p>\n<p style=\"text-align: center;\"><span class=\"button inline\"><a href=\"http:\/\/alternativer-wohngipfel.de\/2018\/#aufruf\">Aufruf ansehen<\/a><\/span><\/p>\n<p style=\"text-align: center;\"><a href=\"http:\/\/alternativer-wohngipfel.de\/2018\/aufruf\/unterstuetzende\/\">Mit dabei: Liste der Unterst\u00fctzenden<\/a><\/p>\n<div class=\"shariff shariff-align-left shariff-widget-align-left\"><ul class=\"shariff-buttons theme-white orientation-horizontal buttonsize-medium\"><li class=\"shariff-button facebook shariff-nocustomcolor\" style=\"background-color:#4273c8\"><a href=\"https:\/\/www.facebook.com\/sharer\/sharer.php?u=http%3A%2F%2Falternativer-wohngipfel.de%2F2018%2Falternativer-wohngipfel%2F\" title=\"Bei Facebook teilen\" aria-label=\"Bei Facebook teilen\" role=\"button\" rel=\"nofollow\" class=\"shariff-link\" style=\"; background-color:#3b5998; color:#3b5998\" target=\"_blank\"><span class=\"shariff-icon\" style=\"fill:#3b5998\"><svg width=\"32px\" height=\"20px\" xmlns=\"http:\/\/www.w3.org\/2000\/svg\" viewBox=\"0 0 18 32\"><path fill=\"#3b5998\" d=\"M17.1 0.2v4.7h-2.8q-1.5 0-2.1 0.6t-0.5 1.9v3.4h5.2l-0.7 5.3h-4.5v13.6h-5.5v-13.6h-4.5v-5.3h4.5v-3.9q0-3.3 1.9-5.2t5-1.8q2.6 0 4.1 0.2z\"\/><\/svg><\/span><span class=\"shariff-text\" style=\"color:#3b5998\">teilen<\/span>&nbsp;<\/a><\/li><li class=\"shariff-button twitter shariff-nocustomcolor\" style=\"background-color:#595959\"><a href=\"https:\/\/twitter.com\/share?url=http%3A%2F%2Falternativer-wohngipfel.de%2F2018%2Falternativer-wohngipfel%2F&text=Alternativer%20Wohngipfel\" title=\"Bei X teilen\" aria-label=\"Bei X teilen\" role=\"button\" rel=\"noopener nofollow\" class=\"shariff-link\" style=\"; background-color:#000; color:#000\" target=\"_blank\"><span class=\"shariff-icon\" style=\"fill:#000\"><svg width=\"32px\" height=\"20px\" xmlns=\"http:\/\/www.w3.org\/2000\/svg\" viewBox=\"0 0 24 24\"><path fill=\"#000\" d=\"M14.258 10.152L23.176 0h-2.113l-7.747 8.813L7.133 0H0l9.352 13.328L0 23.973h2.113l8.176-9.309 6.531 9.309h7.133zm-2.895 3.293l-.949-1.328L2.875 1.56h3.246l6.086 8.523.945 1.328 7.91 11.078h-3.246zm0 0\"\/><\/svg><\/span><span class=\"shariff-text\" style=\"color:#000\">teilen<\/span>&nbsp;<\/a><\/li><li class=\"shariff-button info shariff-nocustomcolor\" style=\"background-color:#a8a8a8\"><a href=\"http:\/\/ct.de\/-2467514\" title=\"Weitere Informationen\" aria-label=\"Weitere Informationen\" role=\"button\" rel=\"noopener \" class=\"shariff-link\" style=\"; background-color:#999; color:#999\" target=\"_blank\"><span class=\"shariff-icon\" style=\"fill:#999\"><svg width=\"32px\" height=\"20px\" xmlns=\"http:\/\/www.w3.org\/2000\/svg\" viewBox=\"0 0 11 32\"><path fill=\"#999\" d=\"M11.4 24v2.3q0 0.5-0.3 0.8t-0.8 0.4h-9.1q-0.5 0-0.8-0.4t-0.4-0.8v-2.3q0-0.5 0.4-0.8t0.8-0.4h1.1v-6.8h-1.1q-0.5 0-0.8-0.4t-0.4-0.8v-2.3q0-0.5 0.4-0.8t0.8-0.4h6.8q0.5 0 0.8 0.4t0.4 0.8v10.3h1.1q0.5 0 0.8 0.4t0.3 0.8zM9.2 3.4v3.4q0 0.5-0.4 0.8t-0.8 0.4h-4.6q-0.4 0-0.8-0.4t-0.4-0.8v-3.4q0-0.4 0.4-0.8t0.8-0.4h4.6q0.5 0 0.8 0.4t0.4 0.8z\"\/><\/svg><\/span><\/a><\/li><\/ul><\/div>","protected":false},"excerpt":{"rendered":"<p>Alternativer Wohngipfel Gemeinsam gegen Spaltung, Verdr\u00e4ngung und Wohnungslosigkeit \u2013 bezahlbarer Wohnraum f\u00fcr ALLE statt mehr Rendite f\u00fcr wenige. Der Alternative Wohngipfel fand am Donnerstag, den 20. September 2018 Umweltforum statt, [&hellip;]<\/p>\n","protected":false},"author":2,"featured_media":10830,"parent":0,"menu_order":0,"comment_status":"closed","ping_status":"closed","template":"page-templates\/full-width.php","meta":{"_acf_changed":false,"footnotes":""},"class_list":["post-9384","page","type-page","status-publish","has-post-thumbnail","hentry","has-thumbnail"],"acf":[],"yoast_head":"<!-- This site is optimized with the Yoast SEO plugin v27.4 - https:\/\/yoast.com\/product\/yoast-seo-wordpress\/ -->\n<title>Alternativer Wohngipfel - Zusammen gegen #Mietenwahnsinn<\/title>\n<meta name=\"robots\" content=\"index, follow, max-snippet:-1, max-image-preview:large, max-video-preview:-1\" \/>\n<link rel=\"canonical\" href=\"http:\/\/alternativer-wohngipfel.de\/2018\/alternativer-wohngipfel\/\" \/>\n<meta property=\"og:locale\" content=\"de_DE\" \/>\n<meta property=\"og:type\" content=\"article\" \/>\n<meta property=\"og:title\" content=\"Alternativer Wohngipfel - Zusammen gegen #Mietenwahnsinn\" \/>\n<meta property=\"og:description\" content=\"Alternativer Wohngipfel Gemeinsam gegen Spaltung, Verdr\u00e4ngung und Wohnungslosigkeit \u2013 bezahlbarer Wohnraum f\u00fcr ALLE statt mehr Rendite f\u00fcr wenige. Der Alternative Wohngipfel fand am Donnerstag, den 20. September 2018 Umweltforum statt, [&hellip;]\" \/>\n<meta property=\"og:url\" content=\"http:\/\/alternativer-wohngipfel.de\/2018\/alternativer-wohngipfel\/\" \/>\n<meta property=\"og:site_name\" content=\"Zusammen gegen #Mietenwahnsinn\" \/>\n<meta property=\"article:modified_time\" content=\"2018-10-09T13:51:36+00:00\" \/>\n<meta property=\"og:image\" content=\"http:\/\/alternativer-wohngipfel.de\/2018\/wp-content\/uploads\/sites\/3\/2018\/09\/alternativer-wohngipfel-abschlussbild-small-web.jpg\" \/>\n\t<meta property=\"og:image:width\" content=\"1200\" \/>\n\t<meta property=\"og:image:height\" content=\"628\" \/>\n\t<meta property=\"og:image:type\" content=\"image\/jpeg\" \/>\n<meta name=\"twitter:card\" content=\"summary_large_image\" \/>\n<meta name=\"twitter:label1\" content=\"Gesch\u00e4tzte Lesezeit\" \/>\n\t<meta name=\"twitter:data1\" content=\"3\u00a0Minuten\" \/>\n<script type=\"application\/ld+json\" class=\"yoast-schema-graph\">{\"@context\":\"https:\\\/\\\/schema.org\",\"@graph\":[{\"@type\":\"WebPage\",\"@id\":\"http:\\\/\\\/alternativer-wohngipfel.de\\\/2018\\\/alternativer-wohngipfel\\\/\",\"url\":\"http:\\\/\\\/alternativer-wohngipfel.de\\\/2018\\\/alternativer-wohngipfel\\\/\",\"name\":\"Alternativer Wohngipfel - Zusammen gegen #Mietenwahnsinn\",\"isPartOf\":{\"@id\":\"http:\\\/\\\/alternativer-wohngipfel.de\\\/2018\\\/#website\"},\"primaryImageOfPage\":{\"@id\":\"http:\\\/\\\/alternativer-wohngipfel.de\\\/2018\\\/alternativer-wohngipfel\\\/#primaryimage\"},\"image\":{\"@id\":\"http:\\\/\\\/alternativer-wohngipfel.de\\\/2018\\\/alternativer-wohngipfel\\\/#primaryimage\"},\"thumbnailUrl\":\"http:\\\/\\\/alternativer-wohngipfel.de\\\/2018\\\/wp-content\\\/uploads\\\/sites\\\/3\\\/2018\\\/09\\\/alternativer-wohngipfel-abschlussbild-small-web.jpg\",\"datePublished\":\"2018-08-26T09:17:56+00:00\",\"dateModified\":\"2018-10-09T13:51:36+00:00\",\"breadcrumb\":{\"@id\":\"http:\\\/\\\/alternativer-wohngipfel.de\\\/2018\\\/alternativer-wohngipfel\\\/#breadcrumb\"},\"inLanguage\":\"de\",\"potentialAction\":[{\"@type\":\"ReadAction\",\"target\":[\"http:\\\/\\\/alternativer-wohngipfel.de\\\/2018\\\/alternativer-wohngipfel\\\/\"]}]},{\"@type\":\"ImageObject\",\"inLanguage\":\"de\",\"@id\":\"http:\\\/\\\/alternativer-wohngipfel.de\\\/2018\\\/alternativer-wohngipfel\\\/#primaryimage\",\"url\":\"http:\\\/\\\/alternativer-wohngipfel.de\\\/2018\\\/wp-content\\\/uploads\\\/sites\\\/3\\\/2018\\\/09\\\/alternativer-wohngipfel-abschlussbild-small-web.jpg\",\"contentUrl\":\"http:\\\/\\\/alternativer-wohngipfel.de\\\/2018\\\/wp-content\\\/uploads\\\/sites\\\/3\\\/2018\\\/09\\\/alternativer-wohngipfel-abschlussbild-small-web.jpg\",\"width\":1200,\"height\":628},{\"@type\":\"BreadcrumbList\",\"@id\":\"http:\\\/\\\/alternativer-wohngipfel.de\\\/2018\\\/alternativer-wohngipfel\\\/#breadcrumb\",\"itemListElement\":[{\"@type\":\"ListItem\",\"position\":1,\"name\":\"Startseite\",\"item\":\"http:\\\/\\\/alternativer-wohngipfel.de\\\/2018\\\/\"},{\"@type\":\"ListItem\",\"position\":2,\"name\":\"Alternativer Wohngipfel\"}]},{\"@type\":\"WebSite\",\"@id\":\"http:\\\/\\\/alternativer-wohngipfel.de\\\/2018\\\/#website\",\"url\":\"http:\\\/\\\/alternativer-wohngipfel.de\\\/2018\\\/\",\"name\":\"Zusammen gegen #Mietenwahnsinn\",\"description\":\"F\u00fcr eine Politik, die Wohnraum f\u00fcr ALLE schafft.\",\"potentialAction\":[{\"@type\":\"SearchAction\",\"target\":{\"@type\":\"EntryPoint\",\"urlTemplate\":\"http:\\\/\\\/alternativer-wohngipfel.de\\\/2018\\\/?s={search_term_string}\"},\"query-input\":{\"@type\":\"PropertyValueSpecification\",\"valueRequired\":true,\"valueName\":\"search_term_string\"}}],\"inLanguage\":\"de\"}]}<\/script>\n<!-- \/ Yoast SEO plugin. -->","yoast_head_json":{"title":"Alternativer Wohngipfel - Zusammen gegen #Mietenwahnsinn","robots":{"index":"index","follow":"follow","max-snippet":"max-snippet:-1","max-image-preview":"max-image-preview:large","max-video-preview":"max-video-preview:-1"},"canonical":"http:\/\/alternativer-wohngipfel.de\/2018\/alternativer-wohngipfel\/","og_locale":"de_DE","og_type":"article","og_title":"Alternativer Wohngipfel - Zusammen gegen #Mietenwahnsinn","og_description":"Alternativer Wohngipfel Gemeinsam gegen Spaltung, Verdr\u00e4ngung und Wohnungslosigkeit \u2013 bezahlbarer Wohnraum f\u00fcr ALLE statt mehr Rendite f\u00fcr wenige. Der Alternative Wohngipfel fand am Donnerstag, den 20. September 2018 Umweltforum statt, [&hellip;]","og_url":"http:\/\/alternativer-wohngipfel.de\/2018\/alternativer-wohngipfel\/","og_site_name":"Zusammen gegen #Mietenwahnsinn","article_modified_time":"2018-10-09T13:51:36+00:00","og_image":[{"width":1200,"height":628,"url":"http:\/\/alternativer-wohngipfel.de\/2018\/wp-content\/uploads\/sites\/3\/2018\/09\/alternativer-wohngipfel-abschlussbild-small-web.jpg","type":"image\/jpeg"}],"twitter_card":"summary_large_image","twitter_misc":{"Gesch\u00e4tzte Lesezeit":"3\u00a0Minuten"},"schema":{"@context":"https:\/\/schema.org","@graph":[{"@type":"WebPage","@id":"http:\/\/alternativer-wohngipfel.de\/2018\/alternativer-wohngipfel\/","url":"http:\/\/alternativer-wohngipfel.de\/2018\/alternativer-wohngipfel\/","name":"Alternativer Wohngipfel - Zusammen gegen #Mietenwahnsinn","isPartOf":{"@id":"http:\/\/alternativer-wohngipfel.de\/2018\/#website"},"primaryImageOfPage":{"@id":"http:\/\/alternativer-wohngipfel.de\/2018\/alternativer-wohngipfel\/#primaryimage"},"image":{"@id":"http:\/\/alternativer-wohngipfel.de\/2018\/alternativer-wohngipfel\/#primaryimage"},"thumbnailUrl":"http:\/\/alternativer-wohngipfel.de\/2018\/wp-content\/uploads\/sites\/3\/2018\/09\/alternativer-wohngipfel-abschlussbild-small-web.jpg","datePublished":"2018-08-26T09:17:56+00:00","dateModified":"2018-10-09T13:51:36+00:00","breadcrumb":{"@id":"http:\/\/alternativer-wohngipfel.de\/2018\/alternativer-wohngipfel\/#breadcrumb"},"inLanguage":"de","potentialAction":[{"@type":"ReadAction","target":["http:\/\/alternativer-wohngipfel.de\/2018\/alternativer-wohngipfel\/"]}]},{"@type":"ImageObject","inLanguage":"de","@id":"http:\/\/alternativer-wohngipfel.de\/2018\/alternativer-wohngipfel\/#primaryimage","url":"http:\/\/alternativer-wohngipfel.de\/2018\/wp-content\/uploads\/sites\/3\/2018\/09\/alternativer-wohngipfel-abschlussbild-small-web.jpg","contentUrl":"http:\/\/alternativer-wohngipfel.de\/2018\/wp-content\/uploads\/sites\/3\/2018\/09\/alternativer-wohngipfel-abschlussbild-small-web.jpg","width":1200,"height":628},{"@type":"BreadcrumbList","@id":"http:\/\/alternativer-wohngipfel.de\/2018\/alternativer-wohngipfel\/#breadcrumb","itemListElement":[{"@type":"ListItem","position":1,"name":"Startseite","item":"http:\/\/alternativer-wohngipfel.de\/2018\/"},{"@type":"ListItem","position":2,"name":"Alternativer Wohngipfel"}]},{"@type":"WebSite","@id":"http:\/\/alternativer-wohngipfel.de\/2018\/#website","url":"http:\/\/alternativer-wohngipfel.de\/2018\/","name":"Zusammen gegen #Mietenwahnsinn","description":"F\u00fcr eine Politik, die Wohnraum f\u00fcr ALLE schafft.","potentialAction":[{"@type":"SearchAction","target":{"@type":"EntryPoint","urlTemplate":"http:\/\/alternativer-wohngipfel.de\/2018\/?s={search_term_string}"},"query-input":{"@type":"PropertyValueSpecification","valueRequired":true,"valueName":"search_term_string"}}],"inLanguage":"de"}]}},"_links":{"self":[{"href":"http:\/\/alternativer-wohngipfel.de\/2018\/wp-json\/wp\/v2\/pages\/9384","targetHints":{"allow":["GET"]}}],"collection":[{"href":"http:\/\/alternativer-wohngipfel.de\/2018\/wp-json\/wp\/v2\/pages"}],"about":[{"href":"http:\/\/alternativer-wohngipfel.de\/2018\/wp-json\/wp\/v2\/types\/page"}],"author":[{"embeddable":true,"href":"http:\/\/alternativer-wohngipfel.de\/2018\/wp-json\/wp\/v2\/users\/2"}],"replies":[{"embeddable":true,"href":"http:\/\/alternativer-wohngipfel.de\/2018\/wp-json\/wp\/v2\/comments?post=9384"}],"version-history":[{"count":5,"href":"http:\/\/alternativer-wohngipfel.de\/2018\/wp-json\/wp\/v2\/pages\/9384\/revisions"}],"predecessor-version":[{"id":11008,"href":"http:\/\/alternativer-wohngipfel.de\/2018\/wp-json\/wp\/v2\/pages\/9384\/revisions\/11008"}],"wp:featuredmedia":[{"embeddable":true,"href":"http:\/\/alternativer-wohngipfel.de\/2018\/wp-json\/wp\/v2\/media\/10830"}],"wp:attachment":[{"href":"http:\/\/alternativer-wohngipfel.de\/2018\/wp-json\/wp\/v2\/media?parent=9384"}],"curies":[{"name":"wp","href":"https:\/\/api.w.org\/{rel}","templated":true}]}}