{"id":9427,"date":"2018-08-26T13:35:48","date_gmt":"2018-08-26T11:35:48","guid":{"rendered":"https:\/\/alternativer-wohngipfel.de\/2018\/?page_id=9427"},"modified":"2020-01-06T12:52:41","modified_gmt":"2020-01-06T11:52:41","slug":"kundgebung","status":"publish","type":"page","link":"http:\/\/alternativer-wohngipfel.de\/2018\/kundgebung\/","title":{"rendered":"Kundgebung"},"content":{"rendered":"<h1 style=\"text-align: center;\">Protest am Kanzleramt<\/h1>\n<h2 class=\"p1\" style=\"text-align: center;\"><span class=\"s1\">Kundgebung am Fr. 21.9.2018, 14 Uhr<\/span><\/h2>\n<div id=\"attachment_10835\" style=\"width: 1210px\" class=\"wp-caption aligncenter\"><img loading=\"lazy\" decoding=\"async\" aria-describedby=\"caption-attachment-10835\" class=\"wp-image-10835 size-full\" src=\"http:\/\/alternativer-wohngipfel.de\/2018\/wp-content\/uploads\/sites\/3\/2018\/09\/zusammengegenmietenwahnsinn-kundgebung-hbhf-berlin-small-web-img-1017.jpg\" alt=\"\" width=\"1200\" height=\"628\" srcset=\"http:\/\/alternativer-wohngipfel.de\/2018\/wp-content\/uploads\/sites\/3\/2018\/09\/zusammengegenmietenwahnsinn-kundgebung-hbhf-berlin-small-web-img-1017.jpg 1200w, http:\/\/alternativer-wohngipfel.de\/2018\/wp-content\/uploads\/sites\/3\/2018\/09\/zusammengegenmietenwahnsinn-kundgebung-hbhf-berlin-small-web-img-1017-300x157.jpg 300w, http:\/\/alternativer-wohngipfel.de\/2018\/wp-content\/uploads\/sites\/3\/2018\/09\/zusammengegenmietenwahnsinn-kundgebung-hbhf-berlin-small-web-img-1017-768x402.jpg 768w, http:\/\/alternativer-wohngipfel.de\/2018\/wp-content\/uploads\/sites\/3\/2018\/09\/zusammengegenmietenwahnsinn-kundgebung-hbhf-berlin-small-web-img-1017-1024x536.jpg 1024w, http:\/\/alternativer-wohngipfel.de\/2018\/wp-content\/uploads\/sites\/3\/2018\/09\/zusammengegenmietenwahnsinn-kundgebung-hbhf-berlin-small-web-img-1017-624x327.jpg 624w\" sizes=\"auto, (max-width: 1200px) 100vw, 1200px\" \/><p id=\"caption-attachment-10835\" class=\"wp-caption-text\">2500 Menschen protestieren parallel zum Wohngipfel gegen die Wohnungspolitik der Bundesregierung.<\/p><\/div>\n<blockquote>\n<p class=\"p1\" style=\"text-align: center;\"><span class=\"s1\">Auf dem Washingtonplatz, vor dem Hauptbahnhof Richtung Regierungsviertel<\/span><\/p>\n<h3 class=\"p1\" style=\"text-align: center;\">Programm der Kundgebung<\/h3>\n<p style=\"text-align: left;\"><strong>11:30 Uhr \u2014<\/strong>\u00a0<a href=\"https:\/\/weact.campact.de\/petitions\/zusammen-gegen-mietenwahnsinn\" target=\"_blank\" rel=\"noopener noreferrer\"><span style=\"color: #be3061;\"><strong>\u00dcbergabe der Petition:<\/strong><\/span>\u00a0mit \u00fcber 70.000 Unterschriften<\/a> am Eingang des Kanzleramts (Szenische Performance f\u00fcr Foto-Presse geeignet)<\/p>\n<p><strong>12:00 Uhr \u2014<\/strong>\u00a0<span style=\"color: #be3061;\"><strong>Netzwerken auf dem Washingtonplatz:<\/strong><\/span> Initiativen und Organisationen sind eingeladen sich zu pr\u00e4sentieren (mit selbstmitgebrachten kleinen Info-Tischen) oder aktionistischen Beitr\u00e4gen. Auf der B\u00fchne wird ein gemischtes Programm mit Musik (Live-Band und DJane), Gespr\u00e4chen und Redebeitr\u00e4gen geboten.<\/p>\n<p><strong>14:00 Uhr \u2014 <span style=\"color: #be3061;\">Hauptkundgebung:<\/span><\/strong><span style=\"color: #be3061;\">\u00a0<\/span>Kurze Redebeitr\u00e4ge von Unterst\u00fctzer*innen aus ganz Deutschland, Pr\u00e4sentation der erarbeiteten Forderungen zu allen Themen des \u203aAlternativen Wohngipfels\u2039 und politische Live-Musik von <a href=\"http:\/\/www.christiane-roesinger.de\/\" target=\"_blank\" rel=\"noopener noreferrer\">Christiane R\u00f6singer<\/a>, <a href=\"http:\/\/www.beatyov.de\/\">Beatyov<\/a> und mit\u00a0<a href=\"http:\/\/tsootsies.tumblr.com\/\">Die Tsootsies<\/a>, die uns zum Abschluss bis 17 Uhr ordentlich einheizen werden.<\/p>\n<hr \/>\n<h4>Warum sind wir um 14 Uhr auf dem Washingtonplatz?<\/h4>\n<p>Viele fragen uns, warum wir uns zu diesem Ort und zu dieser Zeit entschieden haben. Nat\u00fcrlich wollten wir mit unserem Protest direkt vor das Kanzleramt ziehen, doch das gesamte Gel\u00e4nde im \u201ebefriedeten Bereich\u201c ist gleich mehrere Wochen vor dem 3. Oktober f\u00fcr s\u00e4mtliche gr\u00f6\u00dfere Aufbauten gesperrt. Eine Event-Agentur hat m Auftrag der Bundesregierung Vorbereitungen f\u00fcr die Feierlichkeiten zum 3. Oktober (Tag der deutschen Einheit) zu treffen. Wir sehen darin eine unangemessene Einschr\u00e4nkung der Versammlungsfreiheit und des Rechts auf freie Meinungs\u00e4u\u00dferung, mit dem die Regierung versucht, absehbare Proteste gegen den Wohngipfel m\u00f6glichst weit vom Kanzleramt weg zu halten. Der Rechtsweg erschien aber ziemlich aussichtslos. Drum sind wir auf den Platz ausgewichen, der am n\u00e4chsten dran ist und von dem man das Kanzleramt gut sehen kann. Wenigstens mit der \u00dcbergabe der Petition kommen wir aber bis an den Zaun des Kanzleramts!<\/p>\n<p>Die Uhrzeit der Kundgebung ist der Tatsache geschuldet, dass der zun\u00e4chst gro\u00dfangek\u00fcndigte Wohngipfel, zu einem 2,5 Stunden-Termin verk\u00fcrzt wurde.\u00a0Mehr Zeit hat die Bundesregierung wohl nicht f\u00fcr die Probleme der Menschen in der Wohnungskrise. Wir wollten nicht am Abend vor einem leeren Kanzleramt demonstrieren, sondern den Teilnehmer*innen des Wohngipfels ein direktes starkes Signal des Widerstands senden. Nat\u00fcrlich ist das f\u00fcr viele Arbeitende, die uns unterst\u00fctzen m\u00f6chten, kaum m\u00f6glich zu dieser Zeit zur Kundgebung zu kommen, aber wir hoffen trotzdem auf gro\u00dfe Unterst\u00fctzung!<\/p>\n<hr \/>\n<h4 class=\"p1\" style=\"text-align: left;\"><span class=\"s1\">Wir rufen auf zur Protestkundgebung gegen den #Wohngipfel von Seehofer und Merkel und f\u00fcr eine Politik, die Wohnraum f\u00fcr ALLE schafft. Verschaffen wir gemeinsam den Menschen Geh\u00f6r, die drinnen beim Mittagessen mit der Bundesregierung nicht beachtet werden!<\/span><\/h4>\n<p>Der Protest wird vielf\u00e4ltig und bunt. Viele Gruppen aus ganz Deutschland wollen sich beteiligen und deutlich machen, dass die \u00fcbergro\u00dfe Mehrheit in Deutschland mit dem wohnungspolitischen Kurs der Regierung nicht einverstanden ist. Die Bau-, D\u00e4mm- und Immo-Lobby-Politik muss endlich beendet werden. Diese wirtschaftsfreundliche und marktliberale Politik hat die Wohnungskrise verursacht.<\/p>\n<p>Der #Wohngipfel von Seehofer und Merkel soll nun das Feld bereiten f\u00fcr noch mehr Markt-Freiheit. Die Bev\u00f6lkerung in Deutschland, will aber in gro\u00dfer Mehrheit genau das Gegenteil. Darum versammeln wir uns vor dem Kanzleramt und sagen der Regierung unsere Meinung: Wohnen ist Menschenrecht \u2013 Keinen Boden der Spekulation!<\/p><\/blockquote>\n<p style=\"text-align: center;\"><span class=\"button inline\"><a href=\"http:\/\/alternativer-wohngipfel.de\/2018\/\" target=\"_blank\" rel=\"noopener noreferrer\">Aufruf lesen<\/a><\/span><\/p>\n<p style=\"text-align: center;\"><a href=\"https:\/\/www.facebook.com\/events\/521529881645414\/\" target=\"_blank\" rel=\"noopener noreferrer\">Facebook-Veranstaltung zur Kundgebung aufrufen und teilen \u2026<\/a><\/p>\n<hr \/>\n<p>Gruppen, die etwas zum B\u00fchnenprogramm der Protestkundgebung beitragen m\u00f6chten, melden sich bitte per E-Mail bei <a href=\"mailto:pr&#101;s&#115;&#101;&#64;&#97;&#108;&#116;&#101;r&#110;a&#116;i&#118;e&#114;&#45;&#119;&#111;hng&#105;&#112;fe&#108;.&#100;&#101;\">&#112;&#114;&#101;ss&#101;&#64;a&#108;&#116;&#101;r&#110;&#97;&#116;&#105;&#118;e&#114;&#45;&#119;o&#104;&#110;&#103;i&#112;&#102;&#101;l.&#100;e<\/a><\/p>\n<p>Wir freuen uns \u00fcber jede Form des bunten, friedlichen und vielf\u00e4ltigen Protests. Bringt eure Nachbar*innen mit, malt Protestplakate, erfindet Parolen oder findet eine andere Art euch auszudr\u00fccken. <strong>Zusammen gegen #Mietenwahnsinn! F\u00fcr eine Wohnungspolitik, die Wohnraum f\u00fcr ALLE schafft.<\/strong><\/p>\n<div class=\"shariff shariff-align-flex-start shariff-widget-align-flex-start\"><ul class=\"shariff-buttons theme-white orientation-horizontal buttonsize-medium\"><li class=\"shariff-button facebook shariff-nocustomcolor\" style=\"background-color:#4273c8\"><a href=\"https:\/\/www.facebook.com\/sharer\/sharer.php?u=http%3A%2F%2Falternativer-wohngipfel.de%2F2018%2Fkundgebung%2F\" title=\"Bei Facebook teilen\" aria-label=\"Bei Facebook teilen\" role=\"button\" rel=\"nofollow\" class=\"shariff-link\" style=\"; background-color:#3b5998; color:#3b5998\" target=\"_blank\"><span class=\"shariff-icon\" style=\"fill:#3b5998\"><svg width=\"32px\" height=\"20px\" xmlns=\"http:\/\/www.w3.org\/2000\/svg\" viewBox=\"0 0 18 32\"><path fill=\"#3b5998\" d=\"M17.1 0.2v4.7h-2.8q-1.5 0-2.1 0.6t-0.5 1.9v3.4h5.2l-0.7 5.3h-4.5v13.6h-5.5v-13.6h-4.5v-5.3h4.5v-3.9q0-3.3 1.9-5.2t5-1.8q2.6 0 4.1 0.2z\"\/><\/svg><\/span><span class=\"shariff-text\" style=\"color:#3b5998\">teilen<\/span>&nbsp;<\/a><\/li><li class=\"shariff-button twitter shariff-nocustomcolor\" style=\"background-color:#595959\"><a href=\"https:\/\/twitter.com\/share?url=http%3A%2F%2Falternativer-wohngipfel.de%2F2018%2Fkundgebung%2F&text=Kundgebung\" title=\"Bei X teilen\" aria-label=\"Bei X teilen\" role=\"button\" rel=\"noopener nofollow\" class=\"shariff-link\" style=\"; background-color:#000; color:#000\" target=\"_blank\"><span class=\"shariff-icon\" style=\"fill:#000\"><svg width=\"32px\" height=\"20px\" xmlns=\"http:\/\/www.w3.org\/2000\/svg\" viewBox=\"0 0 24 24\"><path fill=\"#000\" d=\"M14.258 10.152L23.176 0h-2.113l-7.747 8.813L7.133 0H0l9.352 13.328L0 23.973h2.113l8.176-9.309 6.531 9.309h7.133zm-2.895 3.293l-.949-1.328L2.875 1.56h3.246l6.086 8.523.945 1.328 7.91 11.078h-3.246zm0 0\"\/><\/svg><\/span><span class=\"shariff-text\" style=\"color:#000\">teilen<\/span>&nbsp;<\/a><\/li><li class=\"shariff-button info shariff-nocustomcolor\" style=\"background-color:#a8a8a8\"><a href=\"http:\/\/ct.de\/-2467514\" title=\"Weitere Informationen\" aria-label=\"Weitere Informationen\" role=\"button\" rel=\"noopener \" class=\"shariff-link\" style=\"; background-color:#999; color:#999\" target=\"_blank\"><span class=\"shariff-icon\" style=\"fill:#999\"><svg width=\"32px\" height=\"20px\" xmlns=\"http:\/\/www.w3.org\/2000\/svg\" viewBox=\"0 0 11 32\"><path fill=\"#999\" d=\"M11.4 24v2.3q0 0.5-0.3 0.8t-0.8 0.4h-9.1q-0.5 0-0.8-0.4t-0.4-0.8v-2.3q0-0.5 0.4-0.8t0.8-0.4h1.1v-6.8h-1.1q-0.5 0-0.8-0.4t-0.4-0.8v-2.3q0-0.5 0.4-0.8t0.8-0.4h6.8q0.5 0 0.8 0.4t0.4 0.8v10.3h1.1q0.5 0 0.8 0.4t0.3 0.8zM9.2 3.4v3.4q0 0.5-0.4 0.8t-0.8 0.4h-4.6q-0.4 0-0.8-0.4t-0.4-0.8v-3.4q0-0.4 0.4-0.8t0.8-0.4h4.6q0.5 0 0.8 0.4t0.4 0.8z\"\/><\/svg><\/span><\/a><\/li><\/ul><\/div>","protected":false},"excerpt":{"rendered":"<p>Protest am Kanzleramt Kundgebung am Fr. 21.9.2018, 14 Uhr Auf dem Washingtonplatz, vor dem Hauptbahnhof Richtung Regierungsviertel Programm der Kundgebung 11:30 Uhr \u2014\u00a0\u00dcbergabe der Petition:\u00a0mit \u00fcber 70.000 Unterschriften am Eingang [&hellip;]<\/p>\n","protected":false},"author":2,"featured_media":9798,"parent":0,"menu_order":0,"comment_status":"closed","ping_status":"closed","template":"page-templates\/full-width.php","meta":{"_acf_changed":false,"footnotes":""},"class_list":["post-9427","page","type-page","status-publish","has-post-thumbnail","hentry","has-thumbnail"],"acf":[],"yoast_head":"<!-- This site is optimized with the Yoast SEO plugin v27.3 - https:\/\/yoast.com\/product\/yoast-seo-wordpress\/ -->\n<title>Kundgebung - Zusammen gegen #Mietenwahnsinn<\/title>\n<meta name=\"robots\" content=\"index, follow, max-snippet:-1, max-image-preview:large, max-video-preview:-1\" \/>\n<link rel=\"canonical\" href=\"http:\/\/alternativer-wohngipfel.de\/2018\/kundgebung\/\" \/>\n<meta property=\"og:locale\" content=\"de_DE\" \/>\n<meta property=\"og:type\" content=\"article\" \/>\n<meta property=\"og:title\" content=\"Kundgebung - Zusammen gegen #Mietenwahnsinn\" \/>\n<meta property=\"og:description\" content=\"Protest am Kanzleramt Kundgebung am Fr. 21.9.2018, 14 Uhr Auf dem Washingtonplatz, vor dem Hauptbahnhof Richtung Regierungsviertel Programm der Kundgebung 11:30 Uhr \u2014\u00a0\u00dcbergabe der Petition:\u00a0mit \u00fcber 70.000 Unterschriften am Eingang [&hellip;]\" \/>\n<meta property=\"og:url\" content=\"http:\/\/alternativer-wohngipfel.de\/2018\/kundgebung\/\" \/>\n<meta property=\"og:site_name\" content=\"Zusammen gegen #Mietenwahnsinn\" \/>\n<meta property=\"article:modified_time\" content=\"2020-01-06T11:52:41+00:00\" \/>\n<meta property=\"og:image\" content=\"http:\/\/alternativer-wohngipfel.de\/2018\/wp-content\/uploads\/sites\/3\/2018\/08\/zusammen-gegen-mietenwahnsinn-aufruf-zum-wohngipfel-faus-anfaust-slides2.jpg\" \/>\n\t<meta property=\"og:image:width\" content=\"1050\" \/>\n\t<meta property=\"og:image:height\" content=\"550\" \/>\n\t<meta property=\"og:image:type\" content=\"image\/jpeg\" \/>\n<meta name=\"twitter:card\" content=\"summary_large_image\" \/>\n<meta name=\"twitter:label1\" content=\"Gesch\u00e4tzte Lesezeit\" \/>\n\t<meta name=\"twitter:data1\" content=\"3\u00a0Minuten\" \/>\n<script type=\"application\/ld+json\" class=\"yoast-schema-graph\">{\"@context\":\"https:\\\/\\\/schema.org\",\"@graph\":[{\"@type\":\"WebPage\",\"@id\":\"http:\\\/\\\/alternativer-wohngipfel.de\\\/2018\\\/kundgebung\\\/\",\"url\":\"http:\\\/\\\/alternativer-wohngipfel.de\\\/2018\\\/kundgebung\\\/\",\"name\":\"Kundgebung - Zusammen gegen #Mietenwahnsinn\",\"isPartOf\":{\"@id\":\"http:\\\/\\\/alternativer-wohngipfel.de\\\/2018\\\/#website\"},\"primaryImageOfPage\":{\"@id\":\"http:\\\/\\\/alternativer-wohngipfel.de\\\/2018\\\/kundgebung\\\/#primaryimage\"},\"image\":{\"@id\":\"http:\\\/\\\/alternativer-wohngipfel.de\\\/2018\\\/kundgebung\\\/#primaryimage\"},\"thumbnailUrl\":\"http:\\\/\\\/alternativer-wohngipfel.de\\\/2018\\\/wp-content\\\/uploads\\\/sites\\\/3\\\/2018\\\/08\\\/zusammen-gegen-mietenwahnsinn-aufruf-zum-wohngipfel-faus-anfaust-slides2.jpg\",\"datePublished\":\"2018-08-26T11:35:48+00:00\",\"dateModified\":\"2020-01-06T11:52:41+00:00\",\"breadcrumb\":{\"@id\":\"http:\\\/\\\/alternativer-wohngipfel.de\\\/2018\\\/kundgebung\\\/#breadcrumb\"},\"inLanguage\":\"de\",\"potentialAction\":[{\"@type\":\"ReadAction\",\"target\":[\"http:\\\/\\\/alternativer-wohngipfel.de\\\/2018\\\/kundgebung\\\/\"]}]},{\"@type\":\"ImageObject\",\"inLanguage\":\"de\",\"@id\":\"http:\\\/\\\/alternativer-wohngipfel.de\\\/2018\\\/kundgebung\\\/#primaryimage\",\"url\":\"http:\\\/\\\/alternativer-wohngipfel.de\\\/2018\\\/wp-content\\\/uploads\\\/sites\\\/3\\\/2018\\\/08\\\/zusammen-gegen-mietenwahnsinn-aufruf-zum-wohngipfel-faus-anfaust-slides2.jpg\",\"contentUrl\":\"http:\\\/\\\/alternativer-wohngipfel.de\\\/2018\\\/wp-content\\\/uploads\\\/sites\\\/3\\\/2018\\\/08\\\/zusammen-gegen-mietenwahnsinn-aufruf-zum-wohngipfel-faus-anfaust-slides2.jpg\",\"width\":1050,\"height\":550},{\"@type\":\"BreadcrumbList\",\"@id\":\"http:\\\/\\\/alternativer-wohngipfel.de\\\/2018\\\/kundgebung\\\/#breadcrumb\",\"itemListElement\":[{\"@type\":\"ListItem\",\"position\":1,\"name\":\"Startseite\",\"item\":\"http:\\\/\\\/alternativer-wohngipfel.de\\\/2018\\\/\"},{\"@type\":\"ListItem\",\"position\":2,\"name\":\"Kundgebung\"}]},{\"@type\":\"WebSite\",\"@id\":\"http:\\\/\\\/alternativer-wohngipfel.de\\\/2018\\\/#website\",\"url\":\"http:\\\/\\\/alternativer-wohngipfel.de\\\/2018\\\/\",\"name\":\"Zusammen gegen #Mietenwahnsinn\",\"description\":\"F\u00fcr eine Politik, die Wohnraum f\u00fcr ALLE schafft.\",\"potentialAction\":[{\"@type\":\"SearchAction\",\"target\":{\"@type\":\"EntryPoint\",\"urlTemplate\":\"http:\\\/\\\/alternativer-wohngipfel.de\\\/2018\\\/?s={search_term_string}\"},\"query-input\":{\"@type\":\"PropertyValueSpecification\",\"valueRequired\":true,\"valueName\":\"search_term_string\"}}],\"inLanguage\":\"de\"}]}<\/script>\n<!-- \/ Yoast SEO plugin. -->","yoast_head_json":{"title":"Kundgebung - Zusammen gegen #Mietenwahnsinn","robots":{"index":"index","follow":"follow","max-snippet":"max-snippet:-1","max-image-preview":"max-image-preview:large","max-video-preview":"max-video-preview:-1"},"canonical":"http:\/\/alternativer-wohngipfel.de\/2018\/kundgebung\/","og_locale":"de_DE","og_type":"article","og_title":"Kundgebung - Zusammen gegen #Mietenwahnsinn","og_description":"Protest am Kanzleramt Kundgebung am Fr. 21.9.2018, 14 Uhr Auf dem Washingtonplatz, vor dem Hauptbahnhof Richtung Regierungsviertel Programm der Kundgebung 11:30 Uhr \u2014\u00a0\u00dcbergabe der Petition:\u00a0mit \u00fcber 70.000 Unterschriften am Eingang [&hellip;]","og_url":"http:\/\/alternativer-wohngipfel.de\/2018\/kundgebung\/","og_site_name":"Zusammen gegen #Mietenwahnsinn","article_modified_time":"2020-01-06T11:52:41+00:00","og_image":[{"width":1050,"height":550,"url":"http:\/\/alternativer-wohngipfel.de\/2018\/wp-content\/uploads\/sites\/3\/2018\/08\/zusammen-gegen-mietenwahnsinn-aufruf-zum-wohngipfel-faus-anfaust-slides2.jpg","type":"image\/jpeg"}],"twitter_card":"summary_large_image","twitter_misc":{"Gesch\u00e4tzte Lesezeit":"3\u00a0Minuten"},"schema":{"@context":"https:\/\/schema.org","@graph":[{"@type":"WebPage","@id":"http:\/\/alternativer-wohngipfel.de\/2018\/kundgebung\/","url":"http:\/\/alternativer-wohngipfel.de\/2018\/kundgebung\/","name":"Kundgebung - Zusammen gegen #Mietenwahnsinn","isPartOf":{"@id":"http:\/\/alternativer-wohngipfel.de\/2018\/#website"},"primaryImageOfPage":{"@id":"http:\/\/alternativer-wohngipfel.de\/2018\/kundgebung\/#primaryimage"},"image":{"@id":"http:\/\/alternativer-wohngipfel.de\/2018\/kundgebung\/#primaryimage"},"thumbnailUrl":"http:\/\/alternativer-wohngipfel.de\/2018\/wp-content\/uploads\/sites\/3\/2018\/08\/zusammen-gegen-mietenwahnsinn-aufruf-zum-wohngipfel-faus-anfaust-slides2.jpg","datePublished":"2018-08-26T11:35:48+00:00","dateModified":"2020-01-06T11:52:41+00:00","breadcrumb":{"@id":"http:\/\/alternativer-wohngipfel.de\/2018\/kundgebung\/#breadcrumb"},"inLanguage":"de","potentialAction":[{"@type":"ReadAction","target":["http:\/\/alternativer-wohngipfel.de\/2018\/kundgebung\/"]}]},{"@type":"ImageObject","inLanguage":"de","@id":"http:\/\/alternativer-wohngipfel.de\/2018\/kundgebung\/#primaryimage","url":"http:\/\/alternativer-wohngipfel.de\/2018\/wp-content\/uploads\/sites\/3\/2018\/08\/zusammen-gegen-mietenwahnsinn-aufruf-zum-wohngipfel-faus-anfaust-slides2.jpg","contentUrl":"http:\/\/alternativer-wohngipfel.de\/2018\/wp-content\/uploads\/sites\/3\/2018\/08\/zusammen-gegen-mietenwahnsinn-aufruf-zum-wohngipfel-faus-anfaust-slides2.jpg","width":1050,"height":550},{"@type":"BreadcrumbList","@id":"http:\/\/alternativer-wohngipfel.de\/2018\/kundgebung\/#breadcrumb","itemListElement":[{"@type":"ListItem","position":1,"name":"Startseite","item":"http:\/\/alternativer-wohngipfel.de\/2018\/"},{"@type":"ListItem","position":2,"name":"Kundgebung"}]},{"@type":"WebSite","@id":"http:\/\/alternativer-wohngipfel.de\/2018\/#website","url":"http:\/\/alternativer-wohngipfel.de\/2018\/","name":"Zusammen gegen #Mietenwahnsinn","description":"F\u00fcr eine Politik, die Wohnraum f\u00fcr ALLE schafft.","potentialAction":[{"@type":"SearchAction","target":{"@type":"EntryPoint","urlTemplate":"http:\/\/alternativer-wohngipfel.de\/2018\/?s={search_term_string}"},"query-input":{"@type":"PropertyValueSpecification","valueRequired":true,"valueName":"search_term_string"}}],"inLanguage":"de"}]}},"_links":{"self":[{"href":"http:\/\/alternativer-wohngipfel.de\/2018\/wp-json\/wp\/v2\/pages\/9427","targetHints":{"allow":["GET"]}}],"collection":[{"href":"http:\/\/alternativer-wohngipfel.de\/2018\/wp-json\/wp\/v2\/pages"}],"about":[{"href":"http:\/\/alternativer-wohngipfel.de\/2018\/wp-json\/wp\/v2\/types\/page"}],"author":[{"embeddable":true,"href":"http:\/\/alternativer-wohngipfel.de\/2018\/wp-json\/wp\/v2\/users\/2"}],"replies":[{"embeddable":true,"href":"http:\/\/alternativer-wohngipfel.de\/2018\/wp-json\/wp\/v2\/comments?post=9427"}],"version-history":[{"count":5,"href":"http:\/\/alternativer-wohngipfel.de\/2018\/wp-json\/wp\/v2\/pages\/9427\/revisions"}],"predecessor-version":[{"id":11108,"href":"http:\/\/alternativer-wohngipfel.de\/2018\/wp-json\/wp\/v2\/pages\/9427\/revisions\/11108"}],"wp:featuredmedia":[{"embeddable":true,"href":"http:\/\/alternativer-wohngipfel.de\/2018\/wp-json\/wp\/v2\/media\/9798"}],"wp:attachment":[{"href":"http:\/\/alternativer-wohngipfel.de\/2018\/wp-json\/wp\/v2\/media?parent=9427"}],"curies":[{"name":"wp","href":"https:\/\/api.w.org\/{rel}","templated":true}]}}