{"id":9498,"date":"2018-08-27T21:14:32","date_gmt":"2018-08-27T19:14:32","guid":{"rendered":"https:\/\/alternativer-wohngipfel.de\/2018\/?page_id=9498"},"modified":"2020-01-06T12:55:24","modified_gmt":"2020-01-06T11:55:24","slug":"materialien","status":"publish","type":"page","link":"http:\/\/alternativer-wohngipfel.de\/2018\/materialien\/","title":{"rendered":"Materialien"},"content":{"rendered":"<h1 style=\"text-align: center;\">Materialien zur Mobilisierung<\/h1>\n<p style=\"text-align: left;\">Wenn euch die Entwicklung der St\u00e4dte und Regionen in Deutschland nicht egal ist, und ihr der Meinung seid, wir k\u00f6nnen unsere Ortschaften nicht einfach den Investoren und Immobilien-Fonds \u00fcberlassen, dann helft uns, die Botschaft zu verbreiten: \u00bbZusammen gegen #Mietenwahnsinn!\u00ab<\/p>\n<h2 style=\"text-align: left;\">Drucksachen<\/h2>\n<h3 style=\"text-align: left;\">Mobi-Pakete bestellen<\/h3>\n<p style=\"text-align: left;\">Der Mieterbund nimmt Bestellungen entgegen und schickt Mobi-Pakete an Verteilerstationen. Ein Paket beinhaltet zun\u00e4chst 2 Plakate A3 in pink und wei\u00df und 50 Flyer (Aufrufe). Bitte bestellt nur, wenn ihr auch wirklich Material verteilen oder auslegen k\u00f6nnt.<\/p>\n<p style=\"text-align: left;\"><span class=\"button inline\"><a href=\"mailto:info@alternativer-wohngipfel.de\">Sammelpakete bestellen<\/a><\/span><\/p>\n<h3>Abholstationen in Berlin<\/h3>\n<p><strong>Schwarze Risse im Mehringhof<\/strong><br \/>\nGneisenaustr. 2a,\u00a010961 Berlin<\/p>\n<p><strong>Schwankende Weltkugel\u00a0<\/strong><br \/>\nKastanienallee 85,\u00a010435 Berlin<\/p>\n<p><strong><span style=\"color: #993366;\">ab 15 Uhr! &gt;<\/span>\u00a0Potse &amp; Drugstore\u00a0<\/strong><br \/>\nPotsdamer Str. 180,\u00a010783 Berlin<\/p>\n<p><strong>Kiezanker 36, Familien- und Nachbarschaftszentrum Wrangelkiez<\/strong><br \/>\nCuvrystr. 13\/14,\u00a010997 Berlin<\/p>\n<p><strong>Mehrere\u00a0Berliner Mieterverein Beratungszentren<\/strong><br \/>\nFrankfurter Allee,<br \/>\nM\u00fcllerstra\u00dfe,<br \/>\nS\u00fcdstern,<br \/>\nSch\u00f6nhauser Allee,<br \/>\nWalther-Schreiber-Platz\u00a0ab 12 Uhr<br \/>\n<a href=\"https:\/\/www.berliner-mieterverein.de\/wir-ueber-uns\/beratungszentren.htm\" target=\"_blank\" rel=\"noopener noreferrer\">\u00d6ffnungszeiten\/auf der Website<\/a><\/p>\n<h3>Aufruf zum Ausdrucken<\/h3>\n<p><a href=\"http:\/\/alternativer-wohngipfel.de\/2018\/wp-content\/uploads\/sites\/3\/2018\/08\/zusammen-gegen-mietenwahnsinn-aufruf-zum-wohngipfel-dina4-color.pdf\"><img loading=\"lazy\" decoding=\"async\" class=\"wp-image-9855 size-medium alignnone\" src=\"http:\/\/alternativer-wohngipfel.de\/2018\/wp-content\/uploads\/sites\/3\/2018\/08\/aufruf-2-seitig-300x212.jpg\" alt=\"\" width=\"300\" height=\"212\" srcset=\"http:\/\/alternativer-wohngipfel.de\/2018\/wp-content\/uploads\/sites\/3\/2018\/08\/aufruf-2-seitig-300x212.jpg 300w, http:\/\/alternativer-wohngipfel.de\/2018\/wp-content\/uploads\/sites\/3\/2018\/08\/aufruf-2-seitig-768x543.jpg 768w, http:\/\/alternativer-wohngipfel.de\/2018\/wp-content\/uploads\/sites\/3\/2018\/08\/aufruf-2-seitig-624x441.jpg 624w, http:\/\/alternativer-wohngipfel.de\/2018\/wp-content\/uploads\/sites\/3\/2018\/08\/aufruf-2-seitig.jpg 849w\" sizes=\"auto, (max-width: 300px) 100vw, 300px\" \/><\/a><\/p>\n<ul>\n<li><a href=\"http:\/\/alternativer-wohngipfel.de\/2018\/wp-content\/uploads\/sites\/3\/2018\/09\/zusammen-gegen-mietenwahnsinn-aufruf-a4-color-deutsch.pdf\" target=\"_blank\" rel=\"noopener noreferrer\">Aufruf deutsch, 2-seitig, DIN A4 in Farbe (PDF)<\/a><\/li>\n<li><a href=\"http:\/\/alternativer-wohngipfel.de\/2018\/wp-content\/uploads\/sites\/3\/2018\/09\/zusammen-gegen-mietenwahnsinn-aufruf-wohngipfel-a4-color-pl.pdf\" target=\"_blank\" rel=\"noopener noreferrer\">Aufruf polnisch, DIN A4<\/a><\/li>\n<\/ul>\n<h3>Plakate<\/h3>\n<p><a href=\"http:\/\/alternativer-wohngipfel.de\/2018\/wp-content\/uploads\/sites\/3\/2018\/08\/zusammen-gegen-mietenwahnsinn-plakat-dina3-weiss-print2mm.pdf\"><img loading=\"lazy\" decoding=\"async\" class=\"alignleft wp-image-9861 size-medium\" src=\"http:\/\/alternativer-wohngipfel.de\/2018\/wp-content\/uploads\/sites\/3\/2018\/08\/plakat-a3-weiss-213x300.png\" alt=\"\" width=\"213\" height=\"300\" srcset=\"http:\/\/alternativer-wohngipfel.de\/2018\/wp-content\/uploads\/sites\/3\/2018\/08\/plakat-a3-weiss-213x300.png 213w, http:\/\/alternativer-wohngipfel.de\/2018\/wp-content\/uploads\/sites\/3\/2018\/08\/plakat-a3-weiss.png 602w\" sizes=\"auto, (max-width: 213px) 100vw, 213px\" \/><\/a><a href=\"http:\/\/alternativer-wohngipfel.de\/2018\/wp-content\/uploads\/sites\/3\/2018\/08\/zusammen-gegen-mietenwahnsinn-plakat-dina3-rot-print2mm.pdf\"><img loading=\"lazy\" decoding=\"async\" class=\"alignleft wp-image-9859 size-medium\" src=\"http:\/\/alternativer-wohngipfel.de\/2018\/wp-content\/uploads\/sites\/3\/2018\/08\/palakat-a3-rot-212x300.png\" alt=\"\" width=\"212\" height=\"300\" srcset=\"http:\/\/alternativer-wohngipfel.de\/2018\/wp-content\/uploads\/sites\/3\/2018\/08\/palakat-a3-rot-212x300.png 212w, http:\/\/alternativer-wohngipfel.de\/2018\/wp-content\/uploads\/sites\/3\/2018\/08\/palakat-a3-rot.png 600w\" sizes=\"auto, (max-width: 212px) 100vw, 212px\" \/><\/a><\/p>\n<ul>\n<li style=\"clear: both;\"><a href=\"http:\/\/alternativer-wohngipfel.de\/2018\/wp-content\/uploads\/sites\/3\/2018\/08\/zusammen-gegen-mietenwahnsinn-plakat-dina3-weiss-print2mm.pdf\" target=\"_blank\" rel=\"noopener noreferrer\">Plakat DIN A3 wei\u00df (PDF)<\/a><\/li>\n<li><a href=\"http:\/\/alternativer-wohngipfel.de\/2018\/wp-content\/uploads\/sites\/3\/2018\/08\/zusammen-gegen-mietenwahnsinn-plakat-dina3-rot-print2mm.pdf\" target=\"_blank\" rel=\"noopener noreferrer\">Plakat DIN A3 rot (PDF)<\/a><\/li>\n<\/ul>\n<h2>Web-Sachen<\/h2>\n<h3>Soli-Button und Code-Schnipsel<\/h3>\n<p>Setzt einen Soli-Button auf eure Website oder in euer Social-Media-Profil ein!<br \/>\nCode einfach kopieren an geeigneter Stelle in eure Website einsetzen:<strong><br \/>\n<\/strong><div class=\"code-example\"><a href=\"http:\/\/alternativer-wohngipfel.de\"><img decoding=\"async\" src=\"http:\/\/alternativer-wohngipfel.de\/2018\/wp-content\/uploads\/sites\/3\/2018\/08\/link-button.png\" alt=\"Wir sind dabei: Zusammen gegen #Mietenwahnsinn. Am 21. September 2018, ab 14 Uhr vor dem Kanzleramt, Washingtonplatz\" \/><\/a><\/div><div class=\"code-textarea\"><textarea class=\"copy-code\" onClick=\"this.setSelectionRange(0, this.value.length)\" readonly=\"readonly\" style=\"height:100px;\"><a href=\"http:\/\/alternativer-wohngipfel.de\"><img decoding=\"async\" src=\"http:\/\/alternativer-wohngipfel.de\/2018\/wp-content\/uploads\/sites\/3\/2018\/08\/link-button.png\" alt=\"Wir sind dabei: Zusammen gegen #Mietenwahnsinn. Am 21. September 2018, ab 14 Uhr vor dem Kanzleramt, Washingtonplatz\" \/><\/a><\/textarea><\/div><div class=\"clear\"><\/div><\/p>\n<p><strong>Logos und Bilder f\u00fcr Social Media-Verwendungen<\/strong><\/p>\n\n\t\t<style type=\"text\/css\">\n\t\t\t#gallery-1 {\n\t\t\t\tmargin: auto;\n\t\t\t}\n\t\t\t#gallery-1 .gallery-item {\n\t\t\t\tfloat: left;\n\t\t\t\tmargin-top: 10px;\n\t\t\t\ttext-align: center;\n\t\t\t\twidth: 16%;\n\t\t\t}\n\t\t\t#gallery-1 img {\n\t\t\t\tborder: 2px solid #cfcfcf;\n\t\t\t}\n\t\t\t#gallery-1 .gallery-caption {\n\t\t\t\tmargin-left: 0;\n\t\t\t}\n\t\t\t\/* see gallery_shortcode() in wp-includes\/media.php *\/\n\t\t<\/style>\n\t\t<div id='gallery-1' class='gallery galleryid-9498 gallery-columns-6 gallery-size-thumbnail'><dl class='gallery-item'>\n\t\t\t<dt class='gallery-icon landscape'>\n\t\t\t\t<a href='http:\/\/alternativer-wohngipfel.de\/2018\/wp-content\/uploads\/sites\/3\/2018\/09\/zusammen-gegen-mietenwahnsinn-logo.png'><img loading=\"lazy\" decoding=\"async\" width=\"150\" height=\"150\" src=\"http:\/\/alternativer-wohngipfel.de\/2018\/wp-content\/uploads\/sites\/3\/2018\/09\/zusammen-gegen-mietenwahnsinn-logo-150x150.png\" class=\"attachment-thumbnail size-thumbnail\" alt=\"\" \/><\/a>\n\t\t\t<\/dt><\/dl><dl class='gallery-item'>\n\t\t\t<dt class='gallery-icon landscape'>\n\t\t\t\t<a href='http:\/\/alternativer-wohngipfel.de\/2018\/wp-content\/uploads\/sites\/3\/2018\/08\/zusammen-fausten-sticker-logo.png'><img loading=\"lazy\" decoding=\"async\" width=\"150\" height=\"150\" src=\"http:\/\/alternativer-wohngipfel.de\/2018\/wp-content\/uploads\/sites\/3\/2018\/08\/zusammen-fausten-sticker-logo-150x150.png\" class=\"attachment-thumbnail size-thumbnail\" alt=\"\" \/><\/a>\n\t\t\t<\/dt><\/dl><dl class='gallery-item'>\n\t\t\t<dt class='gallery-icon landscape'>\n\t\t\t\t<a href='http:\/\/alternativer-wohngipfel.de\/2018\/wp-content\/uploads\/sites\/3\/2018\/08\/zusammen-gegen-mietenwahnsinn-aufruf-zum-wohngipfel-faus-anfaust-slides.jpg'><img loading=\"lazy\" decoding=\"async\" width=\"150\" height=\"150\" src=\"http:\/\/alternativer-wohngipfel.de\/2018\/wp-content\/uploads\/sites\/3\/2018\/08\/zusammen-gegen-mietenwahnsinn-aufruf-zum-wohngipfel-faus-anfaust-slides-150x150.jpg\" class=\"attachment-thumbnail size-thumbnail\" alt=\"\" \/><\/a>\n\t\t\t<\/dt><\/dl><dl class='gallery-item'>\n\t\t\t<dt class='gallery-icon landscape'>\n\t\t\t\t<a href='http:\/\/alternativer-wohngipfel.de\/2018\/wp-content\/uploads\/sites\/3\/2018\/08\/alternativer-wohngipfel-slide.png'><img loading=\"lazy\" decoding=\"async\" width=\"150\" height=\"150\" src=\"http:\/\/alternativer-wohngipfel.de\/2018\/wp-content\/uploads\/sites\/3\/2018\/08\/alternativer-wohngipfel-slide-150x150.png\" class=\"attachment-thumbnail size-thumbnail\" alt=\"\" \/><\/a>\n\t\t\t<\/dt><\/dl><dl class='gallery-item'>\n\t\t\t<dt class='gallery-icon landscape'>\n\t\t\t\t<a href='http:\/\/alternativer-wohngipfel.de\/2018\/wp-content\/uploads\/sites\/3\/2018\/08\/zusammen-gegen-mietenwahnsinn-aufruf-zum-wohngipfel-faus-anfaust-slides2.jpg'><img loading=\"lazy\" decoding=\"async\" width=\"150\" height=\"150\" src=\"http:\/\/alternativer-wohngipfel.de\/2018\/wp-content\/uploads\/sites\/3\/2018\/08\/zusammen-gegen-mietenwahnsinn-aufruf-zum-wohngipfel-faus-anfaust-slides2-150x150.jpg\" class=\"attachment-thumbnail size-thumbnail\" alt=\"\" \/><\/a>\n\t\t\t<\/dt><\/dl><dl class='gallery-item'>\n\t\t\t<dt class='gallery-icon landscape'>\n\t\t\t\t<a href='http:\/\/alternativer-wohngipfel.de\/2018\/wp-content\/uploads\/sites\/3\/2018\/08\/protest-am-kanzleramt-slide.png'><img loading=\"lazy\" decoding=\"async\" width=\"150\" height=\"150\" src=\"http:\/\/alternativer-wohngipfel.de\/2018\/wp-content\/uploads\/sites\/3\/2018\/08\/protest-am-kanzleramt-slide-150x150.png\" class=\"attachment-thumbnail size-thumbnail\" alt=\"\" \/><\/a>\n\t\t\t<\/dt><\/dl><br style=\"clear: both\" \/>\n\t\t<\/div>\n\n<div class=\"shariff shariff-align-left shariff-widget-align-left\"><ul class=\"shariff-buttons theme-white orientation-horizontal buttonsize-medium\"><li class=\"shariff-button facebook shariff-nocustomcolor\" style=\"background-color:#4273c8\"><a href=\"https:\/\/www.facebook.com\/sharer\/sharer.php?u=http%3A%2F%2Falternativer-wohngipfel.de%2F2018%2Fmaterialien%2F\" title=\"Bei Facebook teilen\" aria-label=\"Bei Facebook teilen\" role=\"button\" rel=\"nofollow\" class=\"shariff-link\" style=\"; background-color:#3b5998; color:#3b5998\" target=\"_blank\"><span class=\"shariff-icon\" style=\"fill:#3b5998\"><svg width=\"32px\" height=\"20px\" xmlns=\"http:\/\/www.w3.org\/2000\/svg\" viewBox=\"0 0 18 32\"><path fill=\"#3b5998\" d=\"M17.1 0.2v4.7h-2.8q-1.5 0-2.1 0.6t-0.5 1.9v3.4h5.2l-0.7 5.3h-4.5v13.6h-5.5v-13.6h-4.5v-5.3h4.5v-3.9q0-3.3 1.9-5.2t5-1.8q2.6 0 4.1 0.2z\"\/><\/svg><\/span><span class=\"shariff-text\" style=\"color:#3b5998\">teilen<\/span>&nbsp;<\/a><\/li><li class=\"shariff-button twitter shariff-nocustomcolor\" style=\"background-color:#595959\"><a href=\"https:\/\/twitter.com\/share?url=http%3A%2F%2Falternativer-wohngipfel.de%2F2018%2Fmaterialien%2F&text=Materialien\" title=\"Bei X teilen\" aria-label=\"Bei X teilen\" role=\"button\" rel=\"noopener nofollow\" class=\"shariff-link\" style=\"; background-color:#000; color:#000\" target=\"_blank\"><span class=\"shariff-icon\" style=\"fill:#000\"><svg width=\"32px\" height=\"20px\" xmlns=\"http:\/\/www.w3.org\/2000\/svg\" viewBox=\"0 0 24 24\"><path fill=\"#000\" d=\"M14.258 10.152L23.176 0h-2.113l-7.747 8.813L7.133 0H0l9.352 13.328L0 23.973h2.113l8.176-9.309 6.531 9.309h7.133zm-2.895 3.293l-.949-1.328L2.875 1.56h3.246l6.086 8.523.945 1.328 7.91 11.078h-3.246zm0 0\"\/><\/svg><\/span><span class=\"shariff-text\" style=\"color:#000\">teilen<\/span>&nbsp;<\/a><\/li><li class=\"shariff-button info shariff-nocustomcolor\" style=\"background-color:#a8a8a8\"><a href=\"http:\/\/ct.de\/-2467514\" title=\"Weitere Informationen\" aria-label=\"Weitere Informationen\" role=\"button\" rel=\"noopener \" class=\"shariff-link\" style=\"; background-color:#999; color:#999\" target=\"_blank\"><span class=\"shariff-icon\" style=\"fill:#999\"><svg width=\"32px\" height=\"20px\" xmlns=\"http:\/\/www.w3.org\/2000\/svg\" viewBox=\"0 0 11 32\"><path fill=\"#999\" d=\"M11.4 24v2.3q0 0.5-0.3 0.8t-0.8 0.4h-9.1q-0.5 0-0.8-0.4t-0.4-0.8v-2.3q0-0.5 0.4-0.8t0.8-0.4h1.1v-6.8h-1.1q-0.5 0-0.8-0.4t-0.4-0.8v-2.3q0-0.5 0.4-0.8t0.8-0.4h6.8q0.5 0 0.8 0.4t0.4 0.8v10.3h1.1q0.5 0 0.8 0.4t0.3 0.8zM9.2 3.4v3.4q0 0.5-0.4 0.8t-0.8 0.4h-4.6q-0.4 0-0.8-0.4t-0.4-0.8v-3.4q0-0.4 0.4-0.8t0.8-0.4h4.6q0.5 0 0.8 0.4t0.4 0.8z\"\/><\/svg><\/span><\/a><\/li><\/ul><\/div>","protected":false},"excerpt":{"rendered":"<p>Materialien zur Mobilisierung Wenn euch die Entwicklung der St\u00e4dte und Regionen in Deutschland nicht egal ist, und ihr der Meinung seid, wir k\u00f6nnen unsere Ortschaften nicht einfach den Investoren und [&hellip;]<\/p>\n","protected":false},"author":2,"featured_media":10434,"parent":0,"menu_order":0,"comment_status":"closed","ping_status":"closed","template":"page-templates\/full-width.php","meta":{"_acf_changed":false,"footnotes":""},"class_list":["post-9498","page","type-page","status-publish","has-post-thumbnail","hentry","has-thumbnail"],"acf":[],"yoast_head":"<!-- This site is optimized with the Yoast SEO plugin v27.4 - https:\/\/yoast.com\/product\/yoast-seo-wordpress\/ -->\n<title>Materialien - Zusammen gegen #Mietenwahnsinn<\/title>\n<meta name=\"robots\" content=\"index, follow, max-snippet:-1, max-image-preview:large, max-video-preview:-1\" \/>\n<link rel=\"canonical\" href=\"http:\/\/alternativer-wohngipfel.de\/2018\/materialien\/\" \/>\n<meta property=\"og:locale\" content=\"de_DE\" \/>\n<meta property=\"og:type\" content=\"article\" \/>\n<meta property=\"og:title\" content=\"Materialien - Zusammen gegen #Mietenwahnsinn\" \/>\n<meta property=\"og:description\" content=\"Materialien zur Mobilisierung Wenn euch die Entwicklung der St\u00e4dte und Regionen in Deutschland nicht egal ist, und ihr der Meinung seid, wir k\u00f6nnen unsere Ortschaften nicht einfach den Investoren und [&hellip;]\" \/>\n<meta property=\"og:url\" content=\"http:\/\/alternativer-wohngipfel.de\/2018\/materialien\/\" \/>\n<meta property=\"og:site_name\" content=\"Zusammen gegen #Mietenwahnsinn\" \/>\n<meta property=\"article:modified_time\" content=\"2020-01-06T11:55:24+00:00\" \/>\n<meta property=\"og:image\" content=\"http:\/\/alternativer-wohngipfel.de\/2018\/wp-content\/uploads\/sites\/3\/2018\/09\/41620631-10217746833600362-5590352036886478848-n.jpg\" \/>\n\t<meta property=\"og:image:width\" content=\"636\" \/>\n\t<meta property=\"og:image:height\" content=\"960\" \/>\n\t<meta property=\"og:image:type\" content=\"image\/jpeg\" \/>\n<meta name=\"twitter:card\" content=\"summary_large_image\" \/>\n<meta name=\"twitter:label1\" content=\"Gesch\u00e4tzte Lesezeit\" \/>\n\t<meta name=\"twitter:data1\" content=\"1\u00a0Minute\" \/>\n<script type=\"application\/ld+json\" class=\"yoast-schema-graph\">{\"@context\":\"https:\\\/\\\/schema.org\",\"@graph\":[{\"@type\":\"WebPage\",\"@id\":\"http:\\\/\\\/alternativer-wohngipfel.de\\\/2018\\\/materialien\\\/\",\"url\":\"http:\\\/\\\/alternativer-wohngipfel.de\\\/2018\\\/materialien\\\/\",\"name\":\"Materialien - Zusammen gegen #Mietenwahnsinn\",\"isPartOf\":{\"@id\":\"http:\\\/\\\/alternativer-wohngipfel.de\\\/2018\\\/#website\"},\"primaryImageOfPage\":{\"@id\":\"http:\\\/\\\/alternativer-wohngipfel.de\\\/2018\\\/materialien\\\/#primaryimage\"},\"image\":{\"@id\":\"http:\\\/\\\/alternativer-wohngipfel.de\\\/2018\\\/materialien\\\/#primaryimage\"},\"thumbnailUrl\":\"http:\\\/\\\/alternativer-wohngipfel.de\\\/2018\\\/wp-content\\\/uploads\\\/sites\\\/3\\\/2018\\\/09\\\/41620631-10217746833600362-5590352036886478848-n.jpg\",\"datePublished\":\"2018-08-27T19:14:32+00:00\",\"dateModified\":\"2020-01-06T11:55:24+00:00\",\"breadcrumb\":{\"@id\":\"http:\\\/\\\/alternativer-wohngipfel.de\\\/2018\\\/materialien\\\/#breadcrumb\"},\"inLanguage\":\"de\",\"potentialAction\":[{\"@type\":\"ReadAction\",\"target\":[\"http:\\\/\\\/alternativer-wohngipfel.de\\\/2018\\\/materialien\\\/\"]}]},{\"@type\":\"ImageObject\",\"inLanguage\":\"de\",\"@id\":\"http:\\\/\\\/alternativer-wohngipfel.de\\\/2018\\\/materialien\\\/#primaryimage\",\"url\":\"http:\\\/\\\/alternativer-wohngipfel.de\\\/2018\\\/wp-content\\\/uploads\\\/sites\\\/3\\\/2018\\\/09\\\/41620631-10217746833600362-5590352036886478848-n.jpg\",\"contentUrl\":\"http:\\\/\\\/alternativer-wohngipfel.de\\\/2018\\\/wp-content\\\/uploads\\\/sites\\\/3\\\/2018\\\/09\\\/41620631-10217746833600362-5590352036886478848-n.jpg\",\"width\":636,\"height\":960},{\"@type\":\"BreadcrumbList\",\"@id\":\"http:\\\/\\\/alternativer-wohngipfel.de\\\/2018\\\/materialien\\\/#breadcrumb\",\"itemListElement\":[{\"@type\":\"ListItem\",\"position\":1,\"name\":\"Startseite\",\"item\":\"http:\\\/\\\/alternativer-wohngipfel.de\\\/2018\\\/\"},{\"@type\":\"ListItem\",\"position\":2,\"name\":\"Materialien\"}]},{\"@type\":\"WebSite\",\"@id\":\"http:\\\/\\\/alternativer-wohngipfel.de\\\/2018\\\/#website\",\"url\":\"http:\\\/\\\/alternativer-wohngipfel.de\\\/2018\\\/\",\"name\":\"Zusammen gegen #Mietenwahnsinn\",\"description\":\"F\u00fcr eine Politik, die Wohnraum f\u00fcr ALLE schafft.\",\"potentialAction\":[{\"@type\":\"SearchAction\",\"target\":{\"@type\":\"EntryPoint\",\"urlTemplate\":\"http:\\\/\\\/alternativer-wohngipfel.de\\\/2018\\\/?s={search_term_string}\"},\"query-input\":{\"@type\":\"PropertyValueSpecification\",\"valueRequired\":true,\"valueName\":\"search_term_string\"}}],\"inLanguage\":\"de\"}]}<\/script>\n<!-- \/ Yoast SEO plugin. -->","yoast_head_json":{"title":"Materialien - Zusammen gegen #Mietenwahnsinn","robots":{"index":"index","follow":"follow","max-snippet":"max-snippet:-1","max-image-preview":"max-image-preview:large","max-video-preview":"max-video-preview:-1"},"canonical":"http:\/\/alternativer-wohngipfel.de\/2018\/materialien\/","og_locale":"de_DE","og_type":"article","og_title":"Materialien - Zusammen gegen #Mietenwahnsinn","og_description":"Materialien zur Mobilisierung Wenn euch die Entwicklung der St\u00e4dte und Regionen in Deutschland nicht egal ist, und ihr der Meinung seid, wir k\u00f6nnen unsere Ortschaften nicht einfach den Investoren und [&hellip;]","og_url":"http:\/\/alternativer-wohngipfel.de\/2018\/materialien\/","og_site_name":"Zusammen gegen #Mietenwahnsinn","article_modified_time":"2020-01-06T11:55:24+00:00","og_image":[{"width":636,"height":960,"url":"http:\/\/alternativer-wohngipfel.de\/2018\/wp-content\/uploads\/sites\/3\/2018\/09\/41620631-10217746833600362-5590352036886478848-n.jpg","type":"image\/jpeg"}],"twitter_card":"summary_large_image","twitter_misc":{"Gesch\u00e4tzte Lesezeit":"1\u00a0Minute"},"schema":{"@context":"https:\/\/schema.org","@graph":[{"@type":"WebPage","@id":"http:\/\/alternativer-wohngipfel.de\/2018\/materialien\/","url":"http:\/\/alternativer-wohngipfel.de\/2018\/materialien\/","name":"Materialien - Zusammen gegen #Mietenwahnsinn","isPartOf":{"@id":"http:\/\/alternativer-wohngipfel.de\/2018\/#website"},"primaryImageOfPage":{"@id":"http:\/\/alternativer-wohngipfel.de\/2018\/materialien\/#primaryimage"},"image":{"@id":"http:\/\/alternativer-wohngipfel.de\/2018\/materialien\/#primaryimage"},"thumbnailUrl":"http:\/\/alternativer-wohngipfel.de\/2018\/wp-content\/uploads\/sites\/3\/2018\/09\/41620631-10217746833600362-5590352036886478848-n.jpg","datePublished":"2018-08-27T19:14:32+00:00","dateModified":"2020-01-06T11:55:24+00:00","breadcrumb":{"@id":"http:\/\/alternativer-wohngipfel.de\/2018\/materialien\/#breadcrumb"},"inLanguage":"de","potentialAction":[{"@type":"ReadAction","target":["http:\/\/alternativer-wohngipfel.de\/2018\/materialien\/"]}]},{"@type":"ImageObject","inLanguage":"de","@id":"http:\/\/alternativer-wohngipfel.de\/2018\/materialien\/#primaryimage","url":"http:\/\/alternativer-wohngipfel.de\/2018\/wp-content\/uploads\/sites\/3\/2018\/09\/41620631-10217746833600362-5590352036886478848-n.jpg","contentUrl":"http:\/\/alternativer-wohngipfel.de\/2018\/wp-content\/uploads\/sites\/3\/2018\/09\/41620631-10217746833600362-5590352036886478848-n.jpg","width":636,"height":960},{"@type":"BreadcrumbList","@id":"http:\/\/alternativer-wohngipfel.de\/2018\/materialien\/#breadcrumb","itemListElement":[{"@type":"ListItem","position":1,"name":"Startseite","item":"http:\/\/alternativer-wohngipfel.de\/2018\/"},{"@type":"ListItem","position":2,"name":"Materialien"}]},{"@type":"WebSite","@id":"http:\/\/alternativer-wohngipfel.de\/2018\/#website","url":"http:\/\/alternativer-wohngipfel.de\/2018\/","name":"Zusammen gegen #Mietenwahnsinn","description":"F\u00fcr eine Politik, die Wohnraum f\u00fcr ALLE schafft.","potentialAction":[{"@type":"SearchAction","target":{"@type":"EntryPoint","urlTemplate":"http:\/\/alternativer-wohngipfel.de\/2018\/?s={search_term_string}"},"query-input":{"@type":"PropertyValueSpecification","valueRequired":true,"valueName":"search_term_string"}}],"inLanguage":"de"}]}},"_links":{"self":[{"href":"http:\/\/alternativer-wohngipfel.de\/2018\/wp-json\/wp\/v2\/pages\/9498","targetHints":{"allow":["GET"]}}],"collection":[{"href":"http:\/\/alternativer-wohngipfel.de\/2018\/wp-json\/wp\/v2\/pages"}],"about":[{"href":"http:\/\/alternativer-wohngipfel.de\/2018\/wp-json\/wp\/v2\/types\/page"}],"author":[{"embeddable":true,"href":"http:\/\/alternativer-wohngipfel.de\/2018\/wp-json\/wp\/v2\/users\/2"}],"replies":[{"embeddable":true,"href":"http:\/\/alternativer-wohngipfel.de\/2018\/wp-json\/wp\/v2\/comments?post=9498"}],"version-history":[{"count":7,"href":"http:\/\/alternativer-wohngipfel.de\/2018\/wp-json\/wp\/v2\/pages\/9498\/revisions"}],"predecessor-version":[{"id":11111,"href":"http:\/\/alternativer-wohngipfel.de\/2018\/wp-json\/wp\/v2\/pages\/9498\/revisions\/11111"}],"wp:featuredmedia":[{"embeddable":true,"href":"http:\/\/alternativer-wohngipfel.de\/2018\/wp-json\/wp\/v2\/media\/10434"}],"wp:attachment":[{"href":"http:\/\/alternativer-wohngipfel.de\/2018\/wp-json\/wp\/v2\/media?parent=9498"}],"curies":[{"name":"wp","href":"https:\/\/api.w.org\/{rel}","templated":true}]}}